{"id":99,"date":"2025-10-01T17:15:04","date_gmt":"2025-10-01T17:15:04","guid":{"rendered":"https:\/\/nigelux.com\/shop\/?post_type=product&#038;p=99"},"modified":"2026-04-09T14:30:57","modified_gmt":"2026-04-09T14:30:57","slug":"masque-royal","status":"publish","type":"product","link":"https:\/\/nigelux.com\/en\/product\/masque-royal\/","title":{"rendered":"Masque Royal Renaissance &#8211; Cure de pousse intensive &#038; Reconstruction Mol\u00e9culaire"},"content":{"rendered":"<p data-start=\"360\" data-end=\"479\"><strong data-start=\"360\" data-end=\"404\">Nigelux \u2013 Masque capillaire rituel royal<\/strong><br data-start=\"404\" data-end=\"407\" \/>Un soin d\u2019exception, pens\u00e9 comme un \u00e9lixir de beaut\u00e9 pour vos cheveux.<\/p>\n<p data-start=\"481\" data-end=\"773\">L\u00e0 o\u00f9 les masques classiques se contentent d\u2019enrober la fibre capillaire d\u2019agents artificiels, <strong data-start=\"576\" data-end=\"675\">Nigelux r\u00e9pare en profondeur, nourrit intens\u00e9ment et stimule la force naturelle de vos cheveux.<\/strong> Sa texture onctueuse enveloppe la chevelure pour lui redonner souplesse, brillance et vitalit\u00e9.<\/p>\n<p data-start=\"775\" data-end=\"821\">\u2728 <strong data-start=\"777\" data-end=\"817\">Une formule pr\u00e9cieuse et r\u00e9paratrice<\/strong> :<\/p>\n<ul data-start=\"822\" data-end=\"1353\">\n<li data-start=\"822\" data-end=\"899\">\n<p data-start=\"824\" data-end=\"899\"><strong data-start=\"824\" data-end=\"848\">Huile de Nigelle bio<\/strong> : r\u00e9g\u00e9n\u00e9rante, fortifiante, stimule la repousse.<\/p>\n<\/li>\n<li data-start=\"900\" data-end=\"970\">\n<p data-start=\"902\" data-end=\"970\"><strong data-start=\"902\" data-end=\"924\">Huile de Ricin bio<\/strong> : renforce et densifie la fibre capillaire.<\/p>\n<\/li>\n<li data-start=\"971\" data-end=\"1052\">\n<p data-start=\"973\" data-end=\"1052\"><strong data-start=\"973\" data-end=\"999\">Huile de Bourrache bio<\/strong> : hydrate, redonne souplesse et pr\u00e9vient la casse.<\/p>\n<\/li>\n<li data-start=\"1053\" data-end=\"1134\">\n<p data-start=\"1055\" data-end=\"1134\"><strong data-start=\"1055\" data-end=\"1078\">Huile de Jojoba bio<\/strong> : \u00e9quilibre le cuir chevelu et apporte \u00e9clat naturel.<\/p>\n<\/li>\n<li data-start=\"1135\" data-end=\"1255\">\n<p data-start=\"1137\" data-end=\"1255\"><strong data-start=\"1137\" data-end=\"1158\">Extraits v\u00e9g\u00e9taux<\/strong> : soja, bl\u00e9 et scutellaire, riches en antioxydants, pour prot\u00e9ger et revitaliser la chevelure.<\/p>\n<\/li>\n<li data-start=\"1256\" data-end=\"1353\">\n<p data-start=\"1258\" data-end=\"1353\"><strong data-start=\"1258\" data-end=\"1295\">Beurre de karit\u00e9 &amp; cire d\u2019abeille<\/strong> : r\u00e9parent et nourrissent en profondeur, sans alourdir.<\/p>\n<\/li>\n<\/ul>\n<p data-start=\"1355\" data-end=\"1480\">R\u00e9sultat : des cheveux intens\u00e9ment nourris, plus r\u00e9sistants, faciles \u00e0 coiffer et envelopp\u00e9s d\u2019un parfum subtil et raffin\u00e9.<\/p>\n<p data-start=\"1482\" data-end=\"1691\">\ud83d\udd25 <strong data-start=\"1485\" data-end=\"1515\">Pourquoi choisir Nigelux ?<\/strong><br data-start=\"1515\" data-end=\"1518\" \/>Parce que vos cheveux m\u00e9ritent bien plus qu\u2019un simple masque. Avec Nigelux, chaque application devient un rituel royal : <strong data-start=\"1639\" data-end=\"1688\">force, r\u00e9paration, brillance et sant\u00e9 durable<\/strong>.<\/p>\n<p data-start=\"1693\" data-end=\"1766\">\ud83c\udf3f <strong data-start=\"1696\" data-end=\"1764\">100% naturel, bio, sans silicone, sans parab\u00e8ne, sans compromis.<\/strong><\/p>\n<p data-start=\"1768\" data-end=\"1853\">\ud83d\udc49 Offrez \u00e0 vos cheveux une cure luxueuse digne des secrets de beaut\u00e9 de Cl\u00e9op\u00e2tre.<\/p>","protected":false},"excerpt":{"rendered":"<p>Un masque capillaire premium qui r\u00e9pare, nourrit et revitalise en profondeur gr\u00e2ce \u00e0 l\u2019huile de Nigelle et un m\u00e9lange d\u2019huiles pr\u00e9cieuses bio. Vos cheveux retrouvent force, \u00e9clat et douceur royale.<\/p>","protected":false},"featured_media":1850,"comment_status":"open","ping_status":"closed","template":"","meta":{"_glsr_average":0,"_glsr_ranking":0,"_glsr_reviews":0},"product_brand":[],"product_cat":[17],"product_tag":[],"class_list":{"0":"post-99","1":"product","2":"type-product","3":"status-publish","4":"has-post-thumbnail","6":"product_cat-rituel-royal","8":"first","9":"outofstock","10":"shipping-taxable","11":"purchasable","12":"product-type-simple"},"_links":{"self":[{"href":"https:\/\/nigelux.com\/en\/wp-json\/wp\/v2\/product\/99","targetHints":{"allow":["GET"]}}],"collection":[{"href":"https:\/\/nigelux.com\/en\/wp-json\/wp\/v2\/product"}],"about":[{"href":"https:\/\/nigelux.com\/en\/wp-json\/wp\/v2\/types\/product"}],"replies":[{"embeddable":true,"href":"https:\/\/nigelux.com\/en\/wp-json\/wp\/v2\/comments?post=99"}],"version-history":[{"count":3,"href":"https:\/\/nigelux.com\/en\/wp-json\/wp\/v2\/product\/99\/revisions"}],"predecessor-version":[{"id":1878,"href":"https:\/\/nigelux.com\/en\/wp-json\/wp\/v2\/product\/99\/revisions\/1878"}],"wp:featuredmedia":[{"embeddable":true,"href":"https:\/\/nigelux.com\/en\/wp-json\/wp\/v2\/media\/1850"}],"wp:attachment":[{"href":"https:\/\/nigelux.com\/en\/wp-json\/wp\/v2\/media?parent=99"}],"wp:term":[{"taxonomy":"product_brand","embeddable":true,"href":"https:\/\/nigelux.com\/en\/wp-json\/wp\/v2\/product_brand?post=99"},{"taxonomy":"product_cat","embeddable":true,"href":"https:\/\/nigelux.com\/en\/wp-json\/wp\/v2\/product_cat?post=99"},{"taxonomy":"product_tag","embeddable":true,"href":"https:\/\/nigelux.com\/en\/wp-json\/wp\/v2\/product_tag?post=99"}],"curies":[{"name":"wp","href":"https:\/\/api.w.org\/{rel}","templated":true}]}}