{"id":94,"date":"2025-10-01T17:02:16","date_gmt":"2025-10-01T17:02:16","guid":{"rendered":"https:\/\/nigelux.com\/shop\/?post_type=product&#038;p=94"},"modified":"2026-04-09T17:23:56","modified_gmt":"2026-04-09T17:23:56","slug":"shampoing-soin-regenerant","status":"publish","type":"product","link":"https:\/\/nigelux.com\/en\/product\/shampoing-soin-regenerant\/","title":{"rendered":"Regenerating Care Shampoo with organic Nigella &amp; Baicapil\u2122"},"content":{"rendered":"<h4>Le Rituel d\u2019Ankh<\/h4>\n<h4>Pour qui ?<\/h4>\n<p>Pens\u00e9 pour les cheveux en qu\u00eate d&rsquo;\u00e9quilibre, de force et de densit\u00e9. Convient au cuirs chevelus sensibles et aux cheveux fragilis\u00e9s.<\/p>\n<h4 data-start=\"788\" data-end=\"827\">Inspir\u00e9 des gestes mill\u00e9naires<\/h4>\n<p data-start=\"828\" data-end=\"1155\">Dans l\u2019\u00c9gypte antique, <strong>reines, pr\u00eatresses, pharaons et grands pr\u00eatres<\/strong> pratiquaient des rituels capillaires sacr\u00e9s. Les huiles pr\u00e9cieuses \u00e9taient vers\u00e9es lentement sur la chevelure, puis travaill\u00e9es par des gestes lents et pr\u00e9cis, puis la faisaient p\u00e9n\u00e9trer avec des peignes d\u2019ivoire ou de bois pr\u00e9cieux afin de purifier le cuir chevelu, <strong>stimuler la circulation et renforcer la force vitale du cheveu.<\/strong>\u00a0<br data-start=\"1075\" data-end=\"1078\" \/>Ces gestes n&rsquo;\u00e9taient pas de simples soins, mais des <strong>rituels de puissance, de renaissance et de transmission<\/strong>, r\u00e9serv\u00e9s \u00e0 celles et ceux qui r\u00e9gnaient, guidaient ou prot\u00e9geaient.<\/p>\n<h4 data-start=\"1157\" data-end=\"1197\">Le Rituel Royal par Nigelux :<\/h4>\n<blockquote data-start=\"1198\" data-end=\"1659\">\n<p data-start=\"1200\" data-end=\"1659\">\ud83d\udfe0Appliquez le shampoing sur cuir chevelu humide.<br data-start=\"1251\" data-end=\"1254\" \/>\ud83d\udfe0Massez lentement en gestes circulaires de 30 \u00e0 60 secondes, du sommet du cr\u00e2ne vers la nuque, comme pour \u201cr\u00e9veiller\u201d le cuir chevelu.<br data-start=\"1373\" data-end=\"1376\" \/>\ud83d\udfe0Passez un <strong data-start=\"1392\" data-end=\"1417\">peigne \u00e0 dents larges<\/strong> (en bois ou corne naturelle) pour r\u00e9partir le soin jusqu\u2019aux pointes \u2014 un geste inspir\u00e9 du rituel \u00e9gyptien.<br data-start=\"1525\" data-end=\"1528\" \/>\ud83d\udfe0Laissez agir 1 \u00e0 2 minutes.<br data-start=\"1565\" data-end=\"1568\" \/>\ud83d\udfe0Rincez \u00e0 l\u2019eau ti\u00e8de, tout en visualisant la purification du cheveu et de l\u2019esprit.<\/p>\n<p data-start=\"1200\" data-end=\"1659\">\n<\/blockquote>\n<h4 data-start=\"1661\" data-end=\"1904\"><strong>Le Rituel &amp; son Rythme<\/strong><\/h4>\n<p data-start=\"1661\" data-end=\"1904\">Le Rituel Royal s&rsquo;adapte \u00e0 la nature du cuir chevelu et au besoins de la chevelure. Sa formule douce, sans sulfates ni silicones, respecte l&rsquo;\u00e9quilibre naturel et permet une utilisation r\u00e9guli\u00e8re, sans agresser.<\/p>\n<h4 data-start=\"1661\" data-end=\"1904\"><strong>Selon la nature de votre chevelure :<\/strong><\/h4>\n<p data-start=\"1661\" data-end=\"1904\"><strong>Cheveux sec ou boucl\u00e9s <\/strong><\/p>\n<p data-start=\"1661\" data-end=\"1904\">Respecter le rythme naturel du cuir chevelu. Compl\u00e9ter avec un soin nourrissant sur les longueurs.<\/p>\n<p data-start=\"1661\" data-end=\"1904\"><strong>Cheveux normaux<\/strong><\/p>\n<p data-start=\"1661\" data-end=\"1904\">Int\u00e9grer le Rituel dans une routine \u00e9quilibr\u00e9e, en laissant au cuir chevelu le temps de b\u00e9n\u00e9ficier de sa protection naturelle.<\/p>\n<p data-start=\"1661\" data-end=\"1904\"><strong>Cheveux \u00e0 tendance grasse<\/strong><\/p>\n<p data-start=\"1661\" data-end=\"1904\">Peut \u00eatre utilis\u00e9 r\u00e9guli\u00e8rement pour purifier et r\u00e9\u00e9quilibrer le cuir chevelu, sans stimuler l&rsquo;exc\u00e8s de s\u00e9bum.<\/p>","protected":false},"excerpt":{"rendered":"<p>98,5 % d\u2019ingr\u00e9dients d\u2019origine naturelle \u2013 Sans sulfates \u2013 Made in France<\/p>\n<p>&nbsp;<\/p>\n<p>&nbsp;<\/p>\n<div dir=\"auto\">Plongez dans le <strong>rituel ancestral de beaut\u00e9 \u00e9gyptienne.<\/strong><\/div>\n<div dir=\"auto\">Le <strong>Shampoing Rituel Royal<\/strong> marie la <strong>Nigelle bio<\/strong>, tr\u00e9sor l\u00e9gendaire de Cl\u00e9op\u00e2tre, \u00e0 <strong>Baicapil<\/strong>\u2122.<\/div>\n<div dir=\"auto\"><\/div>\n<div dir=\"auto\">Un complexe v\u00e9g\u00e9tal brevet\u00e9 reconnu pour <strong>stimuler la croissance et renforcer les cheveux \u00e0 la racine<\/strong>.<\/div>\n<div dir=\"auto\"><\/div>\n<div dir=\"auto\">Une texture sensorielle, une mousse d\u00e9licate et un parfum envo\u00fbtant pour des cheveux plus <strong>forts, denses et lumineux<\/strong> d\u00e8s les premi\u00e8res utilisations.<\/div>\n<div dir=\"auto\"><\/div>\n<div dir=\"auto\"><\/div>\n<div dir=\"auto\">LES BIENFAITS VISIBLES<\/div>\n<div dir=\"auto\">\n<div dir=\"auto\">\n<div dir=\"auto\" data-olk-copy-source=\"MessageBody\">\ud83d\udfe0Favorise la croissance naturelle<\/div>\n<div dir=\"auto\">\ud83d\udfe0Renforce la fibre capillaire<\/div>\n<div dir=\"auto\">\ud83d\udfe0Redonne brillance et densit\u00e9<\/div>\n<div dir=\"auto\">\ud83d\udfe0Vegan &amp; fabriqu\u00e9 en France<\/div>\n<\/div>\n<div dir=\"auto\">\ud83d\udfe0Apaise et \u00e9quilibre le cuir chevelu<\/div>\n<div dir=\"auto\">\ud83d\udfe0Aide \u00e0 freiner la chute<\/div>\n<div dir=\"auto\">\ud83d\udfe0Nettoie en douceur sans agresser<\/div>\n<div dir=\"auto\">\ud83d\udfe0Sans sulfates, sans silicones, sans parab\u00e8nes<\/div>\n<\/div>","protected":false},"featured_media":780,"comment_status":"open","ping_status":"closed","template":"","meta":{"_glsr_average":0,"_glsr_ranking":0,"_glsr_reviews":0},"product_brand":[],"product_cat":[26],"product_tag":[],"class_list":{"0":"post-94","1":"product","2":"type-product","3":"status-publish","4":"has-post-thumbnail","6":"product_cat-shampoing","8":"first","9":"instock","10":"shipping-taxable","11":"purchasable","12":"product-type-simple"},"_links":{"self":[{"href":"https:\/\/nigelux.com\/en\/wp-json\/wp\/v2\/product\/94","targetHints":{"allow":["GET"]}}],"collection":[{"href":"https:\/\/nigelux.com\/en\/wp-json\/wp\/v2\/product"}],"about":[{"href":"https:\/\/nigelux.com\/en\/wp-json\/wp\/v2\/types\/product"}],"replies":[{"embeddable":true,"href":"https:\/\/nigelux.com\/en\/wp-json\/wp\/v2\/comments?post=94"}],"version-history":[{"count":5,"href":"https:\/\/nigelux.com\/en\/wp-json\/wp\/v2\/product\/94\/revisions"}],"predecessor-version":[{"id":947,"href":"https:\/\/nigelux.com\/en\/wp-json\/wp\/v2\/product\/94\/revisions\/947"}],"wp:featuredmedia":[{"embeddable":true,"href":"https:\/\/nigelux.com\/en\/wp-json\/wp\/v2\/media\/780"}],"wp:attachment":[{"href":"https:\/\/nigelux.com\/en\/wp-json\/wp\/v2\/media?parent=94"}],"wp:term":[{"taxonomy":"product_brand","embeddable":true,"href":"https:\/\/nigelux.com\/en\/wp-json\/wp\/v2\/product_brand?post=94"},{"taxonomy":"product_cat","embeddable":true,"href":"https:\/\/nigelux.com\/en\/wp-json\/wp\/v2\/product_cat?post=94"},{"taxonomy":"product_tag","embeddable":true,"href":"https:\/\/nigelux.com\/en\/wp-json\/wp\/v2\/product_tag?post=94"}],"curies":[{"name":"wp","href":"https:\/\/api.w.org\/{rel}","templated":true}]}}