{"id":1938,"date":"2026-04-09T17:03:23","date_gmt":"2026-04-09T17:03:23","guid":{"rendered":"https:\/\/nigelux.com\/?post_type=product&#038;p=1938"},"modified":"2026-04-09T17:03:23","modified_gmt":"2026-04-09T17:03:23","slug":"la-cure-absolue-gloss-pousse-lapogee-moleculaire-croissance-infinie-eclat-eternel","status":"publish","type":"product","link":"https:\/\/nigelux.com\/en\/product\/la-cure-absolue-gloss-pousse-lapogee-moleculaire-croissance-infinie-eclat-eternel\/","title":{"rendered":"LA CURE ABSOLUE \u00ab\u00a0GLOSS &#038; POUSSE &#8211; L&rsquo;Apog\u00e9e Mol\u00e9culaire : Croissance Infinie &#038; \u00c9clat \u00c9ternel."},"content":{"rendered":"","protected":false},"excerpt":{"rendered":"","protected":false},"featured_media":1939,"comment_status":"open","ping_status":"closed","template":"","meta":{"_glsr_average":0,"_glsr_ranking":0,"_glsr_reviews":0},"product_brand":[],"product_cat":[15],"product_tag":[],"class_list":{"0":"post-1938","1":"product","2":"type-product","3":"status-publish","4":"has-post-thumbnail","6":"product_cat-non-classe","8":"first","9":"outofstock","10":"sale","11":"shipping-taxable","12":"purchasable","13":"product-type-simple"},"_links":{"self":[{"href":"https:\/\/nigelux.com\/en\/wp-json\/wp\/v2\/product\/1938","targetHints":{"allow":["GET"]}}],"collection":[{"href":"https:\/\/nigelux.com\/en\/wp-json\/wp\/v2\/product"}],"about":[{"href":"https:\/\/nigelux.com\/en\/wp-json\/wp\/v2\/types\/product"}],"replies":[{"embeddable":true,"href":"https:\/\/nigelux.com\/en\/wp-json\/wp\/v2\/comments?post=1938"}],"version-history":[{"count":1,"href":"https:\/\/nigelux.com\/en\/wp-json\/wp\/v2\/product\/1938\/revisions"}],"predecessor-version":[{"id":1940,"href":"https:\/\/nigelux.com\/en\/wp-json\/wp\/v2\/product\/1938\/revisions\/1940"}],"wp:featuredmedia":[{"embeddable":true,"href":"https:\/\/nigelux.com\/en\/wp-json\/wp\/v2\/media\/1939"}],"wp:attachment":[{"href":"https:\/\/nigelux.com\/en\/wp-json\/wp\/v2\/media?parent=1938"}],"wp:term":[{"taxonomy":"product_brand","embeddable":true,"href":"https:\/\/nigelux.com\/en\/wp-json\/wp\/v2\/product_brand?post=1938"},{"taxonomy":"product_cat","embeddable":true,"href":"https:\/\/nigelux.com\/en\/wp-json\/wp\/v2\/product_cat?post=1938"},{"taxonomy":"product_tag","embeddable":true,"href":"https:\/\/nigelux.com\/en\/wp-json\/wp\/v2\/product_tag?post=1938"}],"curies":[{"name":"wp","href":"https:\/\/api.w.org\/{rel}","templated":true}]}}