{"id":125,"date":"2025-10-02T10:02:48","date_gmt":"2025-10-02T10:02:48","guid":{"rendered":"https:\/\/nigelux.com\/shop\/?post_type=product&#038;p=125"},"modified":"2026-04-09T17:04:26","modified_gmt":"2026-04-09T17:04:26","slug":"serum-pousse-actif-royal","status":"publish","type":"product","link":"https:\/\/nigelux.com\/en\/product\/serum-pousse-actif-royal\/","title":{"rendered":"\u00c9lixir de Soie Hybride &#8211; Brume de croissance Royale &#038; Gloss Miroir 24h"},"content":{"rendered":"<p data-start=\"391\" data-end=\"521\"><strong data-start=\"391\" data-end=\"430\">Le Rituel d\u2019Ankh<\/strong><\/p>\n<p data-start=\"391\" data-end=\"521\"><strong data-start=\"391\" data-end=\"430\">Nigelux \u2013 S\u00e9rum actif pousse royale<\/strong><br data-start=\"430\" data-end=\"433\" \/>Le secret pour stimuler la repousse, fortifier et densifier vos cheveux naturellement.<\/p>\n<p data-start=\"523\" data-end=\"836\">Inspir\u00e9 des rituels de beaut\u00e9 ancestraux et enrichi d\u2019huiles pr\u00e9cieuses, <strong data-start=\"596\" data-end=\"675\">Nigelux a cr\u00e9\u00e9 un s\u00e9rum capillaire premium qui agit directement \u00e0 la racine<\/strong>. Sa formule concentr\u00e9e nourrit le cuir chevelu, active la microcirculation et renforce la fibre capillaire pour favoriser une croissance plus rapide et saine.<\/p>\n<p data-start=\"838\" data-end=\"879\">\u2728 <strong data-start=\"840\" data-end=\"875\">Une synergie d\u2019actifs puissants<\/strong> :<\/p>\n<ul data-start=\"880\" data-end=\"1425\">\n<li data-start=\"880\" data-end=\"965\">\n<p data-start=\"882\" data-end=\"965\"><strong data-start=\"882\" data-end=\"906\">Huile de Nigelle bio<\/strong> : stimule la pousse, apaise et fortifie le cuir chevelu.<\/p>\n<\/li>\n<li data-start=\"966\" data-end=\"1056\">\n<p data-start=\"968\" data-end=\"1056\"><strong data-start=\"968\" data-end=\"990\">Huile de Ricin bio<\/strong> : r\u00e9put\u00e9e pour acc\u00e9l\u00e9rer la croissance et \u00e9paissir les cheveux.<\/p>\n<\/li>\n<li data-start=\"1057\" data-end=\"1133\">\n<p data-start=\"1059\" data-end=\"1133\"><strong data-start=\"1059\" data-end=\"1085\">Huile de Bourrache bio<\/strong> : nourrit et revitalise les cheveux cassants.<\/p>\n<\/li>\n<li data-start=\"1134\" data-end=\"1209\">\n<p data-start=\"1136\" data-end=\"1209\"><strong data-start=\"1136\" data-end=\"1159\">Huile de Jojoba bio<\/strong> : \u00e9quilibre le cuir chevelu et r\u00e9gule le s\u00e9bum.<\/p>\n<\/li>\n<li data-start=\"1210\" data-end=\"1353\">\n<p data-start=\"1212\" data-end=\"1353\"><strong data-start=\"1212\" data-end=\"1270\">Extraits v\u00e9g\u00e9taux fortifiants (soja, bl\u00e9, scutellaire)<\/strong> : renforcent la fibre capillaire et prot\u00e8gent contre les agressions ext\u00e9rieures.<\/p>\n<\/li>\n<li data-start=\"1354\" data-end=\"1425\">\n<p data-start=\"1356\" data-end=\"1425\"><strong data-start=\"1356\" data-end=\"1370\">Vitamine E<\/strong> : action anti-oxydante, prot\u00e8ge le follicule pileux.<\/p>\n<\/li>\n<\/ul>\n<p data-start=\"1427\" data-end=\"1649\">R\u00e9sultat : apr\u00e8s quelques semaines d\u2019utilisation r\u00e9guli\u00e8re, vos cheveux paraissent plus denses, plus forts et visiblement revitalis\u00e9s. La chute est r\u00e9duite, la fibre renforc\u00e9e et la chevelure gagne en volume et en \u00e9clat.<\/p>\n<p data-start=\"1651\" data-end=\"1883\">\ud83d\udd25 <strong data-start=\"1654\" data-end=\"1684\">Pourquoi choisir Nigelux ?<\/strong><br data-start=\"1684\" data-end=\"1687\" \/>Parce que le luxe, c\u2019est aussi la performance. Le s\u00e9rum actif pousse royale est le premier \u00e0 allier <strong data-start=\"1787\" data-end=\"1881\">formule naturelle, efficacit\u00e9 prouv\u00e9e par la tradition et plaisir sensoriel haut de gamme.<\/strong><\/p>\n<p data-start=\"1885\" data-end=\"1958\">\ud83c\udf3f <strong data-start=\"1888\" data-end=\"1956\">100% naturel, bio, sans silicone, sans parab\u00e8ne, sans compromis.<\/strong><\/p>\n<p data-start=\"1960\" data-end=\"2059\">\ud83d\udc49 Offrez \u00e0 vos cheveux la puissance de la nature et retrouvez la densit\u00e9 d\u2019une chevelure royale.<\/p>","protected":false},"excerpt":{"rendered":"<p>Un s\u00e9rum premium qui stimule la pousse, fortifie la fibre et densifie vos cheveux gr\u00e2ce \u00e0 l\u2019huile de Nigelle et un concentr\u00e9 d\u2019huiles pr\u00e9cieuses bio. Une chevelure plus forte, plus dense et naturellement \u00e9clatante.<\/p>","protected":false},"featured_media":807,"comment_status":"open","ping_status":"closed","template":"","meta":{"_glsr_average":0,"_glsr_ranking":0,"_glsr_reviews":0},"product_brand":[],"product_cat":[15],"product_tag":[],"class_list":{"0":"post-125","1":"product","2":"type-product","3":"status-publish","4":"has-post-thumbnail","6":"product_cat-non-classe","8":"first","9":"outofstock","10":"shipping-taxable","11":"purchasable","12":"product-type-simple"},"_links":{"self":[{"href":"https:\/\/nigelux.com\/en\/wp-json\/wp\/v2\/product\/125","targetHints":{"allow":["GET"]}}],"collection":[{"href":"https:\/\/nigelux.com\/en\/wp-json\/wp\/v2\/product"}],"about":[{"href":"https:\/\/nigelux.com\/en\/wp-json\/wp\/v2\/types\/product"}],"replies":[{"embeddable":true,"href":"https:\/\/nigelux.com\/en\/wp-json\/wp\/v2\/comments?post=125"}],"version-history":[{"count":5,"href":"https:\/\/nigelux.com\/en\/wp-json\/wp\/v2\/product\/125\/revisions"}],"predecessor-version":[{"id":1882,"href":"https:\/\/nigelux.com\/en\/wp-json\/wp\/v2\/product\/125\/revisions\/1882"}],"wp:featuredmedia":[{"embeddable":true,"href":"https:\/\/nigelux.com\/en\/wp-json\/wp\/v2\/media\/807"}],"wp:attachment":[{"href":"https:\/\/nigelux.com\/en\/wp-json\/wp\/v2\/media?parent=125"}],"wp:term":[{"taxonomy":"product_brand","embeddable":true,"href":"https:\/\/nigelux.com\/en\/wp-json\/wp\/v2\/product_brand?post=125"},{"taxonomy":"product_cat","embeddable":true,"href":"https:\/\/nigelux.com\/en\/wp-json\/wp\/v2\/product_cat?post=125"},{"taxonomy":"product_tag","embeddable":true,"href":"https:\/\/nigelux.com\/en\/wp-json\/wp\/v2\/product_tag?post=125"}],"curies":[{"name":"wp","href":"https:\/\/api.w.org\/{rel}","templated":true}]}}