{"id":794,"date":"2025-12-27T17:37:46","date_gmt":"2025-12-27T17:37:46","guid":{"rendered":"https:\/\/nigelux.com\/shop\/?page_id=794"},"modified":"2025-12-29T12:21:48","modified_gmt":"2025-12-29T12:21:48","slug":"page-tous-produits","status":"publish","type":"page","link":"https:\/\/nigelux.com\/en\/page-tous-produits\/","title":{"rendered":"PAGE TOUS PRODUITS"},"content":{"rendered":"<div data-elementor-type=\"wp-page\" data-elementor-id=\"794\" class=\"elementor elementor-794\" data-elementor-post-type=\"page\">\n\t\t\t\t<div class=\"elementor-element elementor-element-710dc35b e-con-full e-flex e-con e-parent\" data-id=\"710dc35b\" data-element_type=\"container\" data-e-type=\"container\" data-settings=\"{&quot;background_background&quot;:&quot;classic&quot;}\">\n\t\t<div class=\"elementor-element elementor-element-2d7a0075 e-con-full e-flex e-con e-child\" data-id=\"2d7a0075\" data-element_type=\"container\" data-e-type=\"container\">\n\t\t\t\t<div class=\"elementor-element elementor-element-10a513a8 elementor-widget elementor-widget-image\" data-id=\"10a513a8\" data-element_type=\"widget\" data-e-type=\"widget\" data-widget_type=\"image.default\">\n\t\t\t\t\t\t\t\t\t\t\t\t\t\t\t\t<a href=\"https:\/\/nigelux.com\/en\/\">\n\t\t\t\t\t\t\t<img data-opt-id=953838001  fetchpriority=\"high\" decoding=\"async\" width=\"800\" height=\"800\" src=\"https:\/\/mlwq3bg5a4bd.i.optimole.com\/cb:pbkT.baf\/w:800\/h:800\/q:mauto\/f:best\/https:\/\/nigelux.com\/wp-content\/uploads\/2025\/10\/Logo_icon-petit-scaled.png\" class=\"attachment-large size-large wp-image-77\" alt=\"\" srcset=\"https:\/\/mlwq3bg5a4bd.i.optimole.com\/cb:pbkT.baf\/w:1920\/h:1920\/q:mauto\/f:best\/https:\/\/nigelux.com\/wp-content\/uploads\/2025\/10\/Logo_icon-petit-scaled.png 2560w, https:\/\/mlwq3bg5a4bd.i.optimole.com\/cb:pbkT.baf\/w:300\/h:300\/q:mauto\/f:best\/https:\/\/nigelux.com\/wp-content\/uploads\/2025\/10\/Logo_icon-petit-scaled.png 300w, https:\/\/mlwq3bg5a4bd.i.optimole.com\/cb:pbkT.baf\/w:100\/h:100\/q:mauto\/f:best\/https:\/\/nigelux.com\/wp-content\/uploads\/2025\/10\/Logo_icon-petit-scaled.png 100w, https:\/\/mlwq3bg5a4bd.i.optimole.com\/cb:pbkT.baf\/w:600\/h:600\/q:mauto\/f:best\/https:\/\/nigelux.com\/wp-content\/uploads\/2025\/10\/Logo_icon-petit-scaled.png 600w, https:\/\/mlwq3bg5a4bd.i.optimole.com\/cb:pbkT.baf\/w:1920\/h:1920\/q:mauto\/f:best\/dpr:2\/https:\/\/nigelux.com\/wp-content\/uploads\/2025\/10\/Logo_icon-petit-scaled.png 2x\" sizes=\"(max-width: 800px) 100vw, 800px\" \/>\t\t\t\t\t\t\t\t<\/a>\n\t\t\t\t\t\t\t\t\t\t\t\t\t\t\t<\/div>\n\t\t\t\t<\/div>\n\t\t<div class=\"elementor-element elementor-element-43329610 e-con-full e-flex e-con e-child\" data-id=\"43329610\" data-element_type=\"container\" data-e-type=\"container\">\n\t\t\t\t<\/div>\n\t\t\t\t<div class=\"elementor-element elementor-element-903d3c4 elementor-view-default elementor-position-block-start elementor-mobile-position-block-start elementor-widget elementor-widget-icon-box\" data-id=\"903d3c4\" data-element_type=\"widget\" data-e-type=\"widget\" data-widget_type=\"icon-box.default\">\n\t\t\t\t\t\t\t<div class=\"elementor-icon-box-wrapper\">\n\n\t\t\t\t\t\t<div class=\"elementor-icon-box-icon\">\n\t\t\t\t<a href=\"https:\/\/nigelux.com\/shop\/index.php\/my-account\/\" class=\"elementor-icon\" tabindex=\"-1\">\n\t\t\t\t<svg aria-hidden=\"true\" class=\"e-font-icon-svg e-fas-user-circle\" viewbox=\"0 0 496 512\" xmlns=\"http:\/\/www.w3.org\/2000\/svg\"><path d=\"M248 8C111 8 0 119 0 256s111 248 248 248 248-111 248-248S385 8 248 8zm0 96c48.6 0 88 39.4 88 88s-39.4 88-88 88-88-39.4-88-88 39.4-88 88-88zm0 344c-58.7 0-111.3-26.6-146.5-68.2 18.8-35.4 55.6-59.8 98.5-59.8 2.4 0 4.8.4 7.1 1.1 13 4.2 26.6 6.9 40.9 6.9 14.3 0 28-2.7 40.9-6.9 2.3-.7 4.7-1.1 7.1-1.1 42.9 0 79.7 24.4 98.5 59.8C359.3 421.4 306.7 448 248 448z\"><\/path><\/svg>\t\t\t\t<\/a>\n\t\t\t<\/div>\n\t\t\t\n\t\t\t\n\t\t<\/div>\n\t\t\t\t\t\t<\/div>\n\t\t\t\t<\/div>\n\t\t<div class=\"elementor-element elementor-element-1e1c509 e-con-full e-flex e-con e-parent\" data-id=\"1e1c509\" data-element_type=\"container\" data-e-type=\"container\" data-settings=\"{&quot;background_background&quot;:&quot;classic&quot;}\">\n\t\t\t\t<\/div>\n\t\t<div class=\"elementor-element elementor-element-2ef5c19 e-flex e-con-boxed e-con e-parent\" data-id=\"2ef5c19\" data-element_type=\"container\" data-e-type=\"container\" data-settings=\"{&quot;background_background&quot;:&quot;classic&quot;}\">\n\t\t\t\t\t<div class=\"e-con-inner\">\n\t\t\t\t<div class=\"elementor-element elementor-element-2a6aab8 elementor-grid-3 elementor-grid-tablet-3 elementor-grid-mobile-2 elementor-products-grid elementor-wc-products elementor-widget elementor-widget-woocommerce-products\" data-id=\"2a6aab8\" data-element_type=\"widget\" data-e-type=\"widget\" data-widget_type=\"woocommerce-products.default\">\n\t\t\t\t<div class=\"elementor-widget-container\">\n\t\t\t\t\t<div class=\"woocommerce columns-3\"><ul class=\"products elementor-grid columns-3\">\n<li class=\"product type-product post-96 status-publish first instock product_cat-soin-coiffant has-post-thumbnail shipping-taxable purchasable product-type-simple\">\n\t<a href=\"https:\/\/nigelux.com\/en\/product\/soin-coiffant\/\" class=\"woocommerce-LoopProduct-link woocommerce-loop-product__link\"><img data-opt-id=1166797129  fetchpriority=\"high\" decoding=\"async\" width=\"300\" height=\"450\" src=\"https:\/\/mlwq3bg5a4bd.i.optimole.com\/cb:pbkT.baf\/w:300\/h:450\/q:mauto\/f:best\/https:\/\/nigelux.com\/wp-content\/uploads\/2025\/10\/file_00000000dc947246a79909dae5a04b29.png\" class=\"attachment-woocommerce_thumbnail size-woocommerce_thumbnail\" alt=\"Soin Coiffant Fortifiant &amp; Anti-chute aux Vitamines &amp; Huiles Pr\u00e9cieuses\" srcset=\"https:\/\/mlwq3bg5a4bd.i.optimole.com\/cb:pbkT.baf\/w:300\/h:450\/q:mauto\/f:best\/https:\/\/nigelux.com\/wp-content\/uploads\/2025\/10\/file_00000000dc947246a79909dae5a04b29.png 300w, https:\/\/mlwq3bg5a4bd.i.optimole.com\/cb:pbkT.baf\/w:200\/h:300\/q:mauto\/f:best\/https:\/\/nigelux.com\/wp-content\/uploads\/2025\/10\/file_00000000dc947246a79909dae5a04b29.png 200w, https:\/\/mlwq3bg5a4bd.i.optimole.com\/cb:pbkT.baf\/w:768\/h:1152\/q:mauto\/f:best\/https:\/\/nigelux.com\/wp-content\/uploads\/2025\/10\/file_00000000dc947246a79909dae5a04b29.png 768w, https:\/\/mlwq3bg5a4bd.i.optimole.com\/cb:pbkT.baf\/w:600\/h:900\/q:mauto\/f:best\/https:\/\/nigelux.com\/wp-content\/uploads\/2025\/10\/file_00000000dc947246a79909dae5a04b29.png 600w, https:\/\/mlwq3bg5a4bd.i.optimole.com\/cb:pbkT.baf\/w:1024\/h:1536\/q:mauto\/f:best\/https:\/\/nigelux.com\/wp-content\/uploads\/2025\/10\/file_00000000dc947246a79909dae5a04b29.png 1024w, https:\/\/mlwq3bg5a4bd.i.optimole.com\/cb:pbkT.baf\/w:1024\/h:1536\/q:mauto\/f:best\/dpr:2\/https:\/\/nigelux.com\/wp-content\/uploads\/2025\/10\/file_00000000dc947246a79909dae5a04b29.png 2x\" sizes=\"(max-width: 300px) 100vw, 300px\" \/><h2 class=\"woocommerce-loop-product__title\">Fortifying &amp; Anti-Hair Loss Styling Treatment with Vitamins &amp; Precious Oils<\/h2>\n\t<span class=\"price\"><span class=\"woocommerce-Price-amount amount\"><bdi>40,00&nbsp;<span class=\"woocommerce-Price-currencySymbol\">&euro;<\/span><\/bdi><\/span><\/span>\n<\/a><a href=\"https:\/\/nigelux.com\/en\/product\/soin-coiffant\/\" class=\"button\">D\u00e9couvrir le rituel<\/a>\t<span id=\"woocommerce_loop_add_to_cart_link_describedby_96\" class=\"screen-reader-text\">\n\t\t\t<\/span>\n<\/li>\n<li class=\"product type-product post-94 status-publish instock product_cat-shampoing has-post-thumbnail shipping-taxable purchasable product-type-simple\">\n\t<a href=\"https:\/\/nigelux.com\/en\/product\/shampoing-soin-regenerant\/\" class=\"woocommerce-LoopProduct-link woocommerce-loop-product__link\"><img data-opt-id=1342247301  data-opt-src=\"https:\/\/mlwq3bg5a4bd.i.optimole.com\/cb:pbkT.baf\/w:300\/h:450\/q:mauto\/f:best\/https:\/\/nigelux.com\/wp-content\/uploads\/2025\/11\/file_000000008c5071f4832fd04fa355ef51.png\"  decoding=\"async\" width=\"300\" height=\"450\" src=\"data:image/svg+xml,%3Csvg%20viewBox%3D%220%200%20300%20450%22%20width%3D%22300%22%20height%3D%22450%22%20xmlns%3D%22http%3A%2F%2Fwww.w3.org%2F2000%2Fsvg%22%3E%3Crect%20width%3D%22300%22%20height%3D%22450%22%20fill%3D%22transparent%22%2F%3E%3C%2Fsvg%3E\" class=\"attachment-woocommerce_thumbnail size-woocommerce_thumbnail\" alt=\"Shampoing Soin R\u00e9g\u00e9n\u00e9rant \u00e0 la Nigelle bio &amp; Baicapil\u2122\" old-srcset=\"https:\/\/mlwq3bg5a4bd.i.optimole.com\/cb:pbkT.baf\/w:300\/h:450\/q:mauto\/f:best\/https:\/\/nigelux.com\/wp-content\/uploads\/2025\/11\/file_000000008c5071f4832fd04fa355ef51.png 300w, https:\/\/mlwq3bg5a4bd.i.optimole.com\/cb:pbkT.baf\/w:600\/h:900\/q:mauto\/f:best\/https:\/\/nigelux.com\/wp-content\/uploads\/2025\/11\/file_000000008c5071f4832fd04fa355ef51.png 600w, https:\/\/mlwq3bg5a4bd.i.optimole.com\/cb:pbkT.baf\/w:200\/h:300\/q:mauto\/f:best\/https:\/\/nigelux.com\/wp-content\/uploads\/2025\/11\/file_000000008c5071f4832fd04fa355ef51.png 200w, https:\/\/mlwq3bg5a4bd.i.optimole.com\/cb:pbkT.baf\/w:768\/h:1152\/q:mauto\/f:best\/https:\/\/nigelux.com\/wp-content\/uploads\/2025\/11\/file_000000008c5071f4832fd04fa355ef51.png 768w, https:\/\/mlwq3bg5a4bd.i.optimole.com\/cb:pbkT.baf\/w:1024\/h:1536\/q:mauto\/f:best\/https:\/\/nigelux.com\/wp-content\/uploads\/2025\/11\/file_000000008c5071f4832fd04fa355ef51.png 1024w, https:\/\/mlwq3bg5a4bd.i.optimole.com\/cb:pbkT.baf\/w:1024\/h:1536\/q:mauto\/f:best\/dpr:2\/https:\/\/nigelux.com\/wp-content\/uploads\/2025\/11\/file_000000008c5071f4832fd04fa355ef51.png 2x\" \/><h2 class=\"woocommerce-loop-product__title\">Regenerating Care Shampoo with organic Nigella &amp; Baicapil\u2122<\/h2>\n\t<span class=\"price\"><span class=\"woocommerce-Price-amount amount\"><bdi>36,00&nbsp;<span class=\"woocommerce-Price-currencySymbol\">&euro;<\/span><\/bdi><\/span><\/span>\n<\/a><a href=\"https:\/\/nigelux.com\/en\/product\/shampoing-soin-regenerant\/\" class=\"button\">D\u00e9couvrir le rituel<\/a>\t<span id=\"woocommerce_loop_add_to_cart_link_describedby_94\" class=\"screen-reader-text\">\n\t\t\t<\/span>\n<\/li>\n<li class=\"product type-product post-99 status-publish last outofstock product_cat-rituel-royal has-post-thumbnail shipping-taxable purchasable product-type-simple\">\n\t<a href=\"https:\/\/nigelux.com\/en\/product\/masque-royal\/\" class=\"woocommerce-LoopProduct-link woocommerce-loop-product__link\"><img data-opt-id=1306931282  data-opt-src=\"https:\/\/mlwq3bg5a4bd.i.optimole.com\/cb:pbkT.baf\/w:300\/h:450\/q:mauto\/f:best\/https:\/\/nigelux.com\/wp-content\/uploads\/2025\/10\/Luxueux-soin-capillaire-dans-un-bain.png\"  loading=\"lazy\" decoding=\"async\" width=\"300\" height=\"450\" src=\"data:image/svg+xml,%3Csvg%20viewBox%3D%220%200%20300%20450%22%20width%3D%22300%22%20height%3D%22450%22%20xmlns%3D%22http%3A%2F%2Fwww.w3.org%2F2000%2Fsvg%22%3E%3Crect%20width%3D%22300%22%20height%3D%22450%22%20fill%3D%22transparent%22%2F%3E%3C%2Fsvg%3E\" class=\"attachment-woocommerce_thumbnail size-woocommerce_thumbnail\" alt=\"Masque Royal Renaissance - Cure de pousse intensive &amp; Reconstruction Mol\u00e9culaire\" old-srcset=\"https:\/\/mlwq3bg5a4bd.i.optimole.com\/cb:pbkT.baf\/w:300\/h:450\/q:mauto\/f:best\/https:\/\/nigelux.com\/wp-content\/uploads\/2025\/10\/Luxueux-soin-capillaire-dans-un-bain.png 300w, https:\/\/mlwq3bg5a4bd.i.optimole.com\/cb:pbkT.baf\/w:200\/h:300\/q:mauto\/f:best\/https:\/\/nigelux.com\/wp-content\/uploads\/2025\/10\/Luxueux-soin-capillaire-dans-un-bain.png 200w, https:\/\/mlwq3bg5a4bd.i.optimole.com\/cb:pbkT.baf\/w:768\/h:1152\/q:mauto\/f:best\/https:\/\/nigelux.com\/wp-content\/uploads\/2025\/10\/Luxueux-soin-capillaire-dans-un-bain.png 768w, https:\/\/mlwq3bg5a4bd.i.optimole.com\/cb:pbkT.baf\/w:8\/h:12\/q:mauto\/f:best\/https:\/\/nigelux.com\/wp-content\/uploads\/2025\/10\/Luxueux-soin-capillaire-dans-un-bain.png 8w, https:\/\/mlwq3bg5a4bd.i.optimole.com\/cb:pbkT.baf\/w:600\/h:900\/q:mauto\/f:best\/https:\/\/nigelux.com\/wp-content\/uploads\/2025\/10\/Luxueux-soin-capillaire-dans-un-bain.png 600w, https:\/\/mlwq3bg5a4bd.i.optimole.com\/cb:pbkT.baf\/w:1024\/h:1536\/q:mauto\/f:best\/https:\/\/nigelux.com\/wp-content\/uploads\/2025\/10\/Luxueux-soin-capillaire-dans-un-bain.png 1024w, https:\/\/mlwq3bg5a4bd.i.optimole.com\/cb:pbkT.baf\/w:1024\/h:1536\/q:mauto\/f:best\/dpr:2\/https:\/\/nigelux.com\/wp-content\/uploads\/2025\/10\/Luxueux-soin-capillaire-dans-un-bain.png 2x\" \/><h2 class=\"woocommerce-loop-product__title\">Masque Royal Renaissance &#8211; Cure de pousse intensive &#038; Reconstruction Mol\u00e9culaire<\/h2>\n\t<span class=\"price\"><span class=\"woocommerce-Price-amount amount\"><bdi>59,00&nbsp;<span class=\"woocommerce-Price-currencySymbol\">&euro;<\/span><\/bdi><\/span><\/span>\n<\/a><a href=\"https:\/\/nigelux.com\/en\/product\/masque-royal\/\" class=\"button\">Acc\u00e8s prioritaire<\/a>\t<span id=\"woocommerce_loop_add_to_cart_link_describedby_99\" class=\"screen-reader-text\">\n\t\t\t<\/span>\n<\/li>\n<li class=\"product type-product post-1935 status-publish first outofstock product_cat-non-classe has-post-thumbnail sale shipping-taxable purchasable product-type-simple\">\n\t<a href=\"https:\/\/nigelux.com\/en\/product\/le-rituel-de-renaissance-pour-une-chevelure-metamorphosee\/\" class=\"woocommerce-LoopProduct-link woocommerce-loop-product__link\">\n\t<span class=\"onsale\" data-no-translation=\"\" data-trp-gettext=\"\">Sale!<\/span>\n\t<img data-opt-id=415217368  data-opt-src=\"https:\/\/mlwq3bg5a4bd.i.optimole.com\/cb:pbkT.baf\/w:300\/h:450\/q:mauto\/f:best\/https:\/\/nigelux.com\/wp-content\/uploads\/2026\/04\/Produits-de-soin-capillaire-Nigelux.png\"  loading=\"lazy\" decoding=\"async\" width=\"300\" height=\"450\" src=\"data:image/svg+xml,%3Csvg%20viewBox%3D%220%200%20300%20450%22%20width%3D%22300%22%20height%3D%22450%22%20xmlns%3D%22http%3A%2F%2Fwww.w3.org%2F2000%2Fsvg%22%3E%3Crect%20width%3D%22300%22%20height%3D%22450%22%20fill%3D%22transparent%22%2F%3E%3C%2Fsvg%3E\" class=\"attachment-woocommerce_thumbnail size-woocommerce_thumbnail\" alt=\"LE RITUEL DE RENAISSANCE - Pour une chevelure m\u00e9tamorphos\u00e9e.\" old-srcset=\"https:\/\/mlwq3bg5a4bd.i.optimole.com\/cb:pbkT.baf\/w:300\/h:450\/q:mauto\/f:best\/https:\/\/nigelux.com\/wp-content\/uploads\/2026\/04\/Produits-de-soin-capillaire-Nigelux.png 300w, https:\/\/mlwq3bg5a4bd.i.optimole.com\/cb:pbkT.baf\/w:200\/h:300\/q:mauto\/f:best\/https:\/\/nigelux.com\/wp-content\/uploads\/2026\/04\/Produits-de-soin-capillaire-Nigelux.png 200w, https:\/\/mlwq3bg5a4bd.i.optimole.com\/cb:pbkT.baf\/w:768\/h:1152\/q:mauto\/f:best\/https:\/\/nigelux.com\/wp-content\/uploads\/2026\/04\/Produits-de-soin-capillaire-Nigelux.png 768w, https:\/\/mlwq3bg5a4bd.i.optimole.com\/cb:pbkT.baf\/w:8\/h:12\/q:mauto\/f:best\/https:\/\/nigelux.com\/wp-content\/uploads\/2026\/04\/Produits-de-soin-capillaire-Nigelux.png 8w, https:\/\/mlwq3bg5a4bd.i.optimole.com\/cb:pbkT.baf\/w:600\/h:900\/q:mauto\/f:best\/https:\/\/nigelux.com\/wp-content\/uploads\/2026\/04\/Produits-de-soin-capillaire-Nigelux.png 600w, https:\/\/mlwq3bg5a4bd.i.optimole.com\/cb:pbkT.baf\/w:1024\/h:1536\/q:mauto\/f:best\/https:\/\/nigelux.com\/wp-content\/uploads\/2026\/04\/Produits-de-soin-capillaire-Nigelux.png 1024w, https:\/\/mlwq3bg5a4bd.i.optimole.com\/cb:pbkT.baf\/w:1024\/h:1536\/q:mauto\/f:best\/dpr:2\/https:\/\/nigelux.com\/wp-content\/uploads\/2026\/04\/Produits-de-soin-capillaire-Nigelux.png 2x\" \/><h2 class=\"woocommerce-loop-product__title\">LE RITUEL DE RENAISSANCE &#8211; Pour une chevelure m\u00e9tamorphos\u00e9e.<\/h2>\n\t<span class=\"price\"><del aria-hidden=\"true\"><span class=\"woocommerce-Price-amount amount\"><bdi>134,00&nbsp;<span class=\"woocommerce-Price-currencySymbol\">&euro;<\/span><\/bdi><\/span><\/del> <span class=\"screen-reader-text\" data-no-translation=\"\" data-trp-gettext=\"\">Original price was: 134,00&nbsp;&euro;.<\/span><ins aria-hidden=\"true\"><span class=\"woocommerce-Price-amount amount\"><bdi>119,00&nbsp;<span class=\"woocommerce-Price-currencySymbol\">&euro;<\/span><\/bdi><\/span><\/ins><span class=\"screen-reader-text\" data-no-translation=\"\" data-trp-gettext=\"\">Current price is: 119,00&nbsp;&euro;.<\/span><\/span>\n<\/a><a href=\"https:\/\/nigelux.com\/en\/product\/le-rituel-de-renaissance-pour-une-chevelure-metamorphosee\/\" class=\"button\">Acc\u00e8s prioritaire<\/a>\t<span id=\"woocommerce_loop_add_to_cart_link_describedby_1935\" class=\"screen-reader-text\">\n\t\t\t<\/span>\n<\/li>\n<li class=\"product type-product post-1929 status-publish instock product_cat-non-classe has-post-thumbnail sale shipping-taxable purchasable product-type-simple\">\n\t<a href=\"https:\/\/nigelux.com\/en\/product\/le-duo-gentleman-royal\/\" class=\"woocommerce-LoopProduct-link woocommerce-loop-product__link\">\n\t<span class=\"onsale\" data-no-translation=\"\" data-trp-gettext=\"\">Sale!<\/span>\n\t<img data-opt-id=2099497750  data-opt-src=\"https:\/\/mlwq3bg5a4bd.i.optimole.com\/cb:pbkT.baf\/w:300\/h:450\/q:mauto\/f:best\/https:\/\/nigelux.com\/wp-content\/uploads\/2026\/04\/Soins-capillaires-luxueux-Nigelux.png\"  loading=\"lazy\" decoding=\"async\" width=\"300\" height=\"450\" src=\"data:image/svg+xml,%3Csvg%20viewBox%3D%220%200%20300%20450%22%20width%3D%22300%22%20height%3D%22450%22%20xmlns%3D%22http%3A%2F%2Fwww.w3.org%2F2000%2Fsvg%22%3E%3Crect%20width%3D%22300%22%20height%3D%22450%22%20fill%3D%22transparent%22%2F%3E%3C%2Fsvg%3E\" class=\"attachment-woocommerce_thumbnail size-woocommerce_thumbnail\" alt=\"LE DUO GENTLEMAN ROYAL - Nettoyer, Fortifier, Dompter.\" old-srcset=\"https:\/\/mlwq3bg5a4bd.i.optimole.com\/cb:pbkT.baf\/w:300\/h:450\/q:mauto\/f:best\/https:\/\/nigelux.com\/wp-content\/uploads\/2026\/04\/Soins-capillaires-luxueux-Nigelux.png 300w, https:\/\/mlwq3bg5a4bd.i.optimole.com\/cb:pbkT.baf\/w:200\/h:300\/q:mauto\/f:best\/https:\/\/nigelux.com\/wp-content\/uploads\/2026\/04\/Soins-capillaires-luxueux-Nigelux.png 200w, https:\/\/mlwq3bg5a4bd.i.optimole.com\/cb:pbkT.baf\/w:768\/h:1152\/q:mauto\/f:best\/https:\/\/nigelux.com\/wp-content\/uploads\/2026\/04\/Soins-capillaires-luxueux-Nigelux.png 768w, https:\/\/mlwq3bg5a4bd.i.optimole.com\/cb:pbkT.baf\/w:8\/h:12\/q:mauto\/f:best\/https:\/\/nigelux.com\/wp-content\/uploads\/2026\/04\/Soins-capillaires-luxueux-Nigelux.png 8w, https:\/\/mlwq3bg5a4bd.i.optimole.com\/cb:pbkT.baf\/w:600\/h:900\/q:mauto\/f:best\/https:\/\/nigelux.com\/wp-content\/uploads\/2026\/04\/Soins-capillaires-luxueux-Nigelux.png 600w, https:\/\/mlwq3bg5a4bd.i.optimole.com\/cb:pbkT.baf\/w:1024\/h:1536\/q:mauto\/f:best\/https:\/\/nigelux.com\/wp-content\/uploads\/2026\/04\/Soins-capillaires-luxueux-Nigelux.png 1024w, https:\/\/mlwq3bg5a4bd.i.optimole.com\/cb:pbkT.baf\/w:1024\/h:1536\/q:mauto\/f:best\/dpr:2\/https:\/\/nigelux.com\/wp-content\/uploads\/2026\/04\/Soins-capillaires-luxueux-Nigelux.png 2x\" \/><h2 class=\"woocommerce-loop-product__title\">LE DUO GENTLEMAN ROYAL &#8211; Nettoyer, Fortifier, Dompter.<\/h2>\n\t<span class=\"price\"><del aria-hidden=\"true\"><span class=\"woocommerce-Price-amount amount\"><bdi>76,00&nbsp;<span class=\"woocommerce-Price-currencySymbol\">&euro;<\/span><\/bdi><\/span><\/del> <span class=\"screen-reader-text\" data-no-translation=\"\" data-trp-gettext=\"\">Original price was: 76,00&nbsp;&euro;.<\/span><ins aria-hidden=\"true\"><span class=\"woocommerce-Price-amount amount\"><bdi>69,00&nbsp;<span class=\"woocommerce-Price-currencySymbol\">&euro;<\/span><\/bdi><\/span><\/ins><span class=\"screen-reader-text\" data-no-translation=\"\" data-trp-gettext=\"\">Current price is: 69,00&nbsp;&euro;.<\/span><\/span>\n<\/a><a href=\"https:\/\/nigelux.com\/en\/product\/le-duo-gentleman-royal\/\" class=\"button\">D\u00e9couvrir le rituel<\/a>\t<span id=\"woocommerce_loop_add_to_cart_link_describedby_1929\" class=\"screen-reader-text\">\n\t\t\t<\/span>\n<\/li>\n<li class=\"product type-product post-1938 status-publish last outofstock product_cat-non-classe has-post-thumbnail sale shipping-taxable purchasable product-type-simple\">\n\t<a href=\"https:\/\/nigelux.com\/en\/product\/la-cure-absolue-gloss-pousse-lapogee-moleculaire-croissance-infinie-eclat-eternel\/\" class=\"woocommerce-LoopProduct-link woocommerce-loop-product__link\">\n\t<span class=\"onsale\" data-no-translation=\"\" data-trp-gettext=\"\">Sale!<\/span>\n\t<img data-opt-id=636818531  data-opt-src=\"https:\/\/mlwq3bg5a4bd.i.optimole.com\/cb:pbkT.baf\/w:300\/h:450\/q:mauto\/f:best\/https:\/\/nigelux.com\/wp-content\/uploads\/2026\/04\/Produits-de-soin-Nigelux-en-or.png\"  loading=\"lazy\" decoding=\"async\" width=\"300\" height=\"450\" src=\"data:image/svg+xml,%3Csvg%20viewBox%3D%220%200%20300%20450%22%20width%3D%22300%22%20height%3D%22450%22%20xmlns%3D%22http%3A%2F%2Fwww.w3.org%2F2000%2Fsvg%22%3E%3Crect%20width%3D%22300%22%20height%3D%22450%22%20fill%3D%22transparent%22%2F%3E%3C%2Fsvg%3E\" class=\"attachment-woocommerce_thumbnail size-woocommerce_thumbnail\" alt=\"LA CURE ABSOLUE &quot;GLOSS &amp; POUSSE - L&#039;Apog\u00e9e Mol\u00e9culaire : Croissance Infinie &amp; \u00c9clat \u00c9ternel.\" old-srcset=\"https:\/\/mlwq3bg5a4bd.i.optimole.com\/cb:pbkT.baf\/w:300\/h:450\/q:mauto\/f:best\/https:\/\/nigelux.com\/wp-content\/uploads\/2026\/04\/Produits-de-soin-Nigelux-en-or.png 300w, https:\/\/mlwq3bg5a4bd.i.optimole.com\/cb:pbkT.baf\/w:200\/h:300\/q:mauto\/f:best\/https:\/\/nigelux.com\/wp-content\/uploads\/2026\/04\/Produits-de-soin-Nigelux-en-or.png 200w, https:\/\/mlwq3bg5a4bd.i.optimole.com\/cb:pbkT.baf\/w:768\/h:1152\/q:mauto\/f:best\/https:\/\/nigelux.com\/wp-content\/uploads\/2026\/04\/Produits-de-soin-Nigelux-en-or.png 768w, https:\/\/mlwq3bg5a4bd.i.optimole.com\/cb:pbkT.baf\/w:8\/h:12\/q:mauto\/f:best\/https:\/\/nigelux.com\/wp-content\/uploads\/2026\/04\/Produits-de-soin-Nigelux-en-or.png 8w, https:\/\/mlwq3bg5a4bd.i.optimole.com\/cb:pbkT.baf\/w:600\/h:900\/q:mauto\/f:best\/https:\/\/nigelux.com\/wp-content\/uploads\/2026\/04\/Produits-de-soin-Nigelux-en-or.png 600w, https:\/\/mlwq3bg5a4bd.i.optimole.com\/cb:pbkT.baf\/w:1024\/h:1536\/q:mauto\/f:best\/https:\/\/nigelux.com\/wp-content\/uploads\/2026\/04\/Produits-de-soin-Nigelux-en-or.png 1024w, https:\/\/mlwq3bg5a4bd.i.optimole.com\/cb:pbkT.baf\/w:1024\/h:1536\/q:mauto\/f:best\/dpr:2\/https:\/\/nigelux.com\/wp-content\/uploads\/2026\/04\/Produits-de-soin-Nigelux-en-or.png 2x\" \/><h2 class=\"woocommerce-loop-product__title\">LA CURE ABSOLUE \u00ab\u00a0GLOSS &#038; POUSSE &#8211; L&rsquo;Apog\u00e9e Mol\u00e9culaire : Croissance Infinie &#038; \u00c9clat \u00c9ternel.<\/h2>\n\t<span class=\"price\"><del aria-hidden=\"true\"><span class=\"woocommerce-Price-amount amount\"><bdi>158,00&nbsp;<span class=\"woocommerce-Price-currencySymbol\">&euro;<\/span><\/bdi><\/span><\/del> <span class=\"screen-reader-text\" data-no-translation=\"\" data-trp-gettext=\"\">Original price was: 158,00&nbsp;&euro;.<\/span><ins aria-hidden=\"true\"><span class=\"woocommerce-Price-amount amount\"><bdi>147,00&nbsp;<span class=\"woocommerce-Price-currencySymbol\">&euro;<\/span><\/bdi><\/span><\/ins><span class=\"screen-reader-text\" data-no-translation=\"\" data-trp-gettext=\"\">Current price is: 147,00&nbsp;&euro;.<\/span><\/span>\n<\/a><a href=\"https:\/\/nigelux.com\/en\/product\/la-cure-absolue-gloss-pousse-lapogee-moleculaire-croissance-infinie-eclat-eternel\/\" class=\"button\">Acc\u00e8s prioritaire<\/a>\t<span id=\"woocommerce_loop_add_to_cart_link_describedby_1938\" class=\"screen-reader-text\">\n\t\t\t<\/span>\n<\/li>\n<\/ul>\n<\/div>\t\t\t\t<\/div>\n\t\t\t\t<\/div>\n\t\t\t\t\t<\/div>\n\t\t\t\t<\/div>\n\t\t\t\t<\/div>","protected":false},"excerpt":{"rendered":"","protected":false},"author":1,"featured_media":0,"parent":0,"menu_order":0,"comment_status":"closed","ping_status":"closed","template":"","meta":{"_glsr_average":0,"_glsr_ranking":0,"_glsr_reviews":0,"footnotes":""},"class_list":["post-794","page","type-page","status-publish","hentry"],"_links":{"self":[{"href":"https:\/\/nigelux.com\/en\/wp-json\/wp\/v2\/pages\/794","targetHints":{"allow":["GET"]}}],"collection":[{"href":"https:\/\/nigelux.com\/en\/wp-json\/wp\/v2\/pages"}],"about":[{"href":"https:\/\/nigelux.com\/en\/wp-json\/wp\/v2\/types\/page"}],"author":[{"embeddable":true,"href":"https:\/\/nigelux.com\/en\/wp-json\/wp\/v2\/users\/1"}],"replies":[{"embeddable":true,"href":"https:\/\/nigelux.com\/en\/wp-json\/wp\/v2\/comments?post=794"}],"version-history":[{"count":10,"href":"https:\/\/nigelux.com\/en\/wp-json\/wp\/v2\/pages\/794\/revisions"}],"predecessor-version":[{"id":822,"href":"https:\/\/nigelux.com\/en\/wp-json\/wp\/v2\/pages\/794\/revisions\/822"}],"wp:attachment":[{"href":"https:\/\/nigelux.com\/en\/wp-json\/wp\/v2\/media?parent=794"}],"curies":[{"name":"wp","href":"https:\/\/api.w.org\/{rel}","templated":true}]}}