{"id":69,"date":"2025-11-03T17:50:08","date_gmt":"2025-11-03T17:50:08","guid":{"rendered":"https:\/\/nigelux.com\/shop\/?page_id=69"},"modified":"2026-02-27T20:29:10","modified_gmt":"2026-02-27T20:29:10","slug":"politique-de-confidentialite-2","status":"publish","type":"page","link":"https:\/\/nigelux.com\/en\/politique-de-confidentialite-2\/","title":{"rendered":"Privacy Policy"},"content":{"rendered":"\t\t<div data-elementor-type=\"wp-post\" data-elementor-id=\"69\" class=\"elementor elementor-69\" data-elementor-post-type=\"page\">\n\t\t\t\t<div class=\"elementor-element elementor-element-18c5a085 e-flex e-con-boxed e-con e-parent\" data-id=\"18c5a085\" data-element_type=\"container\" data-e-type=\"container\" data-settings=\"{&quot;background_background&quot;:&quot;classic&quot;}\">\n\t\t\t\t\t<div class=\"e-con-inner\">\n\t\t\t\t<div class=\"elementor-element elementor-element-7b4238a3 elementor-widget elementor-widget-heading\" data-id=\"7b4238a3\" data-element_type=\"widget\" data-e-type=\"widget\" data-widget_type=\"heading.default\">\n\t\t\t\t\t<h2 class=\"elementor-heading-title elementor-size-default\">Politique de confidentialit\u00e9<\/h2>\t\t\t\t<\/div>\n\t\t\t\t\t<\/div>\n\t\t\t\t<\/div>\n\t\t<div class=\"elementor-element elementor-element-50982b e-flex e-con-boxed e-con e-parent\" data-id=\"50982b\" data-element_type=\"container\" data-e-type=\"container\" data-settings=\"{&quot;background_background&quot;:&quot;classic&quot;}\">\n\t\t\t\t\t<div class=\"e-con-inner\">\n\t\t\t\t<div class=\"elementor-element elementor-element-81bde68 elementor-widget elementor-widget-heading\" data-id=\"81bde68\" data-element_type=\"widget\" data-e-type=\"widget\" data-widget_type=\"heading.default\">\n\t\t\t\t\t<h2 class=\"elementor-heading-title elementor-size-default\">Politique de confidentialit\u00e9 \u2014 NIGELUX<\/h2>\t\t\t\t<\/div>\n\t\t\t\t<div class=\"elementor-element elementor-element-4424076 elementor-widget elementor-widget-text-editor\" data-id=\"4424076\" data-element_type=\"widget\" data-e-type=\"widget\" data-widget_type=\"text-editor.default\">\n\t\t\t\t\t\t\t\t\t<p data-start=\"377\" data-end=\"422\"><strong data-start=\"377\" data-end=\"422\">Derni\u00e8re mise \u00e0 jour : [27 f\u00e9virer 2026]<\/strong><\/p><p data-start=\"424\" data-end=\"712\">La pr\u00e9sente politique de confidentialit\u00e9 d\u00e9crit la mani\u00e8re dont <strong data-start=\"488\" data-end=\"499\">NIGELUX<\/strong> (ci-apr\u00e8s \u00ab nous \u00bb, \u00ab notre \u00bb ou \u00ab nos \u00bb) collecte, utilise et prot\u00e8ge les informations personnelles que vous nous transmettez lorsque vous utilisez notre site internet <strong data-start=\"669\" data-end=\"688\"><a class=\"decorated-link cursor-pointer\" target=\"_new\" rel=\"noopener\" data-start=\"671\" data-end=\"686\">www.nigelux.com<\/a><\/strong><\/p>\t\t\t\t\t\t\t\t<\/div>\n\t\t\t\t<div class=\"elementor-element elementor-element-35e3156 elementor-widget elementor-widget-heading\" data-id=\"35e3156\" data-element_type=\"widget\" data-e-type=\"widget\" data-widget_type=\"heading.default\">\n\t\t\t\t\t<h2 class=\"elementor-heading-title elementor-size-default\">1. Responsable du traitement<\/h2>\t\t\t\t<\/div>\n\t\t\t\t<div class=\"elementor-element elementor-element-cdf2843 elementor-widget elementor-widget-text-editor\" data-id=\"cdf2843\" data-element_type=\"widget\" data-e-type=\"widget\" data-widget_type=\"text-editor.default\">\n\t\t\t\t\t\t\t\t\t<p>Le responsable du traitement des donn\u00e9es personnelles est :<br data-start=\"812\" data-end=\"815\" \/><strong data-start=\"815\" data-end=\"826\">NIGELUX<\/strong><br data-start=\"826\" data-end=\"829\" \/>Si\u00e8ge social : 27 boulevard du g\u00e9n\u00e9ral vautrin, 06400 Cannes<br data-start=\"881\" data-end=\"884\" \/>Email : contact.nigelux@gmail.com<\/p>\t\t\t\t\t\t\t\t<\/div>\n\t\t\t\t<div class=\"elementor-element elementor-element-b81b7cb elementor-widget elementor-widget-heading\" data-id=\"b81b7cb\" data-element_type=\"widget\" data-e-type=\"widget\" data-widget_type=\"heading.default\">\n\t\t\t\t\t<h2 class=\"elementor-heading-title elementor-size-default\">2. Donn\u00e9es que nous collectons<\/h2>\t\t\t\t<\/div>\n\t\t\t\t<div class=\"elementor-element elementor-element-dd38cb2 elementor-widget elementor-widget-text-editor\" data-id=\"dd38cb2\" data-element_type=\"widget\" data-e-type=\"widget\" data-widget_type=\"text-editor.default\">\n\t\t\t\t\t\t\t\t\t<p data-start=\"980\" data-end=\"1086\">Nous collectons uniquement les informations n\u00e9cessaires au bon fonctionnement de nos services, notamment :<\/p><ul data-start=\"1088\" data-end=\"1522\"><li data-start=\"1088\" data-end=\"1179\"><p data-start=\"1090\" data-end=\"1179\"><strong data-start=\"1090\" data-end=\"1118\">Donn\u00e9es d\u2019identification<\/strong> : nom, pr\u00e9nom, adresse postale, t\u00e9l\u00e9phone, adresse e-mail.<\/p><\/li><li data-start=\"1180\" data-end=\"1331\"><p data-start=\"1182\" data-end=\"1331\"><strong data-start=\"1182\" data-end=\"1220\">Donn\u00e9es de commande et de paiement<\/strong> : historique d\u2019achats, mode de paiement, factures (aucune donn\u00e9e bancaire n\u2019est conserv\u00e9e sur nos serveurs).<\/p><\/li><li data-start=\"1332\" data-end=\"1433\"><p data-start=\"1334\" data-end=\"1433\"><strong data-start=\"1334\" data-end=\"1359\">Donn\u00e9es de navigation<\/strong> : adresse IP, navigateur utilis\u00e9, dur\u00e9e de connexion, pages consult\u00e9es.<\/p><\/li><li data-start=\"1434\" data-end=\"1522\"><p data-start=\"1436\" data-end=\"1522\"><strong data-start=\"1436\" data-end=\"1464\">Donn\u00e9es de communication<\/strong> : \u00e9changes via le formulaire de contact, e-mails ou chat.<\/p><\/li><\/ul>\t\t\t\t\t\t\t\t<\/div>\n\t\t\t\t<div class=\"elementor-element elementor-element-7607196 elementor-widget elementor-widget-heading\" data-id=\"7607196\" data-element_type=\"widget\" data-e-type=\"widget\" data-widget_type=\"heading.default\">\n\t\t\t\t\t<h2 class=\"elementor-heading-title elementor-size-default\">3. Finalit\u00e9s de la collecte<\/h2>\t\t\t\t<\/div>\n\t\t\t\t<div class=\"elementor-element elementor-element-8b2780b elementor-widget elementor-widget-text-editor\" data-id=\"8b2780b\" data-element_type=\"widget\" data-e-type=\"widget\" data-widget_type=\"text-editor.default\">\n\t\t\t\t\t\t\t\t\t<p data-start=\"1562\" data-end=\"1595\">Vos donn\u00e9es sont utilis\u00e9es pour :<\/p><ul data-start=\"1597\" data-end=\"1933\"><li data-start=\"1597\" data-end=\"1650\"><p data-start=\"1599\" data-end=\"1650\">G\u00e9rer vos <strong data-start=\"1609\" data-end=\"1647\">commandes, paiements et livraisons<\/strong>.<\/p><\/li><li data-start=\"1651\" data-end=\"1729\"><p data-start=\"1653\" data-end=\"1729\">Vous informer de l\u2019<strong data-start=\"1672\" data-end=\"1697\">\u00e9tat de vos commandes<\/strong> et du <strong data-start=\"1704\" data-end=\"1726\">suivi de livraison<\/strong>.<\/p><\/li><li data-start=\"1730\" data-end=\"1792\"><p data-start=\"1732\" data-end=\"1792\">Am\u00e9liorer votre <strong data-start=\"1748\" data-end=\"1774\">exp\u00e9rience utilisateur<\/strong> sur notre site.<\/p><\/li><li data-start=\"1793\" data-end=\"1878\"><p data-start=\"1795\" data-end=\"1878\">Vous envoyer (si vous l\u2019avez accept\u00e9) nos <strong data-start=\"1837\" data-end=\"1860\">offres commerciales<\/strong> ou newsletters.<\/p><\/li><li data-start=\"1879\" data-end=\"1933\"><p data-start=\"1881\" data-end=\"1933\">Respecter nos <strong data-start=\"1895\" data-end=\"1932\">obligations l\u00e9gales et comptables<\/strong>.<\/p><\/li><\/ul>\t\t\t\t\t\t\t\t<\/div>\n\t\t\t\t<div class=\"elementor-element elementor-element-3b97374 elementor-widget elementor-widget-heading\" data-id=\"3b97374\" data-element_type=\"widget\" data-e-type=\"widget\" data-widget_type=\"heading.default\">\n\t\t\t\t\t<h2 class=\"elementor-heading-title elementor-size-default\">4. Base l\u00e9gale du traitement<\/h2>\t\t\t\t<\/div>\n\t\t\t\t<div class=\"elementor-element elementor-element-801d1e7 elementor-widget elementor-widget-text-editor\" data-id=\"801d1e7\" data-element_type=\"widget\" data-e-type=\"widget\" data-widget_type=\"text-editor.default\">\n\t\t\t\t\t\t\t\t\t<p data-start=\"1974\" data-end=\"2015\">Le traitement de vos donn\u00e9es repose sur :<\/p><ul data-start=\"2017\" data-end=\"2247\"><li data-start=\"2017\" data-end=\"2073\"><p data-start=\"2019\" data-end=\"2073\">L\u2019ex\u00e9cution d\u2019un <strong data-start=\"2036\" data-end=\"2047\">contrat<\/strong> (commande de produits).<\/p><\/li><li data-start=\"2074\" data-end=\"2128\"><p data-start=\"2076\" data-end=\"2128\">Le <strong data-start=\"2079\" data-end=\"2095\">consentement<\/strong> (inscription \u00e0 la newsletter).<\/p><\/li><li data-start=\"2129\" data-end=\"2182\"><p data-start=\"2131\" data-end=\"2182\">L\u2019<strong data-start=\"2133\" data-end=\"2154\">obligation l\u00e9gale<\/strong> (facturation, garanties).<\/p><\/li><li data-start=\"2183\" data-end=\"2247\"><p data-start=\"2185\" data-end=\"2247\">L\u2019<strong data-start=\"2187\" data-end=\"2207\">int\u00e9r\u00eat l\u00e9gitime<\/strong> de NIGELUX pour am\u00e9liorer ses services.<\/p><\/li><\/ul>\t\t\t\t\t\t\t\t<\/div>\n\t\t\t\t<div class=\"elementor-element elementor-element-45a8195 elementor-widget elementor-widget-heading\" data-id=\"45a8195\" data-element_type=\"widget\" data-e-type=\"widget\" data-widget_type=\"heading.default\">\n\t\t\t\t\t<h2 class=\"elementor-heading-title elementor-size-default\">5. Dur\u00e9e de conservation<\/h2>\t\t\t\t<\/div>\n\t\t\t\t<div class=\"elementor-element elementor-element-d763bc3 elementor-widget elementor-widget-text-editor\" data-id=\"d763bc3\" data-element_type=\"widget\" data-e-type=\"widget\" data-widget_type=\"text-editor.default\">\n\t\t\t\t\t\t\t\t\t<ul data-start=\"2284\" data-end=\"2514\"><li data-start=\"2284\" data-end=\"2348\"><p data-start=\"2286\" data-end=\"2348\">Donn\u00e9es clients : 3 ans apr\u00e8s le dernier contact commercial.<\/p><\/li><li data-start=\"2349\" data-end=\"2405\"><p data-start=\"2351\" data-end=\"2405\">Donn\u00e9es de facturation : 10 ans (obligation l\u00e9gale).<\/p><\/li><li data-start=\"2406\" data-end=\"2450\"><p data-start=\"2408\" data-end=\"2450\">Donn\u00e9es de navigation : 13 mois maximum.<\/p><\/li><li data-start=\"2451\" data-end=\"2514\"><p data-start=\"2453\" data-end=\"2514\">Donn\u00e9es de newsletter : jusqu\u2019\u00e0 la demande de d\u00e9sinscription.<\/p><\/li><\/ul>\t\t\t\t\t\t\t\t<\/div>\n\t\t\t\t<div class=\"elementor-element elementor-element-5f1e765 elementor-widget elementor-widget-heading\" data-id=\"5f1e765\" data-element_type=\"widget\" data-e-type=\"widget\" data-widget_type=\"heading.default\">\n\t\t\t\t\t<h2 class=\"elementor-heading-title elementor-size-default\">6. Partage des donn\u00e9es<\/h2>\t\t\t\t<\/div>\n\t\t\t\t<div class=\"elementor-element elementor-element-f1f49d3 elementor-widget elementor-widget-text-editor\" data-id=\"f1f49d3\" data-element_type=\"widget\" data-e-type=\"widget\" data-widget_type=\"text-editor.default\">\n\t\t\t\t\t\t\t\t\t<p data-start=\"2549\" data-end=\"2723\">Nous ne vendons <strong data-start=\"2565\" data-end=\"2575\">jamais<\/strong> vos donn\u00e9es.<br data-start=\"2588\" data-end=\"2591\" \/>Cependant, certaines informations peuvent \u00eatre transmises \u00e0 nos <strong data-start=\"2655\" data-end=\"2684\">prestataires de confiance<\/strong> uniquement pour assurer nos services :<\/p><ul data-start=\"2725\" data-end=\"2877\"><li data-start=\"2725\" data-end=\"2768\"><p data-start=\"2727\" data-end=\"2768\">Transporteurs et services de livraison.<\/p><\/li><li data-start=\"2769\" data-end=\"2831\"><p data-start=\"2771\" data-end=\"2831\">Plateformes de paiement s\u00e9curis\u00e9es (Stripe, PayPal, etc.).<\/p><\/li><li data-start=\"2832\" data-end=\"2877\"><p data-start=\"2834\" data-end=\"2877\">H\u00e9bergeur du site et prestataire technique.<\/p><\/li><\/ul><p data-start=\"2879\" data-end=\"2961\">Tous nos prestataires respectent le <strong data-start=\"2915\" data-end=\"2923\">RGPD<\/strong> et la confidentialit\u00e9 de vos donn\u00e9es.<\/p>\t\t\t\t\t\t\t\t<\/div>\n\t\t\t\t<div class=\"elementor-element elementor-element-c01e62f elementor-widget elementor-widget-heading\" data-id=\"c01e62f\" data-element_type=\"widget\" data-e-type=\"widget\" data-widget_type=\"heading.default\">\n\t\t\t\t\t<h2 class=\"elementor-heading-title elementor-size-default\">7. S\u00e9curit\u00e9 des donn\u00e9es<\/h2>\t\t\t\t<\/div>\n\t\t\t\t<div class=\"elementor-element elementor-element-e027366 elementor-widget elementor-widget-text-editor\" data-id=\"e027366\" data-element_type=\"widget\" data-e-type=\"widget\" data-widget_type=\"text-editor.default\">\n\t\t\t\t\t\t\t\t\t<p>Nous mettons en \u0153uvre toutes les mesures techniques et organisationnelles n\u00e9cessaires pour garantir la <strong data-start=\"3100\" data-end=\"3112\">s\u00e9curit\u00e9<\/strong> de vos donn\u00e9es personnelles :<br data-start=\"3142\" data-end=\"3145\" \/>certificat SSL, serveurs s\u00e9curis\u00e9s, acc\u00e8s restreint, et cryptage des paiements.<\/p>\t\t\t\t\t\t\t\t<\/div>\n\t\t\t\t<div class=\"elementor-element elementor-element-eb1814d elementor-widget elementor-widget-heading\" data-id=\"eb1814d\" data-element_type=\"widget\" data-e-type=\"widget\" data-widget_type=\"heading.default\">\n\t\t\t\t\t<h2 class=\"elementor-heading-title elementor-size-default\">8. Vos droits<\/h2>\t\t\t\t<\/div>\n\t\t\t\t<div class=\"elementor-element elementor-element-28c856e elementor-widget elementor-widget-text-editor\" data-id=\"28c856e\" data-element_type=\"widget\" data-e-type=\"widget\" data-widget_type=\"text-editor.default\">\n\t\t\t\t\t\t\t\t\t<p data-start=\"3250\" data-end=\"3307\">Conform\u00e9ment au RGPD, vous disposez des droits suivants :<\/p><ul data-start=\"3309\" data-end=\"3536\"><li data-start=\"3309\" data-end=\"3341\"><p data-start=\"3311\" data-end=\"3341\">Droit d\u2019acc\u00e8s \u00e0 vos donn\u00e9es.<\/p><\/li><li data-start=\"3342\" data-end=\"3385\"><p data-start=\"3344\" data-end=\"3385\">Droit de rectification ou d\u2019effacement.<\/p><\/li><li data-start=\"3386\" data-end=\"3440\"><p data-start=\"3388\" data-end=\"3440\">Droit d\u2019opposition ou de limitation du traitement.<\/p><\/li><li data-start=\"3441\" data-end=\"3483\"><p data-start=\"3443\" data-end=\"3483\">Droit \u00e0 la portabilit\u00e9 de vos donn\u00e9es.<\/p><\/li><li data-start=\"3484\" data-end=\"3536\"><p data-start=\"3486\" data-end=\"3536\">Droit de retirer votre consentement \u00e0 tout moment.<\/p><\/li><\/ul><p data-start=\"3538\" data-end=\"3612\">Pour exercer vos droits, contactez-nous \u00e0 :<br data-start=\"3581\" data-end=\"3584\" \/>\ud83d\udce7 <strong data-start=\"3587\" data-end=\"3612\">[<a class=\"decorated-link cursor-pointer\" rel=\"noopener\">contact@nigelux.com]<\/a><\/strong><\/p><p data-start=\"3538\" data-end=\"3612\">Vous pouvez \u00e9galement d\u00e9poser une r\u00e9clamation aupr\u00e8s de la <strong data-start=\"3673\" data-end=\"3681\">CNIL<\/strong> (<a class=\"decorated-link cursor-pointer\" target=\"_new\" rel=\"noopener\" data-start=\"3683\" data-end=\"3694\">www.cnil.fr)<\/a><\/p>\t\t\t\t\t\t\t\t<\/div>\n\t\t\t\t<div class=\"elementor-element elementor-element-6ebb0d0 elementor-widget elementor-widget-heading\" data-id=\"6ebb0d0\" data-element_type=\"widget\" data-e-type=\"widget\" data-widget_type=\"heading.default\">\n\t\t\t\t\t<h2 class=\"elementor-heading-title elementor-size-default\">9. COOKIES<\/h2>\t\t\t\t<\/div>\n\t\t\t\t<div class=\"elementor-element elementor-element-4bd7f2b elementor-widget elementor-widget-text-editor\" data-id=\"4bd7f2b\" data-element_type=\"widget\" data-e-type=\"widget\" data-widget_type=\"text-editor.default\">\n\t\t\t\t\t\t\t\t\t<p data-start=\"3719\" data-end=\"3773\">Le site <a class=\"decorated-link cursor-pointer\" target=\"_new\" rel=\"noopener\" data-start=\"3727\" data-end=\"3742\">www.nigelux.com<\/a><\/p><p data-start=\"3719\" data-end=\"3773\">utilise des <strong data-start=\"3755\" data-end=\"3766\">cookies<\/strong> pour :<\/p><ul data-start=\"3775\" data-end=\"3929\"><li data-start=\"3775\" data-end=\"3838\"><p data-start=\"3777\" data-end=\"3838\">Analyser la fr\u00e9quentation du site (Google Analytics, etc.).<\/p><\/li><li data-start=\"3839\" data-end=\"3887\"><p data-start=\"3841\" data-end=\"3887\">Am\u00e9liorer la navigation et les performances.<\/p><\/li><li data-start=\"3888\" data-end=\"3929\"><p data-start=\"3890\" data-end=\"3929\">Personnaliser votre exp\u00e9rience d\u2019achat.<\/p><\/li><\/ul><p data-start=\"3931\" data-end=\"4060\">Vous pouvez \u00e0 tout moment <strong data-start=\"3957\" data-end=\"3980\">accepter ou refuser<\/strong> les cookies via le bandeau d\u2019information ou les param\u00e8tres de votre navigateur.<\/p>\t\t\t\t\t\t\t\t<\/div>\n\t\t\t\t<div class=\"elementor-element elementor-element-c623147 elementor-widget elementor-widget-heading\" data-id=\"c623147\" data-element_type=\"widget\" data-e-type=\"widget\" data-widget_type=\"heading.default\">\n\t\t\t\t\t<h2 class=\"elementor-heading-title elementor-size-default\">10. Modifications de la politique<\/h2>\t\t\t\t<\/div>\n\t\t\t\t<div class=\"elementor-element elementor-element-f65661e elementor-widget elementor-widget-text-editor\" data-id=\"f65661e\" data-element_type=\"widget\" data-e-type=\"widget\" data-widget_type=\"text-editor.default\">\n\t\t\t\t\t\t\t\t\t<p>Nous nous r\u00e9servons le droit de modifier cette politique \u00e0 tout moment.<br data-start=\"4177\" data-end=\"4180\" \/>La date de mise \u00e0 jour sera indiqu\u00e9e en haut de la page.<br data-start=\"4236\" data-end=\"4239\" \/>Nous vous encourageons \u00e0 consulter r\u00e9guli\u00e8rement cette page.<\/p>\t\t\t\t\t\t\t\t<\/div>\n\t\t\t\t<div class=\"elementor-element elementor-element-3f8a083 elementor-widget elementor-widget-heading\" data-id=\"3f8a083\" data-element_type=\"widget\" data-e-type=\"widget\" data-widget_type=\"heading.default\">\n\t\t\t\t\t<h2 class=\"elementor-heading-title elementor-size-default\">11. Contact<\/h2>\t\t\t\t<\/div>\n\t\t\t\t<div class=\"elementor-element elementor-element-52a40fa elementor-widget elementor-widget-text-editor\" data-id=\"52a40fa\" data-element_type=\"widget\" data-e-type=\"widget\" data-widget_type=\"text-editor.default\">\n\t\t\t\t\t\t\t\t\t<p>Pour toute question relative \u00e0 la protection de vos donn\u00e9es personnelles, contactez-nous \u00e0 :<br data-start=\"4415\" data-end=\"4418\" \/>\ud83d\udce9 <strong data-start=\"4421\" data-end=\"4444\"><a class=\"decorated-link cursor-pointer\" rel=\"noopener\" data-start=\"4423\" data-end=\"4442\">contact@nigelux.com<\/a><\/strong><\/p>\t\t\t\t\t\t\t\t<\/div>\n\t\t\t\t\t<\/div>\n\t\t\t\t<\/div>\n\t\t\t\t<\/div>\n\t\t","protected":false},"excerpt":{"rendered":"<p>Politique de confidentialit\u00e9 Politique de confidentialit\u00e9 \u2014 NIGELUX Derni\u00e8re mise \u00e0 jour : [27 f\u00e9virer 2026] La pr\u00e9sente politique de confidentialit\u00e9 d\u00e9crit la mani\u00e8re dont NIGELUX (ci-apr\u00e8s \u00ab nous \u00bb, \u00ab notre \u00bb ou \u00ab nos \u00bb) collecte, utilise et prot\u00e8ge les informations personnelles que vous nous transmettez lorsque vous utilisez notre site internet www.nigelux.com [&hellip;]<\/p>\n","protected":false},"author":1,"featured_media":0,"parent":0,"menu_order":0,"comment_status":"closed","ping_status":"closed","template":"","meta":{"_glsr_average":0,"_glsr_ranking":0,"_glsr_reviews":0,"footnotes":""},"class_list":["post-69","page","type-page","status-publish","hentry"],"_links":{"self":[{"href":"https:\/\/nigelux.com\/en\/wp-json\/wp\/v2\/pages\/69","targetHints":{"allow":["GET"]}}],"collection":[{"href":"https:\/\/nigelux.com\/en\/wp-json\/wp\/v2\/pages"}],"about":[{"href":"https:\/\/nigelux.com\/en\/wp-json\/wp\/v2\/types\/page"}],"author":[{"embeddable":true,"href":"https:\/\/nigelux.com\/en\/wp-json\/wp\/v2\/users\/1"}],"replies":[{"embeddable":true,"href":"https:\/\/nigelux.com\/en\/wp-json\/wp\/v2\/comments?post=69"}],"version-history":[{"count":20,"href":"https:\/\/nigelux.com\/en\/wp-json\/wp\/v2\/pages\/69\/revisions"}],"predecessor-version":[{"id":1264,"href":"https:\/\/nigelux.com\/en\/wp-json\/wp\/v2\/pages\/69\/revisions\/1264"}],"wp:attachment":[{"href":"https:\/\/nigelux.com\/en\/wp-json\/wp\/v2\/media?parent=69"}],"curies":[{"name":"wp","href":"https:\/\/api.w.org\/{rel}","templated":true}]}}