{"id":67,"date":"2025-11-04T11:35:44","date_gmt":"2025-11-04T11:35:44","guid":{"rendered":"https:\/\/nigelux.com\/shop\/?page_id=67"},"modified":"2026-02-27T20:32:53","modified_gmt":"2026-02-27T20:32:53","slug":"conditions-generales-de-vente","status":"publish","type":"page","link":"https:\/\/nigelux.com\/en\/conditions-generales-de-vente\/","title":{"rendered":"Conditions G\u00e9n\u00e9rales de Vente et d&rsquo;utilisation"},"content":{"rendered":"<div data-elementor-type=\"wp-post\" data-elementor-id=\"67\" class=\"elementor elementor-67\" data-elementor-post-type=\"page\">\n\t\t\t\t<div class=\"elementor-element elementor-element-3bf783f6 e-flex e-con-boxed e-con e-parent\" data-id=\"3bf783f6\" data-element_type=\"container\" data-e-type=\"container\" data-settings=\"{&quot;background_background&quot;:&quot;classic&quot;}\">\n\t\t\t\t\t<div class=\"e-con-inner\">\n\t\t\t\t<div class=\"elementor-element elementor-element-72a60d9c elementor-widget elementor-widget-heading\" data-id=\"72a60d9c\" data-element_type=\"widget\" data-e-type=\"widget\" data-widget_type=\"heading.default\">\n\t\t\t\t\t<h2 class=\"elementor-heading-title elementor-size-default\">Conditions G\u00e9n\u00e9rales de Vente<\/h2>\t\t\t\t<\/div>\n\t\t\t\t\t<\/div>\n\t\t\t\t<\/div>\n\t\t<div class=\"elementor-element elementor-element-7f16d7f5 e-flex e-con-boxed e-con e-parent\" data-id=\"7f16d7f5\" data-element_type=\"container\" data-e-type=\"container\" data-settings=\"{&quot;background_background&quot;:&quot;classic&quot;}\">\n\t\t\t\t\t<div class=\"e-con-inner\">\n\t\t\t\t<div class=\"elementor-element elementor-element-af51e4d elementor-widget elementor-widget-heading\" data-id=\"af51e4d\" data-element_type=\"widget\" data-e-type=\"widget\" data-widget_type=\"heading.default\">\n\t\t\t\t\t<h2 class=\"elementor-heading-title elementor-size-default\">Conditions G\u00e9n\u00e9rales de Vente et d\u2019Utilisation \u2014 NIGELUX<\/h2>\t\t\t\t<\/div>\n\t\t\t\t<div class=\"elementor-element elementor-element-ee4dfe9 elementor-widget elementor-widget-text-editor\" data-id=\"ee4dfe9\" data-element_type=\"widget\" data-e-type=\"widget\" data-widget_type=\"text-editor.default\">\n\t\t\t\t\t\t\t\t\t<p data-start=\"448\" data-end=\"491\"><strong data-start=\"448\" data-end=\"491\">Derni\u00e8re mise \u00e0 jour : 27 f\u00e9vrier 2026<\/strong><\/p><p data-start=\"493\" data-end=\"733\">Les pr\u00e9sentes <strong data-start=\"507\" data-end=\"557\">Conditions G\u00e9n\u00e9rales de Vente et d\u2019Utilisation<\/strong> (ci-apr\u00e8s les \u201cCGV\/CGU\u201d) r\u00e9gissent l\u2019ensemble des ventes de produits cosm\u00e9tiques et des services propos\u00e9s sur le site <strong data-start=\"676\" data-end=\"695\"><a class=\"decorated-link cursor-pointer\" target=\"_new\" rel=\"noopener\" data-start=\"678\" data-end=\"693\">www.nigelux.com<\/a><\/strong><\/p>\t\t\t\t\t\t\t\t<\/div>\n\t\t\t\t<div class=\"elementor-element elementor-element-2a542b6 elementor-widget elementor-widget-heading\" data-id=\"2a542b6\" data-element_type=\"widget\" data-e-type=\"widget\" data-widget_type=\"heading.default\">\n\t\t\t\t\t<h2 class=\"elementor-heading-title elementor-size-default\">1.Informations L\u00e9gales<\/h2>\t\t\t\t<\/div>\n\t\t\t\t<div class=\"elementor-element elementor-element-79108de elementor-widget elementor-widget-text-editor\" data-id=\"79108de\" data-element_type=\"widget\" data-e-type=\"widget\" data-widget_type=\"text-editor.default\">\n\t\t\t\t\t\t\t\t\t<p><strong data-start=\"768\" data-end=\"779\">NIGELUX BEAUTY<\/strong><br data-start=\"779\" data-end=\"782\" \/>Si\u00e8ge social : 27 boulevard g\u00e9n\u00e9ral vautrin, 06400 Cannes<br data-start=\"818\" data-end=\"821\" \/>Email : <a class=\"decorated-link cursor-pointer\" rel=\"noopener\">contact@nigelux.com<\/a><\/p><p><a class=\"decorated-link cursor-pointer\" rel=\"noopener\">SIRET : <strong>99469369500011<\/strong><br data-start=\"874\" data-end=\"877\" \/>Responsable de publication : Garcia Ludovic\u00a0<br data-start=\"924\" data-end=\"927\" \/>H\u00e9bergeur : ovh, wordpress<\/a><\/p>\t\t\t\t\t\t\t\t<\/div>\n\t\t\t\t<div class=\"elementor-element elementor-element-c931ac5 elementor-widget elementor-widget-heading\" data-id=\"c931ac5\" data-element_type=\"widget\" data-e-type=\"widget\" data-widget_type=\"heading.default\">\n\t\t\t\t\t<h2 class=\"elementor-heading-title elementor-size-default\">2. OBJET<\/h2>\t\t\t\t<\/div>\n\t\t\t\t<div class=\"elementor-element elementor-element-b5c2eb5 elementor-widget elementor-widget-text-editor\" data-id=\"b5c2eb5\" data-element_type=\"widget\" data-e-type=\"widget\" data-widget_type=\"text-editor.default\">\n\t\t\t\t\t\t\t\t\t<p>Les pr\u00e9sentes conditions ont pour objet de d\u00e9finir les droits et obligations des parties dans le cadre de la vente en ligne de produits propos\u00e9s par <strong data-start=\"1157\" data-end=\"1168\">Nigelux<\/strong> au consommateur.Toute commande pass\u00e9e sur le site implique l\u2019acceptation pleine et enti\u00e8re des pr\u00e9sentes CGV\/CGU.<\/p>\t\t\t\t\t\t\t\t<\/div>\n\t\t\t\t<div class=\"elementor-element elementor-element-28f0635 elementor-widget elementor-widget-heading\" data-id=\"28f0635\" data-element_type=\"widget\" data-e-type=\"widget\" data-widget_type=\"heading.default\">\n\t\t\t\t\t<h2 class=\"elementor-heading-title elementor-size-default\">3. PRODUITS<\/h2>\t\t\t\t<\/div>\n\t\t\t\t<div class=\"elementor-element elementor-element-dc638e8 elementor-widget elementor-widget-text-editor\" data-id=\"dc638e8\" data-element_type=\"widget\" data-e-type=\"widget\" data-widget_type=\"text-editor.default\">\n\t\t\t\t\t\t\t\t\t<p data-start=\"1307\" data-end=\"1627\">Les produits propos\u00e9s \u00e0 la vente sont d\u00e9crits et pr\u00e9sent\u00e9s avec la plus grande exactitude possible (photos, descriptions, ingr\u00e9dients, conseils d\u2019utilisation).<br data-start=\"1466\" data-end=\"1469\" \/>Cependant, une l\u00e9g\u00e8re diff\u00e9rence de teinte ou de pr\u00e9sentation peut exister entre la photo et le produit r\u00e9el, sans que cela n\u2019affecte la validit\u00e9 de la vente.<\/p><p data-start=\"1629\" data-end=\"1742\">Tous les produits <strong data-start=\"1647\" data-end=\"1658\">Nigelux<\/strong> sont conformes \u00e0 la r\u00e9glementation europ\u00e9enne sur les cosm\u00e9tiques (CE n\u00b01223\/2009).<\/p>\t\t\t\t\t\t\t\t<\/div>\n\t\t\t\t<div class=\"elementor-element elementor-element-710eca5 elementor-widget elementor-widget-heading\" data-id=\"710eca5\" data-element_type=\"widget\" data-e-type=\"widget\" data-widget_type=\"heading.default\">\n\t\t\t\t\t<h2 class=\"elementor-heading-title elementor-size-default\">4. PRIX<\/h2>\t\t\t\t<\/div>\n\t\t\t\t<div class=\"elementor-element elementor-element-50dfac9 elementor-widget elementor-widget-text-editor\" data-id=\"50dfac9\" data-element_type=\"widget\" data-e-type=\"widget\" data-widget_type=\"text-editor.default\">\n\t\t\t\t\t\t\t\t\t<p data-start=\"1761\" data-end=\"1921\">Les prix sont indiqu\u00e9s en <strong data-start=\"1787\" data-end=\"1800\">euros TTC<\/strong>, incluant la TVA applicable au jour de la commande.<br data-start=\"1852\" data-end=\"1855\" \/>Les frais de livraison sont pr\u00e9cis\u00e9s avant la validation finale.<\/p><p data-start=\"1923\" data-end=\"2068\"><strong data-start=\"1923\" data-end=\"1934\">Nigelux<\/strong> se r\u00e9serve le droit de modifier ses prix \u00e0 tout moment, mais les produits sont factur\u00e9s au tarif en vigueur au moment de la commande.<\/p>\t\t\t\t\t\t\t\t<\/div>\n\t\t\t\t<div class=\"elementor-element elementor-element-0b1a594 elementor-widget elementor-widget-heading\" data-id=\"0b1a594\" data-element_type=\"widget\" data-e-type=\"widget\" data-widget_type=\"heading.default\">\n\t\t\t\t\t<h2 class=\"elementor-heading-title elementor-size-default\">5. COMMANDE<\/h2>\t\t\t\t<\/div>\n\t\t\t\t<div class=\"elementor-element elementor-element-36bb9cd elementor-widget elementor-widget-text-editor\" data-id=\"36bb9cd\" data-element_type=\"widget\" data-e-type=\"widget\" data-widget_type=\"text-editor.default\">\n\t\t\t\t\t\t\t\t\t<p data-start=\"2091\" data-end=\"2123\">Le client peut passer commande :<\/p><ul data-start=\"2124\" data-end=\"2235\"><li data-start=\"2124\" data-end=\"2168\"><p data-start=\"2126\" data-end=\"2168\">directement sur le site <a class=\"decorated-link cursor-pointer\" target=\"_new\" rel=\"noopener\" data-start=\"2150\" data-end=\"2165\">www.nigelux.com<\/a><\/p><ul data-start=\"2124\" data-end=\"2235\"><li data-start=\"2169\" data-end=\"2235\"><p data-start=\"2171\" data-end=\"2235\">apr\u00e8s avoir cr\u00e9\u00e9 un compte client s\u00e9curis\u00e9, ou en mode \u201cinvit\u00e9\u201d.<\/p><\/li><\/ul><p data-start=\"2237\" data-end=\"2333\">Toute commande vaut <strong data-start=\"2257\" data-end=\"2309\">acceptation des prix et description des produits<\/strong> disponibles \u00e0 la vente.<\/p><p data-start=\"2335\" data-end=\"2416\">Une confirmation de commande est envoy\u00e9e par e-mail apr\u00e8s validation du paiement.<\/p><\/li><\/ul>\t\t\t\t\t\t\t\t<\/div>\n\t\t\t\t<div class=\"elementor-element elementor-element-23c5c50 elementor-widget elementor-widget-heading\" data-id=\"23c5c50\" data-element_type=\"widget\" data-e-type=\"widget\" data-widget_type=\"heading.default\">\n\t\t\t\t\t<h2 class=\"elementor-heading-title elementor-size-default\">6. PAIEMENT<\/h2>\t\t\t\t<\/div>\n\t\t\t\t<div class=\"elementor-element elementor-element-e24c8a3 elementor-widget elementor-widget-text-editor\" data-id=\"e24c8a3\" data-element_type=\"widget\" data-e-type=\"widget\" data-widget_type=\"text-editor.default\">\n\t\t\t\t\t\t\t\t\t<p data-start=\"2439\" data-end=\"2611\">Le paiement est exigible imm\u00e9diatement \u00e0 la commande.<br data-start=\"2492\" data-end=\"2495\" \/>Les r\u00e8glements s\u2019effectuent par <strong data-start=\"2527\" data-end=\"2545\">carte bancaire<\/strong>, <strong data-start=\"2547\" data-end=\"2557\">PayPal<\/strong>, ou <strong data-start=\"2562\" data-end=\"2589\">autres moyens s\u00e9curis\u00e9s<\/strong> propos\u00e9s sur le site.<\/p><p data-start=\"2613\" data-end=\"2771\">Les transactions sont enti\u00e8rement s\u00e9curis\u00e9es via nos prestataires de paiement agr\u00e9\u00e9s (Stripe, PayPal, etc.).<br data-start=\"2721\" data-end=\"2724\" \/><strong data-start=\"2724\" data-end=\"2735\">Nigelux<\/strong> ne conserve aucune donn\u00e9e bancaire.<\/p>\t\t\t\t\t\t\t\t<\/div>\n\t\t\t\t<div class=\"elementor-element elementor-element-e676efa elementor-widget elementor-widget-heading\" data-id=\"e676efa\" data-element_type=\"widget\" data-e-type=\"widget\" data-widget_type=\"heading.default\">\n\t\t\t\t\t<h2 class=\"elementor-heading-title elementor-size-default\">7. LIVRAISON<\/h2>\t\t\t\t<\/div>\n\t\t\t\t<div class=\"elementor-element elementor-element-ea33751 elementor-widget elementor-widget-text-editor\" data-id=\"ea33751\" data-element_type=\"widget\" data-e-type=\"widget\" data-widget_type=\"text-editor.default\">\n\t\t\t\t\t\t\t\t\t<p>Les produits sont livr\u00e9s \u00e0 l&rsquo;adresse indiqu\u00e9e lors de la commande.<\/p><h5 data-start=\"2865\" data-end=\"2888\">D\u00e9lais indicatifs :<\/h5><ul data-start=\"2889\" data-end=\"3017\"><li data-start=\"2889\" data-end=\"2935\"><p data-start=\"2891\" data-end=\"2935\">France m\u00e9tropolitaine : 2 \u00e0 5 jours ouvr\u00e9s<\/p><\/li><li data-start=\"2936\" data-end=\"2977\"><p data-start=\"2938\" data-end=\"2977\">Union europ\u00e9enne : 4 \u00e0 8 jours ouvr\u00e9s<\/p><\/li><li data-start=\"2978\" data-end=\"3017\"><p data-start=\"2980\" data-end=\"3017\">International : 6 \u00e0 15 jours ouvr\u00e9s<\/p><\/li><\/ul><p data-start=\"3019\" data-end=\"3113\">Les d\u00e9lais peuvent varier selon les transporteurs et ne constituent pas un engagement ferme.<\/p><p data-start=\"3115\" data-end=\"3243\">En cas de retard ou de perte de colis, <strong data-start=\"3154\" data-end=\"3165\">Nigelux<\/strong> accompagne le client dans la proc\u00e9dure de r\u00e9clamation aupr\u00e8s du transporteur.<\/p>\t\t\t\t\t\t\t\t<\/div>\n\t\t\t\t<div class=\"elementor-element elementor-element-505e585 elementor-widget elementor-widget-heading\" data-id=\"505e585\" data-element_type=\"widget\" data-e-type=\"widget\" data-widget_type=\"heading.default\">\n\t\t\t\t\t<h2 class=\"elementor-heading-title elementor-size-default\">8. R\u00e9tractation et retours<\/h2>\t\t\t\t<\/div>\n\t\t\t\t<div class=\"elementor-element elementor-element-501b5ad elementor-widget elementor-widget-text-editor\" data-id=\"501b5ad\" data-element_type=\"widget\" data-e-type=\"widget\" data-widget_type=\"text-editor.default\">\n\t\t\t\t\t\t\t\t\t<p data-start=\"3281\" data-end=\"3491\">Conform\u00e9ment \u00e0 l\u2019article <strong data-start=\"3306\" data-end=\"3344\">L221-18 du Code de la consommation<\/strong>, le client dispose d\u2019un d\u00e9lai de <strong data-start=\"3378\" data-end=\"3390\">14 jours<\/strong> \u00e0 compter de la r\u00e9ception de sa commande pour exercer son droit de r\u00e9tractation, sans justification.<\/p><p data-start=\"3493\" data-end=\"3624\">\u26a0\ufe0f Pour des raisons d\u2019hygi\u00e8ne et de s\u00e9curit\u00e9, <strong data-start=\"3539\" data-end=\"3623\">les produits ouverts, utilis\u00e9s ou descell\u00e9s ne peuvent \u00eatre repris ni rembours\u00e9s<\/strong>.<\/p><p data-start=\"3626\" data-end=\"3668\">Pour exercer votre droit de r\u00e9tractation :<\/p><p data-start=\"3626\" data-end=\"3668\">Envoyez une demande \u00e0 <strong data-start=\"3693\" data-end=\"3716\"><a class=\"decorated-link cursor-pointer\" rel=\"noopener\" data-start=\"3695\" data-end=\"3714\">contact@nigelux.com<\/a><\/strong><\/p><ul><li data-start=\"3669\" data-end=\"3749\"><p data-start=\"3671\" data-end=\"3749\">avec votre num\u00e9ro de commande.<\/p><\/li><li data-start=\"3750\" data-end=\"3845\"><p data-start=\"3752\" data-end=\"3845\">Les produits doivent \u00eatre retourn\u00e9s <strong data-start=\"3788\" data-end=\"3842\">neufs, non utilis\u00e9s, dans leur emballage d\u2019origine<\/strong>.<\/p><\/li><li data-start=\"3846\" data-end=\"3895\"><p data-start=\"3848\" data-end=\"3895\">Les frais de retour sont \u00e0 la charge du client.<\/p><\/li><\/ul>\t\t\t\t\t\t\t\t<\/div>\n\t\t\t\t<div class=\"elementor-element elementor-element-a5c7bf6 elementor-widget elementor-widget-heading\" data-id=\"a5c7bf6\" data-element_type=\"widget\" data-e-type=\"widget\" data-widget_type=\"heading.default\">\n\t\t\t\t\t<h2 class=\"elementor-heading-title elementor-size-default\">9. REMBOURSEMENT<\/h2>\t\t\t\t<\/div>\n\t\t\t\t<div class=\"elementor-element elementor-element-c5aa2ad elementor-widget elementor-widget-text-editor\" data-id=\"c5aa2ad\" data-element_type=\"widget\" data-e-type=\"widget\" data-widget_type=\"text-editor.default\">\n\t\t\t\t\t\t\t\t\t<p>Le remboursement est effectu\u00e9 dans un d\u00e9lai maximum de <strong data-start=\"3978\" data-end=\"3990\">14 jours<\/strong> apr\u00e8s r\u00e9ception et v\u00e9rification des produits retourn\u00e9s.<br data-start=\"4046\" data-end=\"4049\" \/>Le montant est recr\u00e9dit\u00e9 via le m\u00eame moyen de paiement que celui utilis\u00e9 lors de la commande..<\/p>\t\t\t\t\t\t\t\t<\/div>\n\t\t\t\t<div class=\"elementor-element elementor-element-41bc971 elementor-widget elementor-widget-heading\" data-id=\"41bc971\" data-element_type=\"widget\" data-e-type=\"widget\" data-widget_type=\"heading.default\">\n\t\t\t\t\t<h2 class=\"elementor-heading-title elementor-size-default\">10. GARANTIE<\/h2>\t\t\t\t<\/div>\n\t\t\t\t<div class=\"elementor-element elementor-element-99150a6 elementor-widget elementor-widget-text-editor\" data-id=\"99150a6\" data-element_type=\"widget\" data-e-type=\"widget\" data-widget_type=\"text-editor.default\">\n\t\t\t\t\t\t\t\t\t<p data-start=\"4166\" data-end=\"4214\">Nos produits sont soumis aux garanties l\u00e9gales :<\/p><p data-start=\"4415\" data-end=\"4462\"><strong data-start=\"4415\" data-end=\"4426\">Nigelux<\/strong> ne saurait \u00eatre tenue responsable :<\/p><ul data-start=\"4463\" data-end=\"4605\"><li data-start=\"4463\" data-end=\"4507\"><p data-start=\"4465\" data-end=\"4507\">d\u2019une mauvaise utilisation des produits,<\/p><\/li><li data-start=\"4508\" data-end=\"4561\"><p data-start=\"4510\" data-end=\"4561\">de dommages r\u00e9sultant d\u2019une n\u00e9gligence du client,<\/p><\/li><li data-start=\"4562\" data-end=\"4605\"><p data-start=\"4564\" data-end=\"4605\">ou de retards imputables au transporteur.<\/p><\/li><\/ul><p data-start=\"4607\" data-end=\"4716\">En cas de doute sur la tol\u00e9rance d\u2019un produit, il est conseill\u00e9 de r\u00e9aliser un test cutan\u00e9 avant utilisation.<\/p>\t\t\t\t\t\t\t\t<\/div>\n\t\t\t\t<div class=\"elementor-element elementor-element-5e10352 elementor-widget elementor-widget-heading\" data-id=\"5e10352\" data-element_type=\"widget\" data-e-type=\"widget\" data-widget_type=\"heading.default\">\n\t\t\t\t\t<h2 class=\"elementor-heading-title elementor-size-default\">11. RESPONSABILIT\u00c9<\/h2>\t\t\t\t<\/div>\n\t\t\t\t<div class=\"elementor-element elementor-element-720c183 elementor-widget elementor-widget-text-editor\" data-id=\"720c183\" data-element_type=\"widget\" data-e-type=\"widget\" data-widget_type=\"text-editor.default\">\n\t\t\t\t\t\t\t\t\t<p data-start=\"4415\" data-end=\"4462\"><strong data-start=\"4415\" data-end=\"4426\">Nigelux<\/strong> ne saurait \u00eatre tenue responsable :<\/p><ul data-start=\"4463\" data-end=\"4605\"><li data-start=\"4463\" data-end=\"4507\"><p data-start=\"4465\" data-end=\"4507\">d\u2019une mauvaise utilisation des produits,<\/p><\/li><li data-start=\"4508\" data-end=\"4561\"><p data-start=\"4510\" data-end=\"4561\">de dommages r\u00e9sultant d\u2019une n\u00e9gligence du client,<\/p><\/li><li data-start=\"4562\" data-end=\"4605\"><p data-start=\"4564\" data-end=\"4605\">ou de retards imputables au transporteur.<\/p><\/li><\/ul><p data-start=\"4607\" data-end=\"4716\">En cas de doute sur la tol\u00e9rance d\u2019un produit, il est conseill\u00e9 de r\u00e9aliser un test cutan\u00e9 avant utilisation.<\/p>\t\t\t\t\t\t\t\t<\/div>\n\t\t\t\t<div class=\"elementor-element elementor-element-ff0627a elementor-widget elementor-widget-heading\" data-id=\"ff0627a\" data-element_type=\"widget\" data-e-type=\"widget\" data-widget_type=\"heading.default\">\n\t\t\t\t\t<h2 class=\"elementor-heading-title elementor-size-default\">12. PROPRI\u00c9T\u00c9 INTELLECTUELLE<\/h2>\t\t\t\t<\/div>\n\t\t\t\t<div class=\"elementor-element elementor-element-ac69bfd elementor-widget elementor-widget-text-editor\" data-id=\"ac69bfd\" data-element_type=\"widget\" data-e-type=\"widget\" data-widget_type=\"text-editor.default\">\n\t\t\t\t\t\t\t\t\t<p>Tous les \u00e9l\u00e9ments du site <strong data-start=\"4782\" data-end=\"4801\"><a class=\"decorated-link cursor-pointer\" target=\"_new\" rel=\"noopener\" data-start=\"4784\" data-end=\"4799\">www.nigelux.com (textes, images, logos, vid\u00e9os, design, packaging, etc.) sont prot\u00e9g\u00e9s par le droit de la propri\u00e9t\u00e9 intellectuelle.<br data-start=\"4921\" data-end=\"4924\" \/>Toute reproduction, modification ou exploitation sans autorisation \u00e9crite est strictement interdite.<\/a><\/strong><\/p>\t\t\t\t\t\t\t\t<\/div>\n\t\t\t\t<div class=\"elementor-element elementor-element-e4d7f5b elementor-widget elementor-widget-heading\" data-id=\"e4d7f5b\" data-element_type=\"widget\" data-e-type=\"widget\" data-widget_type=\"heading.default\">\n\t\t\t\t\t<h2 class=\"elementor-heading-title elementor-size-default\">13. DONN\u00c9ES PERSONNELLES<\/h2>\t\t\t\t<\/div>\n\t\t\t\t<div class=\"elementor-element elementor-element-6f84a09 elementor-widget elementor-widget-text-editor\" data-id=\"6f84a09\" data-element_type=\"widget\" data-e-type=\"widget\" data-widget_type=\"text-editor.default\">\n\t\t\t\t\t\t\t\t\t<p>Les informations personnelles collect\u00e9es sur le site sont n\u00e9cessaires \u00e0 la gestion des commandes et \u00e0 la relation client.<br data-start=\"5181\" data-end=\"5184\" \/>Elles sont trait\u00e9es conform\u00e9ment \u00e0 notre <a class=\"decorated-link\" href=\"#\" rel=\"noopener\" data-start=\"5225\" data-end=\"5262\"><strong data-start=\"5226\" data-end=\"5258\">Privacy Policy<\/strong><\/a> Conform\u00e9ment au RGPD, chaque utilisateur dispose d\u2019un droit d\u2019acc\u00e8s, de rectification, de suppression et d\u2019opposition sur ses donn\u00e9es personnelles (voir politique RGPD).<\/p>\t\t\t\t\t\t\t\t<\/div>\n\t\t\t\t<div class=\"elementor-element elementor-element-68f1a11 elementor-widget elementor-widget-heading\" data-id=\"68f1a11\" data-element_type=\"widget\" data-e-type=\"widget\" data-widget_type=\"heading.default\">\n\t\t\t\t\t<h2 class=\"elementor-heading-title elementor-size-default\">14. COOKIES<\/h2>\t\t\t\t<\/div>\n\t\t\t\t<div class=\"elementor-element elementor-element-e8578d6 elementor-widget elementor-widget-text-editor\" data-id=\"e8578d6\" data-element_type=\"widget\" data-e-type=\"widget\" data-widget_type=\"text-editor.default\">\n\t\t\t\t\t\t\t\t\t<p>Le site <strong data-start=\"5465\" data-end=\"5484\"><a class=\"decorated-link cursor-pointer\" target=\"_new\" rel=\"noopener\" data-start=\"5467\" data-end=\"5482\">www.nigelux.comutilise des cookies pour am\u00e9liorer l\u2019exp\u00e9rience utilisateur et mesurer la performance.<br data-start=\"5571\" data-end=\"5574\" \/>Pour en savoir plus, consultez notre <\/a><a class=\"decorated-link\" href=\"#\" rel=\"noopener\" data-start=\"5611\" data-end=\"5650\">Cookie Policy<\/a><\/strong><\/p>\t\t\t\t\t\t\t\t<\/div>\n\t\t\t\t<div class=\"elementor-element elementor-element-6dedd12 elementor-widget elementor-widget-heading\" data-id=\"6dedd12\" data-element_type=\"widget\" data-e-type=\"widget\" data-widget_type=\"heading.default\">\n\t\t\t\t\t<h2 class=\"elementor-heading-title elementor-size-default\">15. DROIT APPLICABLE ET LITIGES<\/h2>\t\t\t\t<\/div>\n\t\t\t\t<div class=\"elementor-element elementor-element-d5661fd elementor-widget elementor-widget-text-editor\" data-id=\"d5661fd\" data-element_type=\"widget\" data-e-type=\"widget\" data-widget_type=\"text-editor.default\">\n\t\t\t\t\t\t\t\t\t<p>Les pr\u00e9sentes CGV\/CGU sont soumises au <strong data-start=\"5733\" data-end=\"5751\">droit fran\u00e7ais<\/strong>.<br data-start=\"5752\" data-end=\"5755\" \/>En cas de litige, une solution amiable sera recherch\u00e9e avant toute action judiciaire.<br data-start=\"5840\" data-end=\"5843\" \/>\u00c0 d\u00e9faut d\u2019accord, les tribunaux comp\u00e9tents seront ceux du ressort du si\u00e8ge social de <strong data-start=\"5929\" data-end=\"5940\">Nigelux<\/strong>.<\/p>\t\t\t\t\t\t\t\t<\/div>\n\t\t\t\t<div class=\"elementor-element elementor-element-98ce10e elementor-widget elementor-widget-heading\" data-id=\"98ce10e\" data-element_type=\"widget\" data-e-type=\"widget\" data-widget_type=\"heading.default\">\n\t\t\t\t\t<h2 class=\"elementor-heading-title elementor-size-default\">16. SERVICE CLIENT<\/h2>\t\t\t\t<\/div>\n\t\t\t\t<div class=\"elementor-element elementor-element-e7329c6 elementor-widget elementor-widget-text-editor\" data-id=\"e7329c6\" data-element_type=\"widget\" data-e-type=\"widget\" data-widget_type=\"text-editor.default\">\n\t\t\t\t\t\t\t\t\t<p data-start=\"5971\" data-end=\"6154\">Pour toute question, demande d\u2019information ou r\u00e9clamation, vous pouvez contacter notre service client :<br data-start=\"6074\" data-end=\"6077\" \/>\ud83d\udce9 <strong data-start=\"6080\" data-end=\"6103\"><a class=\"decorated-link cursor-pointer\" rel=\"noopener\" data-start=\"6082\" data-end=\"6101\">contact@nigelux.com<\/a><\/strong><\/p><p data-start=\"5971\" data-end=\"6154\">Horaires : du lundi au vendredi, de 9h \u00e0 17h.<\/p><p data-start=\"5971\" data-end=\"6154\"><strong data-start=\"6164\" data-end=\"6175\">Nigelux<\/strong>, marque inspir\u00e9e des rituels de beaut\u00e9 \u00e9gyptiens, s\u2019engage \u00e0 offrir des produits naturels, transparents et respectueux de votre bien-\u00eatre.<\/p>\t\t\t\t\t\t\t\t<\/div>\n\t\t\t\t\t<\/div>\n\t\t\t\t<\/div>\n\t\t\t\t<\/div>","protected":false},"excerpt":{"rendered":"<p>Conditions G\u00e9n\u00e9rales de Vente Conditions G\u00e9n\u00e9rales de Vente et d\u2019Utilisation \u2014 NIGELUX Derni\u00e8re mise \u00e0 jour : 27 f\u00e9vrier 2026 Les pr\u00e9sentes Conditions G\u00e9n\u00e9rales de Vente et d\u2019Utilisation (ci-apr\u00e8s les \u201cCGV\/CGU\u201d) r\u00e9gissent l\u2019ensemble des ventes de produits cosm\u00e9tiques et des services propos\u00e9s sur le site www.nigelux.com 1.Informations L\u00e9gales NIGELUX BEAUTYSi\u00e8ge social : 27 boulevard g\u00e9n\u00e9ral [&hellip;]<\/p>\n","protected":false},"author":1,"featured_media":0,"parent":0,"menu_order":0,"comment_status":"closed","ping_status":"closed","template":"","meta":{"_glsr_average":0,"_glsr_ranking":0,"_glsr_reviews":0,"footnotes":""},"class_list":["post-67","page","type-page","status-publish","hentry"],"_links":{"self":[{"href":"https:\/\/nigelux.com\/en\/wp-json\/wp\/v2\/pages\/67","targetHints":{"allow":["GET"]}}],"collection":[{"href":"https:\/\/nigelux.com\/en\/wp-json\/wp\/v2\/pages"}],"about":[{"href":"https:\/\/nigelux.com\/en\/wp-json\/wp\/v2\/types\/page"}],"author":[{"embeddable":true,"href":"https:\/\/nigelux.com\/en\/wp-json\/wp\/v2\/users\/1"}],"replies":[{"embeddable":true,"href":"https:\/\/nigelux.com\/en\/wp-json\/wp\/v2\/comments?post=67"}],"version-history":[{"count":27,"href":"https:\/\/nigelux.com\/en\/wp-json\/wp\/v2\/pages\/67\/revisions"}],"predecessor-version":[{"id":1273,"href":"https:\/\/nigelux.com\/en\/wp-json\/wp\/v2\/pages\/67\/revisions\/1273"}],"wp:attachment":[{"href":"https:\/\/nigelux.com\/en\/wp-json\/wp\/v2\/media?parent=67"}],"curies":[{"name":"wp","href":"https:\/\/api.w.org\/{rel}","templated":true}]}}