{"id":65,"date":"2025-11-04T12:23:53","date_gmt":"2025-11-04T12:23:53","guid":{"rendered":"https:\/\/nigelux.com\/shop\/?page_id=65"},"modified":"2026-02-27T20:30:29","modified_gmt":"2026-02-27T20:30:29","slug":"paiement","status":"publish","type":"page","link":"https:\/\/nigelux.com\/en\/paiement\/","title":{"rendered":"Paiement"},"content":{"rendered":"<div data-elementor-type=\"wp-post\" data-elementor-id=\"65\" class=\"elementor elementor-65\" data-elementor-post-type=\"page\">\n\t\t\t\t<div class=\"elementor-element elementor-element-7f9f2870 e-flex e-con-boxed e-con e-parent\" data-id=\"7f9f2870\" data-element_type=\"container\" data-e-type=\"container\" data-settings=\"{&quot;background_background&quot;:&quot;classic&quot;}\">\n\t\t\t\t\t<div class=\"e-con-inner\">\n\t\t\t\t<div class=\"elementor-element elementor-element-35fef16b elementor-widget elementor-widget-heading\" data-id=\"35fef16b\" data-element_type=\"widget\" data-e-type=\"widget\" data-widget_type=\"heading.default\">\n\t\t\t\t\t<h2 class=\"elementor-heading-title elementor-size-default\">Paiement s\u00e9curis\u00e9<\/h2>\t\t\t\t<\/div>\n\t\t\t\t\t<\/div>\n\t\t\t\t<\/div>\n\t\t<div class=\"elementor-element elementor-element-1e448ef0 e-flex e-con-boxed e-con e-parent\" data-id=\"1e448ef0\" data-element_type=\"container\" data-e-type=\"container\" data-settings=\"{&quot;background_background&quot;:&quot;classic&quot;}\">\n\t\t\t\t\t<div class=\"e-con-inner\">\n\t\t\t\t<div class=\"elementor-element elementor-element-94b77fe elementor-widget elementor-widget-heading\" data-id=\"94b77fe\" data-element_type=\"widget\" data-e-type=\"widget\" data-widget_type=\"heading.default\">\n\t\t\t\t\t<h2 class=\"elementor-heading-title elementor-size-default\">Paiement s\u00e9curis\u00e9 \u2014 NIGELUX<\/h2>\t\t\t\t<\/div>\n\t\t\t\t<div class=\"elementor-element elementor-element-e0a67af elementor-widget elementor-widget-text-editor\" data-id=\"e0a67af\" data-element_type=\"widget\" data-e-type=\"widget\" data-widget_type=\"text-editor.default\">\n\t\t\t\t\t\t\t\t\t<p data-start=\"368\" data-end=\"411\"><strong data-start=\"368\" data-end=\"411\">Derni\u00e8re mise \u00e0 jour : 27 f\u00e9vrier 2026<\/strong><\/p><p data-start=\"413\" data-end=\"611\">Chez <strong data-start=\"418\" data-end=\"429\">NIGELUX<\/strong>, votre s\u00e9curit\u00e9 est notre priorit\u00e9.<br data-start=\"465\" data-end=\"468\" \/>Nous mettons tout en \u0153uvre pour garantir un <strong data-start=\"512\" data-end=\"539\">paiement 100 % s\u00e9curis\u00e9<\/strong>, simple et transparent, quelle que soit la m\u00e9thode que vous choisissez.<\/p>\t\t\t\t\t\t\t\t<\/div>\n\t\t\t\t<div class=\"elementor-element elementor-element-982ca10 elementor-widget elementor-widget-heading\" data-id=\"982ca10\" data-element_type=\"widget\" data-e-type=\"widget\" data-widget_type=\"heading.default\">\n\t\t\t\t\t<h2 class=\"elementor-heading-title elementor-size-default\">1. Moyens de paiement accept\u00e9s<\/h2>\t\t\t\t<\/div>\n\t\t\t\t<div class=\"elementor-element elementor-element-9500408 elementor-widget elementor-widget-text-editor\" data-id=\"9500408\" data-element_type=\"widget\" data-e-type=\"widget\" data-widget_type=\"text-editor.default\">\n\t\t\t\t\t\t\t\t\t<p data-start=\"653\" data-end=\"754\">Sur <strong data-start=\"657\" data-end=\"676\"><a class=\"decorated-link cursor-pointer\" target=\"_new\" rel=\"noopener\" data-start=\"659\" data-end=\"674\">www.nigelux.com<\/a><\/strong><\/p><p data-start=\"653\" data-end=\"754\">vous pouvez r\u00e9gler vos achats en toute confiance gr\u00e2ce aux moyens suivants :<\/p><h5 data-start=\"756\" data-end=\"809\">\ud83d\udd39 Carte bancaire (Visa, Mastercard, Maestro, CB)<\/h5><p data-start=\"810\" data-end=\"1124\">Les paiements par carte bancaire sont trait\u00e9s via nos prestataires s\u00e9curis\u00e9s (<strong data-start=\"888\" data-end=\"898\">Stripe<\/strong>, <strong data-start=\"900\" data-end=\"910\">PayPal<\/strong>, ou <strong data-start=\"915\" data-end=\"935\">Shopify Payments<\/strong> selon la configuration de ton site).<br data-start=\"972\" data-end=\"975\" \/>Toutes les informations bancaires sont <strong data-start=\"1014\" data-end=\"1026\">crypt\u00e9es<\/strong> gr\u00e2ce au protocole <strong data-start=\"1046\" data-end=\"1075\">SSL (Secure Socket Layer)<\/strong> et <strong data-start=\"1079\" data-end=\"1106\">ne sont jamais stock\u00e9es<\/strong> sur nos serveurs.<\/p><h5 data-start=\"1126\" data-end=\"1139\">\ud83d\udd39 PayPal<\/h5><p data-start=\"1140\" data-end=\"1359\">Vous pouvez r\u00e9gler votre commande via votre compte <strong data-start=\"1191\" data-end=\"1201\">PayPal<\/strong>, sans communiquer vos informations bancaires.<br data-start=\"1247\" data-end=\"1250\" \/>PayPal vous permet de payer soit depuis votre solde PayPal, soit via votre carte bancaire, en toute s\u00e9curit\u00e9.<\/p><h5 data-start=\"1361\" data-end=\"1417\">\ud83d\udd39 Apple Pay \/ Google Pay<\/h5><p data-start=\"1418\" data-end=\"1536\">Ces solutions permettent un paiement rapide et s\u00e9curis\u00e9 depuis votre smartphone, sans saisie de coordonn\u00e9es bancaires.<\/p>\t\t\t\t\t\t\t\t<\/div>\n\t\t\t\t<div class=\"elementor-element elementor-element-43830f7 elementor-widget elementor-widget-heading\" data-id=\"43830f7\" data-element_type=\"widget\" data-e-type=\"widget\" data-widget_type=\"heading.default\">\n\t\t\t\t\t<h2 class=\"elementor-heading-title elementor-size-default\">2. S\u00e9curit\u00e9 des transactions<\/h2>\t\t\t\t<\/div>\n\t\t\t\t<div class=\"elementor-element elementor-element-d324c92 elementor-widget elementor-widget-text-editor\" data-id=\"d324c92\" data-element_type=\"widget\" data-e-type=\"widget\" data-widget_type=\"text-editor.default\">\n\t\t\t\t\t\t\t\t\t<p data-start=\"1579\" data-end=\"1693\">Toutes les transactions effectu\u00e9es sur le site <strong data-start=\"1626\" data-end=\"1637\">Nigelux<\/strong> sont prot\u00e9g\u00e9es par des protocoles de s\u00e9curit\u00e9 avanc\u00e9s :<\/p><ul data-start=\"1695\" data-end=\"1965\"><li data-start=\"1695\" data-end=\"1770\"><p data-start=\"1697\" data-end=\"1770\"><strong data-start=\"1697\" data-end=\"1715\">Certificat SSL<\/strong> : visible par le cadenas \ud83d\udd12 dans la barre d\u2019adresse.<\/p><\/li><li data-start=\"1771\" data-end=\"1870\"><p data-start=\"1773\" data-end=\"1870\"><strong data-start=\"1773\" data-end=\"1807\">Cryptage des donn\u00e9es bancaires<\/strong> : toutes les informations sont chiffr\u00e9es avant transmission.<\/p><\/li><li data-start=\"1871\" data-end=\"1965\"><p data-start=\"1873\" data-end=\"1965\"><strong data-start=\"1873\" data-end=\"1886\">3D Secure<\/strong> : validation par code SMS ou notification bancaire pour renforcer la s\u00e9curit\u00e9.<\/p><\/li><\/ul><p data-start=\"1967\" data-end=\"2180\">Aucune information de paiement n\u2019est conserv\u00e9e par <strong data-start=\"2018\" data-end=\"2029\">Nigelux<\/strong>.<br data-start=\"2030\" data-end=\"2033\" \/>Les donn\u00e9es sont directement transmises \u00e0 nos partenaires bancaires certifi\u00e9s <strong data-start=\"2111\" data-end=\"2122\">PCI DSS<\/strong> (norme internationale de s\u00e9curit\u00e9 des donn\u00e9es bancaires).<\/p>\t\t\t\t\t\t\t\t<\/div>\n\t\t\t\t<div class=\"elementor-element elementor-element-b5e189f elementor-widget elementor-widget-heading\" data-id=\"b5e189f\" data-element_type=\"widget\" data-e-type=\"widget\" data-widget_type=\"heading.default\">\n\t\t\t\t\t<h2 class=\"elementor-heading-title elementor-size-default\">3. Validation du paiement<\/h2>\t\t\t\t<\/div>\n\t\t\t\t<div class=\"elementor-element elementor-element-47e6e0d elementor-widget elementor-widget-text-editor\" data-id=\"47e6e0d\" data-element_type=\"widget\" data-e-type=\"widget\" data-widget_type=\"text-editor.default\">\n\t\t\t\t\t\t\t\t\t<p data-start=\"2217\" data-end=\"2252\">Lors du passage de votre commande :<\/p><ol data-start=\"2253\" data-end=\"2507\"><li data-start=\"2253\" data-end=\"2301\"><p data-start=\"2256\" data-end=\"2301\">Choisissez votre moyen de paiement pr\u00e9f\u00e9r\u00e9.<\/p><\/li><li data-start=\"2302\" data-end=\"2371\"><p data-start=\"2305\" data-end=\"2371\">Saisissez vos informations de paiement via notre page s\u00e9curis\u00e9e.<\/p><\/li><li data-start=\"2372\" data-end=\"2422\"><p data-start=\"2375\" data-end=\"2422\">Votre banque ou PayPal valide la transaction.<\/p><\/li><li data-start=\"2423\" data-end=\"2507\"><p data-start=\"2426\" data-end=\"2507\">Vous recevez un <strong data-start=\"2442\" data-end=\"2480\">e-mail de confirmation de commande<\/strong> de la part de <strong data-start=\"2495\" data-end=\"2506\">Nigelux<\/strong>.<\/p><\/li><\/ol><p data-start=\"2509\" data-end=\"2598\">En cas de refus de paiement, la commande n\u2019est pas valid\u00e9e et aucun d\u00e9bit n\u2019est effectu\u00e9.<\/p>\t\t\t\t\t\t\t\t<\/div>\n\t\t\t\t<div class=\"elementor-element elementor-element-fd635dc elementor-widget elementor-widget-heading\" data-id=\"fd635dc\" data-element_type=\"widget\" data-e-type=\"widget\" data-widget_type=\"heading.default\">\n\t\t\t\t\t<h2 class=\"elementor-heading-title elementor-size-default\">4. Lutte contre la fraude<\/h2>\t\t\t\t<\/div>\n\t\t\t\t<div class=\"elementor-element elementor-element-c5847cd elementor-widget elementor-widget-text-editor\" data-id=\"c5847cd\" data-element_type=\"widget\" data-e-type=\"widget\" data-widget_type=\"text-editor.default\">\n\t\t\t\t\t\t\t\t\t<p data-start=\"2635\" data-end=\"2718\">Pour votre s\u00e9curit\u00e9 et celle de notre communaut\u00e9, <strong data-start=\"2685\" data-end=\"2696\">Nigelux<\/strong> se r\u00e9serve le droit :<\/p><ul data-start=\"2719\" data-end=\"2923\"><li data-start=\"2719\" data-end=\"2786\"><p data-start=\"2721\" data-end=\"2786\">de <strong data-start=\"2724\" data-end=\"2765\">suspendre temporairement une commande<\/strong> pour v\u00e9rification,<\/p><\/li><li data-start=\"2787\" data-end=\"2877\"><p data-start=\"2789\" data-end=\"2877\">de <strong data-start=\"2792\" data-end=\"2825\">demander une pi\u00e8ce d\u2019identit\u00e9<\/strong> ou un justificatif en cas de suspicion de fraude,<\/p><\/li><li data-start=\"2878\" data-end=\"2923\"><p data-start=\"2880\" data-end=\"2923\">ou d\u2019<strong data-start=\"2885\" data-end=\"2909\">annuler une commande<\/strong> non conforme.<\/p><\/li><\/ul><p data-start=\"2925\" data-end=\"3032\">Ces mesures visent \u00e0 prot\u00e9ger les clients contre toute utilisation frauduleuse de leurs moyens de paiement.<\/p>\t\t\t\t\t\t\t\t<\/div>\n\t\t\t\t<div class=\"elementor-element elementor-element-8166eda elementor-widget elementor-widget-heading\" data-id=\"8166eda\" data-element_type=\"widget\" data-e-type=\"widget\" data-widget_type=\"heading.default\">\n\t\t\t\t\t<h2 class=\"elementor-heading-title elementor-size-default\">5. Facturation<\/h2>\t\t\t\t<\/div>\n\t\t\t\t<div class=\"elementor-element elementor-element-fb52cc1 elementor-widget elementor-widget-text-editor\" data-id=\"fb52cc1\" data-element_type=\"widget\" data-e-type=\"widget\" data-widget_type=\"text-editor.default\">\n\t\t\t\t\t\t\t\t\t<p>Une <strong data-start=\"3062\" data-end=\"3083\">facture d\u00e9taill\u00e9e<\/strong> est automatiquement g\u00e9n\u00e9r\u00e9e et envoy\u00e9e \u00e0 votre adresse e-mail apr\u00e8s validation du paiement.<br data-start=\"3175\" data-end=\"3178\" \/>Elle reste \u00e9galement disponible dans votre <strong data-start=\"3221\" data-end=\"3238\">espace client<\/strong> sur le site.<\/p>\t\t\t\t\t\t\t\t<\/div>\n\t\t\t\t<div class=\"elementor-element elementor-element-e98808f elementor-widget elementor-widget-heading\" data-id=\"e98808f\" data-element_type=\"widget\" data-e-type=\"widget\" data-widget_type=\"heading.default\">\n\t\t\t\t\t<h2 class=\"elementor-heading-title elementor-size-default\">6. Probl\u00e8mes de paiement<\/h2>\t\t\t\t<\/div>\n\t\t\t\t<div class=\"elementor-element elementor-element-755f050 elementor-widget elementor-widget-text-editor\" data-id=\"755f050\" data-element_type=\"widget\" data-e-type=\"widget\" data-widget_type=\"text-editor.default\">\n\t\t\t\t\t\t\t\t\t<p data-start=\"3287\" data-end=\"3531\">En cas de difficult\u00e9 lors du r\u00e8glement (erreur de carte, refus bancaire, page bloqu\u00e9e, etc.), vous pouvez contacter notre service client :<br data-start=\"3425\" data-end=\"3428\" \/>\ud83d\udce9 <strong data-start=\"3431\" data-end=\"3454\"><a class=\"decorated-link cursor-pointer\" rel=\"noopener\" data-start=\"3433\" data-end=\"3452\">contact@nigelux.com<\/a><\/strong><\/p><p data-start=\"3287\" data-end=\"3531\"><strong data-start=\"3431\" data-end=\"3454\"><a class=\"decorated-link cursor-pointer\" rel=\"noopener\" data-start=\"3433\" data-end=\"3452\">Nous vous r\u00e9pondrons dans les plus brefs d\u00e9lais pour trouver une solution.<\/a><\/strong><\/p>\t\t\t\t\t\t\t\t<\/div>\n\t\t\t\t<div class=\"elementor-element elementor-element-bcb9131 elementor-widget elementor-widget-heading\" data-id=\"bcb9131\" data-element_type=\"widget\" data-e-type=\"widget\" data-widget_type=\"heading.default\">\n\t\t\t\t\t<h2 class=\"elementor-heading-title elementor-size-default\">7. Confidentialit\u00e9 &amp; RGPD<\/h2>\t\t\t\t<\/div>\n\t\t\t\t<div class=\"elementor-element elementor-element-ba424f9 elementor-widget elementor-widget-text-editor\" data-id=\"ba424f9\" data-element_type=\"widget\" data-e-type=\"widget\" data-widget_type=\"text-editor.default\">\n\t\t\t\t\t\t\t\t\t<p>Toutes les donn\u00e9es personnelles collect\u00e9es dans le cadre du paiement sont trait\u00e9es conform\u00e9ment \u00e0 notre <a class=\"decorated-link\" href=\"#\" rel=\"noopener\" data-start=\"3672\" data-end=\"3709\"><strong data-start=\"3673\" data-end=\"3705\">Privacy Policy<\/strong><\/a><\/p>\t\t\t\t\t\t\t\t<\/div>\n\t\t\t\t<div class=\"elementor-element elementor-element-ef9af09 elementor-widget elementor-widget-heading\" data-id=\"ef9af09\" data-element_type=\"widget\" data-e-type=\"widget\" data-widget_type=\"heading.default\">\n\t\t\t\t\t<h2 class=\"elementor-heading-title elementor-size-default\">8. En r\u00e9sum\u00e9<\/h2>\t\t\t\t<\/div>\n\t\t\t\t<div class=\"elementor-element elementor-element-436cd32 elementor-widget elementor-widget-text-editor\" data-id=\"436cd32\" data-element_type=\"widget\" data-e-type=\"widget\" data-widget_type=\"text-editor.default\">\n\t\t\t\t\t\t\t\t\t<ul data-start=\"3801\" data-end=\"4000\"><li data-start=\"3801\" data-end=\"3848\"><p data-start=\"3803\" data-end=\"3848\">Paiement 100 % s\u00e9curis\u00e9 (SSL + 3D Secure)<\/p><\/li><li data-start=\"3849\" data-end=\"3896\"><p data-start=\"3851\" data-end=\"3896\">Plusieurs moyens de paiement disponibles<\/p><\/li><li data-start=\"3897\" data-end=\"3949\"><p data-start=\"3899\" data-end=\"3949\">Donn\u00e9es bancaires crypt\u00e9es et jamais stock\u00e9es<\/p><\/li><li data-start=\"3950\" data-end=\"4000\"><p data-start=\"3952\" data-end=\"4000\">Assistance personnalis\u00e9e en cas de probl\u00e8me<\/p><\/li><\/ul><p><strong data-start=\"4010\" data-end=\"4021\">NIGELUX<\/strong> \u2014 La beaut\u00e9 \u00e9thique, naturelle et transparente.<br data-start=\"4069\" data-end=\"4072\" \/>Parce que la confiance commence d\u00e8s le paiement.<\/p><hr data-start=\"613\" data-end=\"616\" \/>\t\t\t\t\t\t\t\t<\/div>\n\t\t\t\t\t<\/div>\n\t\t\t\t<\/div>\n\t\t\t\t<\/div>","protected":false},"excerpt":{"rendered":"<p>Paiement s\u00e9curis\u00e9 Paiement s\u00e9curis\u00e9 \u2014 NIGELUX Derni\u00e8re mise \u00e0 jour : 27 f\u00e9vrier 2026 Chez NIGELUX, votre s\u00e9curit\u00e9 est notre priorit\u00e9.Nous mettons tout en \u0153uvre pour garantir un paiement 100 % s\u00e9curis\u00e9, simple et transparent, quelle que soit la m\u00e9thode que vous choisissez. 1. Moyens de paiement accept\u00e9s Sur www.nigelux.com vous pouvez r\u00e9gler vos achats [&hellip;]<\/p>\n","protected":false},"author":1,"featured_media":0,"parent":0,"menu_order":0,"comment_status":"closed","ping_status":"closed","template":"","meta":{"_glsr_average":0,"_glsr_ranking":0,"_glsr_reviews":0,"footnotes":""},"class_list":["post-65","page","type-page","status-publish","hentry"],"_links":{"self":[{"href":"https:\/\/nigelux.com\/en\/wp-json\/wp\/v2\/pages\/65","targetHints":{"allow":["GET"]}}],"collection":[{"href":"https:\/\/nigelux.com\/en\/wp-json\/wp\/v2\/pages"}],"about":[{"href":"https:\/\/nigelux.com\/en\/wp-json\/wp\/v2\/types\/page"}],"author":[{"embeddable":true,"href":"https:\/\/nigelux.com\/en\/wp-json\/wp\/v2\/users\/1"}],"replies":[{"embeddable":true,"href":"https:\/\/nigelux.com\/en\/wp-json\/wp\/v2\/comments?post=65"}],"version-history":[{"count":14,"href":"https:\/\/nigelux.com\/en\/wp-json\/wp\/v2\/pages\/65\/revisions"}],"predecessor-version":[{"id":1267,"href":"https:\/\/nigelux.com\/en\/wp-json\/wp\/v2\/pages\/65\/revisions\/1267"}],"wp:attachment":[{"href":"https:\/\/nigelux.com\/en\/wp-json\/wp\/v2\/media?parent=65"}],"curies":[{"name":"wp","href":"https:\/\/api.w.org\/{rel}","templated":true}]}}