{"id":516,"date":"2025-11-04T12:33:43","date_gmt":"2025-11-04T12:33:43","guid":{"rendered":"https:\/\/nigelux.com\/shop\/?page_id=516"},"modified":"2026-03-17T21:16:15","modified_gmt":"2026-03-17T21:16:15","slug":"nous-contacter","status":"publish","type":"page","link":"https:\/\/nigelux.com\/en\/nous-contacter\/","title":{"rendered":"Nous contacter"},"content":{"rendered":"<h2>Nous contacter<\/h2>\n<h2>Nous contacter \u2014 NIGELUX<\/h2>\n<p data-start=\"389\" data-end=\"432\"><strong data-start=\"389\" data-end=\"432\">Derni\u00e8re mise \u00e0 jour : 27 f\u00e9vrier 2026<\/strong><\/p>\n<p data-start=\"434\" data-end=\"649\">Chez <strong data-start=\"439\" data-end=\"450\">NIGELUX<\/strong>, nous croyons que chaque cliente m\u00e9rite une attention personnalis\u00e9e.<br data-start=\"519\" data-end=\"522\" \/>Notre \u00e9quipe est \u00e0 votre \u00e9coute pour r\u00e9pondre \u00e0 toutes vos questions concernant nos produits, vos commandes ou nos engagements.<\/p>\n<h2>CUSTOMER SERVICE<\/h2>\n<p data-start=\"678\" data-end=\"779\">Notre <strong data-start=\"684\" data-end=\"702\">service client<\/strong> est disponible pour vous accompagner avant, pendant et apr\u00e8s votre commande.<\/p>\n<p data-start=\"781\" data-end=\"858\"><strong data-start=\"784\" data-end=\"798\">Horaires :<\/strong><br data-start=\"798\" data-end=\"801\" \/>Du lundi au vendredi \u2014 9h00 \u00e0 17h00<br data-start=\"836\" data-end=\"839\" \/>(sauf jours f\u00e9ri\u00e9s)<\/p>\n<p data-start=\"860\" data-end=\"1021\"><strong data-start=\"863\" data-end=\"883\">Adresse e-mail :<\/strong> <a rel=\"noopener\">contact@nigelux.com<\/a><\/p>\n<p data-start=\"860\" data-end=\"1021\"><strong data-start=\"911\" data-end=\"932\">Adresse postale :<\/strong><br data-start=\"932\" data-end=\"935\" \/><strong data-start=\"935\" data-end=\"946\">NIGELUX<\/strong><br data-start=\"946\" data-end=\"949\" \/>27 boulevard du g\u00e9n\u00e9ral vautrin,06400 Cannes\u2014 France<\/p>\n<h2>POUR TOUTE QUESTION SUR&#8230;<\/h2>\n<h5 data-start=\"1566\" data-end=\"1608\">Nos produits et leurs ingr\u00e9dients<\/h5>\n<p data-start=\"1609\" data-end=\"1796\">Notre \u00e9quipe vous guide sur nos formules naturelles, la meilleure routine capillaire pour votre type de cheveux, ou les sp\u00e9cificit\u00e9s de nos ingr\u00e9dients (Nigella, Jojoba, Bourrache, etc.).<\/p>\n<h5 data-start=\"1798\" data-end=\"1834\">Votre commande ou livraison<\/h5>\n<p data-start=\"1835\" data-end=\"1988\">Un souci de paiement, un suivi de colis ou un \u00e9change \u00e0 effectuer ?<br data-start=\"1902\" data-end=\"1905\" \/>Nous vous r\u00e9pondrons dans les plus brefs d\u00e9lais pour trouver la meilleure solution.<\/p>\n<h5 data-start=\"1990\" data-end=\"2028\">Partenariats &amp; collaborations<\/h5>\n<p data-start=\"2029\" data-end=\"2238\">Vous \u00eates influenceuse, cr\u00e9atrice de contenu ou professionnelle de la beaut\u00e9 ?<br data-start=\"2107\" data-end=\"2110\" \/>\u00c9crivez-nous avec la mention <strong data-start=\"2139\" data-end=\"2158\">\u201cCollaboration\u201d<\/strong> dans l\u2019objet \u2014 nous adorons d\u00e9couvrir de nouvelles personnalit\u00e9s inspirantes \ud83c\udf3f<\/p>\n<p data-start=\"2029\" data-end=\"2238\">\u00a0<strong data-start=\"2729\" data-end=\"2740\">NIGELUX<\/strong> \u2014 La beaut\u00e9 royale et naturelle, inspir\u00e9e des rituels de Cl\u00e9op\u00e2tre.<br data-start=\"2808\" data-end=\"2811\" \/>Chaque message compte, et chaque cliente est unique.<\/p>\n<p data-start=\"860\" data-end=\"1021\">\u00a0<\/p>","protected":false},"excerpt":{"rendered":"<p>Nous contacter Nous contacter \u2014 NIGELUX Derni\u00e8re mise \u00e0 jour : 27 f\u00e9vrier 2026 Chez NIGELUX, nous croyons que chaque cliente m\u00e9rite une attention personnalis\u00e9e.Notre \u00e9quipe est \u00e0 votre \u00e9coute pour r\u00e9pondre \u00e0 toutes vos questions concernant nos produits, vos commandes ou nos engagements. SERVICE CLIENT Notre service client est disponible pour vous accompagner avant, [&hellip;]<\/p>\n","protected":false},"author":1,"featured_media":0,"parent":0,"menu_order":0,"comment_status":"closed","ping_status":"closed","template":"","meta":{"_glsr_average":0,"_glsr_ranking":0,"_glsr_reviews":0,"footnotes":""},"class_list":["post-516","page","type-page","status-publish","hentry"],"_links":{"self":[{"href":"https:\/\/nigelux.com\/en\/wp-json\/wp\/v2\/pages\/516","targetHints":{"allow":["GET"]}}],"collection":[{"href":"https:\/\/nigelux.com\/en\/wp-json\/wp\/v2\/pages"}],"about":[{"href":"https:\/\/nigelux.com\/en\/wp-json\/wp\/v2\/types\/page"}],"author":[{"embeddable":true,"href":"https:\/\/nigelux.com\/en\/wp-json\/wp\/v2\/users\/1"}],"replies":[{"embeddable":true,"href":"https:\/\/nigelux.com\/en\/wp-json\/wp\/v2\/comments?post=516"}],"version-history":[{"count":28,"href":"https:\/\/nigelux.com\/en\/wp-json\/wp\/v2\/pages\/516\/revisions"}],"predecessor-version":[{"id":1288,"href":"https:\/\/nigelux.com\/en\/wp-json\/wp\/v2\/pages\/516\/revisions\/1288"}],"wp:attachment":[{"href":"https:\/\/nigelux.com\/en\/wp-json\/wp\/v2\/media?parent=516"}],"curies":[{"name":"wp","href":"https:\/\/api.w.org\/{rel}","templated":true}]}}