{"id":458,"date":"2025-11-03T14:01:42","date_gmt":"2025-11-03T14:01:42","guid":{"rendered":"https:\/\/nigelux.com\/shop\/?page_id=458"},"modified":"2026-02-27T20:31:12","modified_gmt":"2026-02-27T20:31:12","slug":"politique-de-confidentialite","status":"publish","type":"page","link":"https:\/\/nigelux.com\/en\/politique-de-confidentialite\/","title":{"rendered":"Politique de cookies"},"content":{"rendered":"<div data-elementor-type=\"wp-page\" data-elementor-id=\"458\" class=\"elementor elementor-458\" data-elementor-post-type=\"page\">\n\t\t\t\t<div class=\"elementor-element elementor-element-016e4f6 e-flex e-con-boxed e-con e-parent\" data-id=\"016e4f6\" data-element_type=\"container\" data-e-type=\"container\" data-settings=\"{&quot;background_background&quot;:&quot;classic&quot;}\">\n\t\t\t\t\t<div class=\"e-con-inner\">\n\t\t\t\t<div class=\"elementor-element elementor-element-5370735 elementor-widget elementor-widget-heading\" data-id=\"5370735\" data-element_type=\"widget\" data-e-type=\"widget\" data-widget_type=\"heading.default\">\n\t\t\t\t\t<h2 class=\"elementor-heading-title elementor-size-default\">Politique de cookies<\/h2>\t\t\t\t<\/div>\n\t\t\t\t\t<\/div>\n\t\t\t\t<\/div>\n\t\t<div class=\"elementor-element elementor-element-4ce10ec e-flex e-con-boxed e-con e-parent\" data-id=\"4ce10ec\" data-element_type=\"container\" data-e-type=\"container\" data-settings=\"{&quot;background_background&quot;:&quot;classic&quot;}\">\n\t\t\t\t\t<div class=\"e-con-inner\">\n\t\t\t\t<div class=\"elementor-element elementor-element-67aca80 elementor-widget elementor-widget-heading\" data-id=\"67aca80\" data-element_type=\"widget\" data-e-type=\"widget\" data-widget_type=\"heading.default\">\n\t\t\t\t\t<h2 class=\"elementor-heading-title elementor-size-default\">Politique de cookies \u2014 NIGELUX<\/h2>\t\t\t\t<\/div>\n\t\t\t\t<div class=\"elementor-element elementor-element-c47fe49 elementor-widget elementor-widget-text-editor\" data-id=\"c47fe49\" data-element_type=\"widget\" data-e-type=\"widget\" data-widget_type=\"text-editor.default\">\n\t\t\t\t\t\t\t\t\t<p data-start=\"380\" data-end=\"423\"><strong data-start=\"380\" data-end=\"423\">Derni\u00e8re mise \u00e0 jour : 27 f\u00e9vrier 2026<\/strong><\/p><p data-start=\"425\" data-end=\"761\">Chez <strong data-start=\"430\" data-end=\"441\">NIGELUX<\/strong>, nous accordons une grande importance \u00e0 la protection de vos donn\u00e9es personnelles et \u00e0 la transparence concernant l\u2019utilisation des cookies sur notre site <strong data-start=\"597\" data-end=\"616\"><a class=\"decorated-link cursor-pointer\" target=\"_new\" rel=\"noopener\" data-start=\"599\" data-end=\"614\">www.nigelux.com<\/a><\/strong><\/p>\t\t\t\t\t\t\t\t<\/div>\n\t\t\t\t<div class=\"elementor-element elementor-element-513bf93 elementor-widget elementor-widget-heading\" data-id=\"513bf93\" data-element_type=\"widget\" data-e-type=\"widget\" data-widget_type=\"heading.default\">\n\t\t\t\t\t<h2 class=\"elementor-heading-title elementor-size-default\">1. Qu\u2019est-ce qu\u2019un cookie ?<\/h2>\t\t\t\t<\/div>\n\t\t\t\t<div class=\"elementor-element elementor-element-df4cacc elementor-widget elementor-widget-text-editor\" data-id=\"df4cacc\" data-element_type=\"widget\" data-e-type=\"widget\" data-widget_type=\"text-editor.default\">\n\t\t\t\t\t\t\t\t\t<p>Un cookie est un petit fichier texte enregistr\u00e9 sur votre appareil (ordinateur, tablette, smartphone) lorsque vous visitez un site internet.<br data-start=\"940\" data-end=\"943\" \/>Il permet au site de reconna\u00eetre votre appareil et de m\u00e9moriser certaines informations concernant votre navigation (pr\u00e9f\u00e9rences, panier, pages visit\u00e9es, etc.).<\/p>\t\t\t\t\t\t\t\t<\/div>\n\t\t\t\t<div class=\"elementor-element elementor-element-1d4f559 elementor-widget elementor-widget-heading\" data-id=\"1d4f559\" data-element_type=\"widget\" data-e-type=\"widget\" data-widget_type=\"heading.default\">\n\t\t\t\t\t<h2 class=\"elementor-heading-title elementor-size-default\">2. Pourquoi utilisons-nous des cookies ?<\/h2>\t\t\t\t<\/div>\n\t\t\t\t<div class=\"elementor-element elementor-element-e5f6bf9 elementor-widget elementor-widget-text-editor\" data-id=\"e5f6bf9\" data-element_type=\"widget\" data-e-type=\"widget\" data-widget_type=\"text-editor.default\">\n\t\t\t\t\t\t\t\t\t<p data-start=\"1154\" data-end=\"1284\">Nous utilisons diff\u00e9rents types de cookies pour garantir le bon fonctionnement du site et am\u00e9liorer votre exp\u00e9rience utilisateur :<\/p><h5 data-start=\"1286\" data-end=\"1324\">Cookies strictement n\u00e9cessaires<\/h5><p data-start=\"1325\" data-end=\"1444\">Ces cookies sont essentiels au fonctionnement du site et ne peuvent pas \u00eatre d\u00e9sactiv\u00e9s.<br data-start=\"1413\" data-end=\"1416\" \/>Ils permettent par exemple :<\/p><ul data-start=\"1445\" data-end=\"1571\"><li data-start=\"1445\" data-end=\"1483\"><p data-start=\"1447\" data-end=\"1483\">de m\u00e9moriser votre panier d\u2019achat,<\/p><\/li><li data-start=\"1484\" data-end=\"1524\"><p data-start=\"1486\" data-end=\"1524\">d\u2019assurer la s\u00e9curit\u00e9 des paiements,<\/p><\/li><li data-start=\"1525\" data-end=\"1571\"><p data-start=\"1527\" data-end=\"1571\">de g\u00e9rer la connexion \u00e0 votre compte client.<\/p><\/li><\/ul><h5 data-start=\"1573\" data-end=\"1615\">Cookies de performance et d\u2019analyse<\/h5><p data-start=\"1616\" data-end=\"1843\">Ces cookies nous permettent de mesurer la fr\u00e9quentation du site, de comprendre comment les visiteurs utilisent nos pages et d\u2019am\u00e9liorer nos services.<br data-start=\"1765\" data-end=\"1768\" \/>Exemples : <strong data-start=\"1779\" data-end=\"1799\">Google Analytics<\/strong>, <strong data-start=\"1801\" data-end=\"1815\">Meta Pixel<\/strong> (statistiques anonymis\u00e9es).<\/p><h5 data-start=\"1845\" data-end=\"1886\">Cookies marketing et publicitaires<\/h5><p data-start=\"1887\" data-end=\"2078\">Ces cookies sont utilis\u00e9s pour personnaliser nos publicit\u00e9s selon vos int\u00e9r\u00eats et mesurer leur efficacit\u00e9.<br data-start=\"1993\" data-end=\"1996\" \/>Exemples : <strong data-start=\"2007\" data-end=\"2023\">Facebook Ads<\/strong>, <strong data-start=\"2025\" data-end=\"2042\">Instagram Ads<\/strong>, <strong data-start=\"2044\" data-end=\"2058\">TikTok Ads<\/strong>, <strong data-start=\"2060\" data-end=\"2077\">Pinterest Ads<\/strong>.<\/p><h5 data-start=\"2080\" data-end=\"2113\">Cookies de r\u00e9seaux sociaux<\/h5><p data-start=\"2114\" data-end=\"2230\">Ils facilitent le partage de contenu depuis notre site vers vos r\u00e9seaux sociaux (Facebook, Instagram, TikTok, etc.).<\/p>\t\t\t\t\t\t\t\t<\/div>\n\t\t\t\t<div class=\"elementor-element elementor-element-6ca5550 elementor-widget elementor-widget-heading\" data-id=\"6ca5550\" data-element_type=\"widget\" data-e-type=\"widget\" data-widget_type=\"heading.default\">\n\t\t\t\t\t<h2 class=\"elementor-heading-title elementor-size-default\">3. Consentement et gestion des cookies<\/h2>\t\t\t\t<\/div>\n\t\t\t\t<div class=\"elementor-element elementor-element-84a00e6 elementor-widget elementor-widget-text-editor\" data-id=\"84a00e6\" data-element_type=\"widget\" data-e-type=\"widget\" data-widget_type=\"text-editor.default\">\n\t\t\t\t\t\t\t\t\t<p data-start=\"2280\" data-end=\"2410\">Lors de votre premi\u00e8re visite sur <strong data-start=\"2314\" data-end=\"2333\"><a class=\"decorated-link cursor-pointer\" target=\"_new\" rel=\"noopener\" data-start=\"2316\" data-end=\"2331\">www.nigelux.com<\/a><\/strong><\/p><p data-start=\"2280\" data-end=\"2410\">un bandeau vous informe de l\u2019utilisation des cookies.<br data-start=\"2388\" data-end=\"2391\" \/>Vous pouvez alors :<\/p><ul data-start=\"2412\" data-end=\"2540\"><li data-start=\"2412\" data-end=\"2446\"><p data-start=\"2414\" data-end=\"2446\"><strong data-start=\"2414\" data-end=\"2426\">Accepter<\/strong> tous les cookies,<\/p><\/li><li data-start=\"2447\" data-end=\"2495\"><p data-start=\"2449\" data-end=\"2495\"><strong data-start=\"2449\" data-end=\"2460\">Refuser<\/strong> tous les cookies non essentiels,<\/p><\/li><li data-start=\"2496\" data-end=\"2540\"><p data-start=\"2498\" data-end=\"2540\"><strong data-start=\"2498\" data-end=\"2525\">Personnaliser vos choix<\/strong> \u00e0 tout moment.<\/p><\/li><\/ul><p data-start=\"2542\" data-end=\"2644\">Votre consentement est conserv\u00e9 pendant 6 mois, apr\u00e8s quoi nous vous redemanderons votre autorisation.<\/p><p data-start=\"2646\" data-end=\"2770\">Vous pouvez \u00e9galement modifier vos pr\u00e9f\u00e9rences \u00e0 tout moment en cliquant sur le lien <strong data-start=\"2731\" data-end=\"2754\">\u201cG\u00e9rer mes cookies\u201d<\/strong> en bas de page.<\/p>\t\t\t\t\t\t\t\t<\/div>\n\t\t\t\t<div class=\"elementor-element elementor-element-dfd219a elementor-widget elementor-widget-heading\" data-id=\"dfd219a\" data-element_type=\"widget\" data-e-type=\"widget\" data-widget_type=\"heading.default\">\n\t\t\t\t\t<h2 class=\"elementor-heading-title elementor-size-default\">4. Comment d\u00e9sactiver les cookies depuis votre navigateur<\/h2>\t\t\t\t<\/div>\n\t\t\t\t<div class=\"elementor-element elementor-element-c7cfff8 elementor-widget elementor-widget-text-editor\" data-id=\"c7cfff8\" data-element_type=\"widget\" data-e-type=\"widget\" data-widget_type=\"text-editor.default\">\n\t\t\t\t\t\t\t\t\t<p data-start=\"2839\" data-end=\"2930\">Vous pouvez \u00e9galement configurer votre navigateur pour refuser tout ou partie des cookies :<\/p><ul data-start=\"2932\" data-end=\"3419\"><li data-start=\"2932\" data-end=\"3044\"><p data-start=\"2934\" data-end=\"3044\"><strong data-start=\"2934\" data-end=\"2951\">Google Chrome<\/strong> : <a class=\"decorated-link cursor-pointer\" target=\"_new\" rel=\"noopener\" data-start=\"2954\" data-end=\"3042\">support.google.com\/chrome\/answer\/95647<\/a><\/p><\/li><li data-start=\"2932\" data-end=\"3044\"><strong data-start=\"3047\" data-end=\"3066\">Mozilla Firefox<\/strong> : <a class=\"decorated-link cursor-pointer\" target=\"_new\" rel=\"noopener\" data-start=\"3069\" data-end=\"3171\">support.mozilla.org\/fr\/kb\/effacer-les-cookies<\/a><\/li><li data-start=\"2932\" data-end=\"3044\"><strong data-start=\"3176\" data-end=\"3186\">Safari<\/strong> : <a class=\"decorated-link cursor-pointer\" target=\"_new\" rel=\"noopener\" data-start=\"3189\" data-end=\"3301\">support.apple.com\/fr-fr\/guide\/safari\/sfri11471\/mac<\/a><\/li><li data-start=\"2932\" data-end=\"3044\"><strong data-start=\"3306\" data-end=\"3324\">Microsoft Edge<\/strong> : <a class=\"decorated-link cursor-pointer\" target=\"_new\" rel=\"noopener\" data-start=\"3327\" data-end=\"3419\">support.microsoft.com\/fr-fr\/help\/4027947<\/a><\/li><\/ul>\t\t\t\t\t\t\t\t<\/div>\n\t\t\t\t<div class=\"elementor-element elementor-element-965d4f4 elementor-widget elementor-widget-heading\" data-id=\"965d4f4\" data-element_type=\"widget\" data-e-type=\"widget\" data-widget_type=\"heading.default\">\n\t\t\t\t\t<h2 class=\"elementor-heading-title elementor-size-default\">5. Donn\u00e9es collect\u00e9es par les cookies<\/h2>\t\t\t\t<\/div>\n\t\t\t\t<div class=\"elementor-element elementor-element-f669a6a elementor-widget elementor-widget-text-editor\" data-id=\"f669a6a\" data-element_type=\"widget\" data-e-type=\"widget\" data-widget_type=\"text-editor.default\">\n\t\t\t\t\t\t\t\t\t<p data-start=\"3468\" data-end=\"3527\">Les cookies peuvent collecter des informations telles que :<\/p><ul data-start=\"3528\" data-end=\"3679\"><li data-start=\"3528\" data-end=\"3560\"><p data-start=\"3530\" data-end=\"3560\">votre adresse IP (anonymis\u00e9e),<\/p><\/li><li data-start=\"3561\" data-end=\"3588\"><p data-start=\"3563\" data-end=\"3588\">votre type de navigateur,<\/p><\/li><li data-start=\"3589\" data-end=\"3617\"><p data-start=\"3591\" data-end=\"3617\">la dur\u00e9e de votre session,<\/p><\/li><li data-start=\"3618\" data-end=\"3639\"><p data-start=\"3620\" data-end=\"3639\">les pages visit\u00e9es,<\/p><\/li><li data-start=\"3640\" data-end=\"3679\"><p data-start=\"3642\" data-end=\"3679\">vos interactions avec nos publicit\u00e9s.<\/p><\/li><\/ul><p data-start=\"3681\" data-end=\"3742\">Ces donn\u00e9es ne permettent pas de vous identifier directement.<\/p>\t\t\t\t\t\t\t\t<\/div>\n\t\t\t\t<div class=\"elementor-element elementor-element-3a6b85e elementor-widget elementor-widget-heading\" data-id=\"3a6b85e\" data-element_type=\"widget\" data-e-type=\"widget\" data-widget_type=\"heading.default\">\n\t\t\t\t\t<h2 class=\"elementor-heading-title elementor-size-default\">6. Cookies tiers<\/h2>\t\t\t\t<\/div>\n\t\t\t\t<div class=\"elementor-element elementor-element-d869754 elementor-widget elementor-widget-text-editor\" data-id=\"d869754\" data-element_type=\"widget\" data-e-type=\"widget\" data-widget_type=\"text-editor.default\">\n\t\t\t\t\t\t\t\t\t<p>Certaines fonctionnalit\u00e9s de notre site reposent sur des services propos\u00e9s par des tiers (ex. : vid\u00e9os YouTube, publications Instagram, outils d\u2019analyse).<br data-start=\"3924\" data-end=\"3927\" \/>L\u2019\u00e9mission et l\u2019utilisation de ces cookies sont soumises \u00e0 leurs propres politiques de confidentialit\u00e9, accessibles sur leurs sites respectifs.<\/p>\t\t\t\t\t\t\t\t<\/div>\n\t\t\t\t<div class=\"elementor-element elementor-element-ca24e42 elementor-widget elementor-widget-heading\" data-id=\"ca24e42\" data-element_type=\"widget\" data-e-type=\"widget\" data-widget_type=\"heading.default\">\n\t\t\t\t\t<h2 class=\"elementor-heading-title elementor-size-default\">7. Responsable du traitement<\/h2>\t\t\t\t<\/div>\n\t\t\t\t<div class=\"elementor-element elementor-element-2756221 elementor-widget elementor-widget-text-editor\" data-id=\"2756221\" data-element_type=\"widget\" data-e-type=\"widget\" data-widget_type=\"text-editor.default\">\n\t\t\t\t\t\t\t\t\t<p data-start=\"4110\" data-end=\"4233\"><strong data-start=\"4110\" data-end=\"4121\">NIGELUX<\/strong><br data-start=\"4121\" data-end=\"4124\" \/>Si\u00e8ge social : 27 boulevard g\u00e9n\u00e9ral vautrin 06400 Cannes<br data-start=\"4176\" data-end=\"4179\" \/>E-mail : contact.nigelux@gmail.com<\/p><p data-start=\"4110\" data-end=\"4233\">SIRET : 99469369500011<\/p><p data-start=\"4235\" data-end=\"4381\">Pour toute question relative \u00e0 notre politique de cookies ou \u00e0 la protection de vos donn\u00e9es, vous pouvez nous \u00e9crire \u00e0 l\u2019adresse e-mail ci-dessus.<\/p>\t\t\t\t\t\t\t\t<\/div>\n\t\t\t\t<div class=\"elementor-element elementor-element-60a45b2 elementor-widget elementor-widget-heading\" data-id=\"60a45b2\" data-element_type=\"widget\" data-e-type=\"widget\" data-widget_type=\"heading.default\">\n\t\t\t\t\t<h2 class=\"elementor-heading-title elementor-size-default\">8. Mise \u00e0 jour de la politique<\/h2>\t\t\t\t<\/div>\n\t\t\t\t<div class=\"elementor-element elementor-element-7bcfd09 elementor-widget elementor-widget-text-editor\" data-id=\"7bcfd09\" data-element_type=\"widget\" data-e-type=\"widget\" data-widget_type=\"text-editor.default\">\n\t\t\t\t\t\t\t\t\t<p>Nous pouvons modifier cette politique de cookies \u00e0 tout moment pour refl\u00e9ter les \u00e9volutions techniques, l\u00e9gales ou commerciales.<br data-start=\"4551\" data-end=\"4554\" \/>La date de la derni\u00e8re mise \u00e0 jour est indiqu\u00e9e en haut de cette page.<\/p>\t\t\t\t\t\t\t\t<\/div>\n\t\t\t\t\t<\/div>\n\t\t\t\t<\/div>\n\t\t\t\t<\/div>","protected":false},"excerpt":{"rendered":"<p>Politique de cookies Politique de cookies \u2014 NIGELUX Derni\u00e8re mise \u00e0 jour : 27 f\u00e9vrier 2026 Chez NIGELUX, nous accordons une grande importance \u00e0 la protection de vos donn\u00e9es personnelles et \u00e0 la transparence concernant l\u2019utilisation des cookies sur notre site www.nigelux.com 1. Qu\u2019est-ce qu\u2019un cookie ? Un cookie est un petit fichier texte enregistr\u00e9 [&hellip;]<\/p>\n","protected":false},"author":1,"featured_media":0,"parent":0,"menu_order":0,"comment_status":"closed","ping_status":"closed","template":"","meta":{"_glsr_average":0,"_glsr_ranking":0,"_glsr_reviews":0,"footnotes":""},"class_list":["post-458","page","type-page","status-publish","hentry"],"_links":{"self":[{"href":"https:\/\/nigelux.com\/en\/wp-json\/wp\/v2\/pages\/458","targetHints":{"allow":["GET"]}}],"collection":[{"href":"https:\/\/nigelux.com\/en\/wp-json\/wp\/v2\/pages"}],"about":[{"href":"https:\/\/nigelux.com\/en\/wp-json\/wp\/v2\/types\/page"}],"author":[{"embeddable":true,"href":"https:\/\/nigelux.com\/en\/wp-json\/wp\/v2\/users\/1"}],"replies":[{"embeddable":true,"href":"https:\/\/nigelux.com\/en\/wp-json\/wp\/v2\/comments?post=458"}],"version-history":[{"count":27,"href":"https:\/\/nigelux.com\/en\/wp-json\/wp\/v2\/pages\/458\/revisions"}],"predecessor-version":[{"id":1270,"href":"https:\/\/nigelux.com\/en\/wp-json\/wp\/v2\/pages\/458\/revisions\/1270"}],"wp:attachment":[{"href":"https:\/\/nigelux.com\/en\/wp-json\/wp\/v2\/media?parent=458"}],"curies":[{"name":"wp","href":"https:\/\/api.w.org\/{rel}","templated":true}]}}