{"id":1816,"date":"2026-04-08T10:52:59","date_gmt":"2026-04-08T10:52:59","guid":{"rendered":"https:\/\/nigelux.com\/?page_id=1816"},"modified":"2026-04-09T15:44:31","modified_gmt":"2026-04-09T15:44:31","slug":"pre-lancement-conditionner","status":"publish","type":"page","link":"https:\/\/nigelux.com\/en\/pre-lancement-conditionner\/","title":{"rendered":"pr\u00e9 lancement conditionner"},"content":{"rendered":"<div data-elementor-type=\"wp-page\" data-elementor-id=\"1816\" class=\"elementor elementor-1816\" data-elementor-post-type=\"page\">\n\t\t\t\t<div class=\"elementor-element elementor-element-548c48a3 e-con-full e-flex e-con e-parent\" data-id=\"548c48a3\" data-element_type=\"container\" data-e-type=\"container\" data-settings=\"{&quot;background_background&quot;:&quot;classic&quot;}\">\n\t\t\t\t<div class=\"elementor-element elementor-element-7f2d0c78 elementor-widget elementor-widget-text-editor\" data-id=\"7f2d0c78\" data-element_type=\"widget\" data-e-type=\"widget\" data-widget_type=\"text-editor.default\">\n\t\t\t\t\t\t\t\t\t<p><code data-path-to-node=\"3,0,0\" data-index-in-node=\"8\">L \u2019 \u00c9 C L A T\u00a0 S O U V E R A I N<\/code><\/p>\t\t\t\t\t\t\t\t<\/div>\n\t\t\t\t<div class=\"elementor-element elementor-element-1fab4f12 elementor-widget elementor-widget-heading\" data-id=\"1fab4f12\" data-element_type=\"widget\" data-e-type=\"widget\" data-widget_type=\"heading.default\">\n\t\t\t\t\t<h2 class=\"elementor-heading-title elementor-size-default\">L\u2019ALCHIMIE DE SOIE\n<\/h2>\t\t\t\t<\/div>\n\t\t\t\t<div class=\"elementor-element elementor-element-8c269e2 elementor-widget elementor-widget-heading\" data-id=\"8c269e2\" data-element_type=\"widget\" data-e-type=\"widget\" data-widget_type=\"heading.default\">\n\t\t\t\t\t<h2 class=\"elementor-heading-title elementor-size-default\">Le voile imp\u00e9rial qui scelle la lumi\u00e8re.<\/h2>\t\t\t\t<\/div>\n\t\t\t\t<div class=\"elementor-element elementor-element-6246b17e elementor-widget elementor-widget-button\" data-id=\"6246b17e\" data-element_type=\"widget\" data-e-type=\"widget\" data-widget_type=\"button.default\">\n\t\t\t\t\t\t\t\t\t\t<a class=\"elementor-button elementor-button-link elementor-size-sm\" href=\"https:\/\/nigelux.fr\/vip_launch.html\">\n\t\t\t\t\t\t<span class=\"elementor-button-content-wrapper\">\n\t\t\t\t\t\t\t\t\t<span class=\"elementor-button-text\">R\u00c9SERVER MON RITUEL<\/span>\n\t\t\t\t\t<\/span>\n\t\t\t\t\t<\/a>\n\t\t\t\t\t\t\t\t<\/div>\n\t\t\t\t<\/div>\n\t\t<div class=\"elementor-element elementor-element-6d06faa8 e-flex e-con-boxed e-con e-parent\" data-id=\"6d06faa8\" data-element_type=\"container\" data-e-type=\"container\" data-settings=\"{&quot;background_background&quot;:&quot;classic&quot;}\">\n\t\t\t\t\t<div class=\"e-con-inner\">\n\t\t\t\t<div class=\"elementor-element elementor-element-7c972faa elementor-widget elementor-widget-heading\" data-id=\"7c972faa\" data-element_type=\"widget\" data-e-type=\"widget\" data-widget_type=\"heading.default\">\n\t\t\t\t\t<h2 class=\"elementor-heading-title elementor-size-default\">LE CONDITIONNEUR ROYAL VOLUME<\/h2>\t\t\t\t<\/div>\n\t\t\t\t<div class=\"elementor-element elementor-element-7e47324 elementor-widget elementor-widget-text-editor\" data-id=\"7e47324\" data-element_type=\"widget\" data-e-type=\"widget\" data-widget_type=\"text-editor.default\">\n\t\t\t\t\t\t\t\t\t<p>L&rsquo;art de la perfection capillaire.<\/p>\t\t\t\t\t\t\t\t<\/div>\n\t\t\t\t<div class=\"elementor-element elementor-element-68cd326a elementor-widget-divider--view-line elementor-widget elementor-widget-divider\" data-id=\"68cd326a\" data-element_type=\"widget\" data-e-type=\"widget\" data-widget_type=\"divider.default\">\n\t\t\t\t\t\t\t<div class=\"elementor-divider\">\n\t\t\t<span class=\"elementor-divider-separator\">\n\t\t\t\t\t\t<\/span>\n\t\t<\/div>\n\t\t\t\t\t\t<\/div>\n\t\t\t\t<div class=\"elementor-element elementor-element-192084bc elementor-widget elementor-widget-text-editor\" data-id=\"192084bc\" data-element_type=\"widget\" data-e-type=\"widget\" data-widget_type=\"text-editor.default\">\n\t\t\t\t\t\t\t\t\t<p data-path-to-node=\"8,0\"><b data-path-to-node=\"8,0\" data-index-in-node=\"0\">Un choc technologique. Une synergie in\u00e9dite, Certifi\u00e9 d&rsquo;une Puret\u00e9 Absolue 100\/100.<\/b><\/p><p data-path-to-node=\"8,1\">Une fusion instantan\u00e9e d&rsquo;<b data-path-to-node=\"8,1\" data-index-in-node=\"25\">Eau de Riz Ferment\u00e9e<\/b>, de <b data-path-to-node=\"8,1\" data-index-in-node=\"50\">Soie pr\u00e9cieuse<\/b> et de <b data-path-to-node=\"8,1\" data-index-in-node=\"71\">Baicapil\u2122<\/b>.<\/p><p data-path-to-node=\"8,2\">Plus qu\u2019un simple d\u00e9m\u00ealant, ce soin fluide gaine la fibre sans l&rsquo;alourdir, offrant une glisse irr\u00e9elle et un volume magistral. Il scelle les \u00e9cailles pour un <b data-path-to-node=\"8,2\" data-index-in-node=\"158\">\u00e9clat miroir<\/b> durable tout en maintenant la <b data-path-to-node=\"8,2\" data-index-in-node=\"201\">vitalit\u00e9 de la croissance<\/b>. Vos cheveux n&rsquo;ont jamais \u00e9t\u00e9 aussi l\u00e9gers, forts et brillants.<\/p>\t\t\t\t\t\t\t\t<\/div>\n\t\t\t\t<div class=\"elementor-element elementor-element-64ee4e1 elementor-widget elementor-widget-text-editor\" data-id=\"64ee4e1\" data-element_type=\"widget\" data-e-type=\"widget\" data-widget_type=\"text-editor.default\">\n\t\t\t\t\t\t\t\t\t<h3 data-path-to-node=\"10\">\u00a0<\/h3><ul data-path-to-node=\"11\"><li><p data-path-to-node=\"11,0,0\"><b data-path-to-node=\"11,0,0\" data-index-in-node=\"0\">D\u00c9M\u00caLAGE HAUTE-PR\u00c9CISION :<\/b> Une glisse fluide imm\u00e9diate pour une fibre prot\u00e9g\u00e9e et z\u00e9ro casse.<\/p><\/li><li><p data-path-to-node=\"11,1,0\"><b data-path-to-node=\"11,1,0\" data-index-in-node=\"0\">ARCHITECTURE &amp; VOLUME :<\/b> L&rsquo;eau de riz et la soie gainent le cheveu pour une densit\u00e9 a\u00e9rienne, sans jamais l&rsquo;alourdir.<\/p><\/li><li><p data-path-to-node=\"11,2,0\"><b data-path-to-node=\"11,2,0\" data-index-in-node=\"0\">INFUSION CONTINUE :<\/b> La puissance du Baicapil\u2122 prolong\u00e9e au quotidien pour une vitalit\u00e9 capillaire sans compromis.<\/p><\/li><\/ul>\t\t\t\t\t\t\t\t<\/div>\n\t\t\t\t<div class=\"elementor-element elementor-element-5778f7d9 elementor-widget elementor-widget-heading\" data-id=\"5778f7d9\" data-element_type=\"widget\" data-e-type=\"widget\" data-widget_type=\"heading.default\">\n\t\t\t\t\t<h2 class=\"elementor-heading-title elementor-size-default\">DISPONIBLE DANS 90 JOURS.<\/h2>\t\t\t\t<\/div>\n\t\t\t\t<div class=\"elementor-element elementor-element-7e1b512 elementor-widget elementor-widget-text-editor\" data-id=\"7e1b512\" data-element_type=\"widget\" data-e-type=\"widget\" data-widget_type=\"text-editor.default\">\n\t\t\t\t\t\t\t\t\t<p>Rejoignez la liste d\u2019attente pour acc\u00e9der \u00e0 la pr\u00e9-vente exclusive (Quantit\u00e9s limit\u00e9es).<\/p>\t\t\t\t\t\t\t\t<\/div>\n\t\t\t\t<div class=\"elementor-element elementor-element-60417f5a elementor-widget elementor-widget-text-editor\" data-id=\"60417f5a\" data-element_type=\"widget\" data-e-type=\"widget\" data-widget_type=\"text-editor.default\">\n\t\t\t\t\t\t\t\t\t<p><i data-path-to-node=\"24,0\" data-index-in-node=\"0\">Le Masque pour la renaissance, le Conditionneur pour l\u2019\u00e9clat. Fabriqu\u00e9 en France.<\/i><\/p>\t\t\t\t\t\t\t\t<\/div>\n\t\t\t\t\t<\/div>\n\t\t\t\t<\/div>\n\t\t\t\t<\/div>","protected":false},"excerpt":{"rendered":"<p>L \u2019 \u00c9 C L A T\u00a0 S O U V E R A I N L\u2019ALCHIMIE DE SOIE Le voile imp\u00e9rial qui scelle la lumi\u00e8re. R\u00c9SERVER MON RITUEL LE CONDITIONNEUR ROYAL VOLUME L&rsquo;art de la perfection capillaire. Un choc technologique. Une synergie in\u00e9dite, Certifi\u00e9 d&rsquo;une Puret\u00e9 Absolue 100\/100. Une fusion instantan\u00e9e d&rsquo;Eau de Riz [&hellip;]<\/p>\n","protected":false},"author":1,"featured_media":0,"parent":0,"menu_order":0,"comment_status":"closed","ping_status":"closed","template":"elementor_header_footer","meta":{"_glsr_average":0,"_glsr_ranking":0,"_glsr_reviews":0,"footnotes":""},"class_list":["post-1816","page","type-page","status-publish","hentry"],"_links":{"self":[{"href":"https:\/\/nigelux.com\/en\/wp-json\/wp\/v2\/pages\/1816","targetHints":{"allow":["GET"]}}],"collection":[{"href":"https:\/\/nigelux.com\/en\/wp-json\/wp\/v2\/pages"}],"about":[{"href":"https:\/\/nigelux.com\/en\/wp-json\/wp\/v2\/types\/page"}],"author":[{"embeddable":true,"href":"https:\/\/nigelux.com\/en\/wp-json\/wp\/v2\/users\/1"}],"replies":[{"embeddable":true,"href":"https:\/\/nigelux.com\/en\/wp-json\/wp\/v2\/comments?post=1816"}],"version-history":[{"count":37,"href":"https:\/\/nigelux.com\/en\/wp-json\/wp\/v2\/pages\/1816\/revisions"}],"predecessor-version":[{"id":1896,"href":"https:\/\/nigelux.com\/en\/wp-json\/wp\/v2\/pages\/1816\/revisions\/1896"}],"wp:attachment":[{"href":"https:\/\/nigelux.com\/en\/wp-json\/wp\/v2\/media?parent=1816"}],"curies":[{"name":"wp","href":"https:\/\/api.w.org\/{rel}","templated":true}]}}