{"id":1759,"date":"2026-04-07T18:25:54","date_gmt":"2026-04-07T18:25:54","guid":{"rendered":"https:\/\/nigelux.com\/?page_id=1759"},"modified":"2026-04-09T16:39:50","modified_gmt":"2026-04-09T16:39:50","slug":"page-pre-lancement-masque","status":"publish","type":"page","link":"https:\/\/nigelux.com\/en\/page-pre-lancement-masque\/","title":{"rendered":"page pr\u00e9 lancement masque"},"content":{"rendered":"<div data-elementor-type=\"wp-page\" data-elementor-id=\"1759\" class=\"elementor elementor-1759\" data-elementor-post-type=\"page\">\n\t\t\t\t<div class=\"elementor-element elementor-element-b080f6a e-con-full e-flex e-con e-parent\" data-id=\"b080f6a\" data-element_type=\"container\" data-e-type=\"container\" data-settings=\"{&quot;background_background&quot;:&quot;classic&quot;}\">\n\t\t\t\t<div class=\"elementor-element elementor-element-53a49f3 elementor-widget elementor-widget-text-editor\" data-id=\"53a49f3\" data-element_type=\"widget\" data-e-type=\"widget\" data-widget_type=\"text-editor.default\">\n\t\t\t\t\t\t\t\t\t<p>L&rsquo;EXP\u00c9RIENCE ABSOLUE<\/p>\t\t\t\t\t\t\t\t<\/div>\n\t\t\t\t<div class=\"elementor-element elementor-element-4abe856 elementor-widget elementor-widget-heading\" data-id=\"4abe856\" data-element_type=\"widget\" data-e-type=\"widget\" data-widget_type=\"heading.default\">\n\t\t\t\t\t<h2 class=\"elementor-heading-title elementor-size-default\">L\u2019AV\u00c8NEMENT D\u2019UNE IC\u00d4NE\n<\/h2>\t\t\t\t<\/div>\n\t\t\t\t<div class=\"elementor-element elementor-element-cadb99b elementor-widget elementor-widget-heading\" data-id=\"cadb99b\" data-element_type=\"widget\" data-e-type=\"widget\" data-widget_type=\"heading.default\">\n\t\t\t\t\t<h2 class=\"elementor-heading-title elementor-size-default\">L'alchimie sacr\u00e9e de la soie et de la k\u00e9ratine.<\/h2>\t\t\t\t<\/div>\n\t\t\t\t<div class=\"elementor-element elementor-element-67cf1b1 elementor-widget elementor-widget-button\" data-id=\"67cf1b1\" data-element_type=\"widget\" data-e-type=\"widget\" data-widget_type=\"button.default\">\n\t\t\t\t\t\t\t\t\t\t<a class=\"elementor-button elementor-button-link elementor-size-sm\" href=\"https:\/\/nigelux.fr\/vip_launch.html\">\n\t\t\t\t\t\t<span class=\"elementor-button-content-wrapper\">\n\t\t\t\t\t\t\t\t\t<span class=\"elementor-button-text\">R\u00c9SERVER MON RITUEL<\/span>\n\t\t\t\t\t<\/span>\n\t\t\t\t\t<\/a>\n\t\t\t\t\t\t\t\t<\/div>\n\t\t\t\t<\/div>\n\t\t<div class=\"elementor-element elementor-element-a64fbef e-flex e-con-boxed e-con e-parent\" data-id=\"a64fbef\" data-element_type=\"container\" data-e-type=\"container\" data-settings=\"{&quot;background_background&quot;:&quot;classic&quot;}\">\n\t\t\t\t\t<div class=\"e-con-inner\">\n\t\t\t\t<div class=\"elementor-element elementor-element-b90f944 elementor-widget elementor-widget-heading\" data-id=\"b90f944\" data-element_type=\"widget\" data-e-type=\"widget\" data-widget_type=\"heading.default\">\n\t\t\t\t\t<h2 class=\"elementor-heading-title elementor-size-default\">le rituel royal renaissance<\/h2>\t\t\t\t<\/div>\n\t\t\t\t<div class=\"elementor-element elementor-element-f59e445 elementor-widget elementor-widget-heading\" data-id=\"f59e445\" data-element_type=\"widget\" data-e-type=\"widget\" data-widget_type=\"heading.default\">\n\t\t\t\t\t<h2 class=\"elementor-heading-title elementor-size-default\">L\u2019apog\u00e9e du soin capillaire mol\u00e9culaire.<\/h2>\t\t\t\t<\/div>\n\t\t\t\t<div class=\"elementor-element elementor-element-8b64123 elementor-widget-divider--view-line elementor-widget elementor-widget-divider\" data-id=\"8b64123\" data-element_type=\"widget\" data-e-type=\"widget\" data-widget_type=\"divider.default\">\n\t\t\t\t\t\t\t<div class=\"elementor-divider\">\n\t\t\t<span class=\"elementor-divider-separator\">\n\t\t\t\t\t\t<\/span>\n\t\t<\/div>\n\t\t\t\t\t\t<\/div>\n\t\t\t\t<div class=\"elementor-element elementor-element-7d7c89e elementor-widget elementor-widget-text-editor\" data-id=\"7d7c89e\" data-element_type=\"widget\" data-e-type=\"widget\" data-widget_type=\"text-editor.default\">\n\t\t\t\t\t\t\t\t\t<p data-path-to-node=\"7,0\"><b data-path-to-node=\"7,0\" data-index-in-node=\"0\">Plus qu\u2019un masque, une prouesse technologique <\/b><b data-path-to-node=\"7,0\" data-index-in-node=\"0\">Certifi\u00e9 d&rsquo;une Puret\u00e9 Absolu : 100\/100.<\/b><\/p><p data-path-to-node=\"7,1\">Une fusion magistrale de <b data-path-to-node=\"7,1\" data-index-in-node=\"25\">Nigelle Bio<\/b>, de <b data-path-to-node=\"7,1\" data-index-in-node=\"41\">Baicapil\u2122 concentr\u00e9<\/b> et de <b data-path-to-node=\"7,1\" data-index-in-node=\"67\">Soie pr\u00e9cieuse<\/b>.<\/p><p data-path-to-node=\"7,2\">Con\u00e7u pour inverser les dommages structurels et relancer la croissance d\u00e8s la racine, cet \u00e9lixir cr\u00e8me p\u00e9n\u00e8tre au c\u0153ur de la fibre pour <b data-path-to-node=\"7,2\" data-index-in-node=\"136\">r\u00e9parer l&rsquo;invisible<\/b>. Il ne se contente pas de soigner : il transforme la mati\u00e8re pour couronner votre chevelure d&rsquo;un <b data-path-to-node=\"7,2\" data-index-in-node=\"253\">\u00e9clat miroir<\/b> et d&rsquo;une <b data-path-to-node=\"7,2\" data-index-in-node=\"275\">densit\u00e9 souveraine<\/b><\/p>\t\t\t\t\t\t\t\t<\/div>\n\t\t\t\t<div class=\"elementor-element elementor-element-7713a3c elementor-widget elementor-widget-text-editor\" data-id=\"7713a3c\" data-element_type=\"widget\" data-e-type=\"widget\" data-widget_type=\"text-editor.default\">\n\t\t\t\t\t\t\t\t\t<p data-path-to-node=\"6\"><b data-path-to-node=\"6\" data-index-in-node=\"0\">I. ARCHITECTURE CAPILLAIRE<\/b> <i data-path-to-node=\"6\" data-index-in-node=\"27\">L&rsquo;action combin\u00e9e du Baicapil\u2122 et de la Nigelle Bio pour une densit\u00e9 souveraine et une croissance stimul\u00e9e au c\u0153ur du follicule.<\/i><\/p><p data-path-to-node=\"7\"><b data-path-to-node=\"7\" data-index-in-node=\"0\">II. INFUSION DE SOIE<\/b> <i data-path-to-node=\"7\" data-index-in-node=\"21\">Une synergie de Prot\u00e9ines de Soie et de Phytok\u00e9ratine qui restaure la r\u00e9fraction naturelle de la lumi\u00e8re pour un \u00e9clat miroir absolu.<\/i><\/p><p data-path-to-node=\"8\"><b data-path-to-node=\"8\" data-index-in-node=\"0\">III. FORMULATION D&rsquo;EXCEPTION<\/b> <i data-path-to-node=\"8\" data-index-in-node=\"29\">Une puret\u00e9 sans concession : 0% silicone, 0% sulfate. Une note de 100\/100 (Score de Puret\u00e9) qui atteste de l&rsquo;excellence de nos actifs.<\/i><\/p>\t\t\t\t\t\t\t\t<\/div>\n\t\t\t\t<div class=\"elementor-element elementor-element-1b54b0d elementor-widget elementor-widget-heading\" data-id=\"1b54b0d\" data-element_type=\"widget\" data-e-type=\"widget\" data-widget_type=\"heading.default\">\n\t\t\t\t\t<h2 class=\"elementor-heading-title elementor-size-default\">DISPONIBLE DANS 90 JOURS.<\/h2>\t\t\t\t<\/div>\n\t\t\t\t<div class=\"elementor-element elementor-element-551437e elementor-widget elementor-widget-heading\" data-id=\"551437e\" data-element_type=\"widget\" data-e-type=\"widget\" data-widget_type=\"heading.default\">\n\t\t\t\t\t<h2 class=\"elementor-heading-title elementor-size-default\">Rejoignez la liste d\u2019attente imp\u00e9riale pour acc\u00e9der \u00e0 la pr\u00e9-vente exclusive (Quantit\u00e9s limit\u00e9es).<\/h2>\t\t\t\t<\/div>\n\t\t\t\t<div class=\"elementor-element elementor-element-91299e7 elementor-widget elementor-widget-text-editor\" data-id=\"91299e7\" data-element_type=\"widget\" data-e-type=\"widget\" data-widget_type=\"text-editor.default\">\n\t\t\t\t\t\t\t\t\t<p><i data-path-to-node=\"24,0\" data-index-in-node=\"0\">Le secret de la force. La douceur de la soie. Fabriqu\u00e9 en France.<\/i><\/p>\t\t\t\t\t\t\t\t<\/div>\n\t\t\t\t\t<\/div>\n\t\t\t\t<\/div>\n\t\t\t\t<\/div>","protected":false},"excerpt":{"rendered":"<p>L&rsquo;EXP\u00c9RIENCE ABSOLUE L\u2019AV\u00c8NEMENT D\u2019UNE IC\u00d4NE L&rsquo;alchimie sacr\u00e9e de la soie et de la k\u00e9ratine. R\u00c9SERVER MON RITUEL le rituel royal renaissance L\u2019apog\u00e9e du soin capillaire mol\u00e9culaire. Plus qu\u2019un masque, une prouesse technologique Certifi\u00e9 d&rsquo;une Puret\u00e9 Absolu : 100\/100. Une fusion magistrale de Nigelle Bio, de Baicapil\u2122 concentr\u00e9 et de Soie pr\u00e9cieuse. Con\u00e7u pour inverser les [&hellip;]<\/p>\n","protected":false},"author":1,"featured_media":0,"parent":0,"menu_order":0,"comment_status":"closed","ping_status":"closed","template":"elementor_header_footer","meta":{"_glsr_average":0,"_glsr_ranking":0,"_glsr_reviews":0,"footnotes":""},"class_list":["post-1759","page","type-page","status-publish","hentry"],"_links":{"self":[{"href":"https:\/\/nigelux.com\/en\/wp-json\/wp\/v2\/pages\/1759","targetHints":{"allow":["GET"]}}],"collection":[{"href":"https:\/\/nigelux.com\/en\/wp-json\/wp\/v2\/pages"}],"about":[{"href":"https:\/\/nigelux.com\/en\/wp-json\/wp\/v2\/types\/page"}],"author":[{"embeddable":true,"href":"https:\/\/nigelux.com\/en\/wp-json\/wp\/v2\/users\/1"}],"replies":[{"embeddable":true,"href":"https:\/\/nigelux.com\/en\/wp-json\/wp\/v2\/comments?post=1759"}],"version-history":[{"count":79,"href":"https:\/\/nigelux.com\/en\/wp-json\/wp\/v2\/pages\/1759\/revisions"}],"predecessor-version":[{"id":1928,"href":"https:\/\/nigelux.com\/en\/wp-json\/wp\/v2\/pages\/1759\/revisions\/1928"}],"wp:attachment":[{"href":"https:\/\/nigelux.com\/en\/wp-json\/wp\/v2\/media?parent=1759"}],"curies":[{"name":"wp","href":"https:\/\/api.w.org\/{rel}","templated":true}]}}