{"id":1394,"date":"2026-03-17T13:51:43","date_gmt":"2026-03-17T13:51:43","guid":{"rendered":"https:\/\/nigelux.com\/shop\/?page_id=1394"},"modified":"2026-03-17T14:09:00","modified_gmt":"2026-03-17T14:09:00","slug":"bon-ingredient","status":"publish","type":"page","link":"https:\/\/nigelux.com\/en\/bon-ingredient\/","title":{"rendered":"bon ingredient"},"content":{"rendered":"<div data-elementor-type=\"wp-page\" data-elementor-id=\"1394\" class=\"elementor elementor-1394\" data-elementor-post-type=\"page\">\n\t\t\t\t<div class=\"elementor-element elementor-element-7c835ab e-con-full e-flex e-con e-parent\" data-id=\"7c835ab\" data-element_type=\"container\" data-e-type=\"container\">\n\t\t\t\t<div class=\"elementor-element elementor-element-ec50702 elementor-widget elementor-widget-html\" data-id=\"ec50702\" data-element_type=\"widget\" data-e-type=\"widget\" data-widget_type=\"html.default\">\n\t\t\t\t\t<style>\n    \/* Styles pour la page Ingredients *\/\n    .nigelux-ingredients-page {\n        background: radial-gradient(ellipse at center, #1a1410 0%, #0a0806 100%);\n        color: rgba(255, 255, 255, 0.9);\n        font-family: 'Raleway', sans-serif;\n        min-height: 100vh;\n        padding: 3rem 1rem;\n    }\n    \n    .nigelux-ingredients-page .cinzel { \n        font-family: 'Cinzel', serif; \n    }\n    \n    .nigelux-ingredients-page .lang-switcher {\n        position: fixed;\n        top: 20px;\n        right: 20px;\n        z-index: 1000;\n        display: flex;\n        gap: 10px;\n        font-size: 0.875rem;\n        letter-spacing: 0.1em;\n    }\n    \n    .nigelux-ingredients-page .lang-link {\n        color: rgba(255, 255, 255, 0.6);\n        text-decoration: none;\n        transition: color 0.3s ease;\n    }\n    \n    .nigelux-ingredients-page .lang-link:hover { color: #8D734A; }\n    .nigelux-ingredients-page .lang-link.active { color: #8D734A; font-weight: 400; }\n    .nigelux-ingredients-page .lang-separator { color: rgba(255, 255, 255, 0.3); }\n    \n    .nigelux-ingredients-page table {\n        background: rgba(255, 255, 255, 0.05);\n        border: 1px solid rgba(141, 115, 74, 0.3);\n        width: 100%;\n    }\n    \n    .nigelux-ingredients-page th {\n        background: rgba(141, 115, 74, 0.2);\n        color: #8D734A;\n        padding: 12px;\n        border: 1px solid rgba(141, 115, 74, 0.3);\n        font-weight: 400;\n    }\n    \n    .nigelux-ingredients-page td {\n        padding: 10px;\n        border: 1px solid rgba(141, 115, 74, 0.2);\n    }\n    \n    .nigelux-ingredients-page tr:hover {\n        background: rgba(141, 115, 74, 0.1);\n    }\n    \n    .nigelux-ingredients-page .ingredient-detail {\n        background: rgba(141, 115, 74, 0.1);\n        padding: 20px;\n        margin-top: 10px;\n        border-left: 3px solid #8D734A;\n        display: none;\n    }\n    \n    .nigelux-ingredients-page .ingredient-detail.active {\n        display: block;\n    }\n    \n    .nigelux-ingredients-page .info-btn {\n        background: none;\n        border: none;\n        color: #8D734A;\n        cursor: pointer;\n        font-size: 1.2rem;\n        transition: transform 0.2s;\n    }\n    \n    .nigelux-ingredients-page .info-btn:hover {\n        transform: scale(1.2);\n    }\n    \n    .nigelux-ingredients-page .study-link {\n        display: inline-block;\n        padding: 4px 12px;\n        margin: 2px;\n        background: rgba(141, 115, 74, 0.2);\n        border: 1px solid rgba(141, 115, 74, 0.5);\n        border-radius: 4px;\n        color: #8D734A;\n        text-decoration: none;\n        font-size: 0.75rem;\n        transition: all 0.3s;\n    }\n    \n    .nigelux-ingredients-page .study-link:hover {\n        background: rgba(141, 115, 74, 0.3);\n        transform: translateY(-2px);\n    }\n<\/style>\n\n<div class=\"nigelux-ingredients-page\">\n    <div class=\"lang-switcher\">\n        <a href=\"\/en\/ingredients\/\" class=\"lang-link active\">FR<\/a>\n        <span class=\"lang-separator\">|<\/span>\n        <a href=\"\/en\/ingredients-en\/\" class=\"lang-link\">EN<\/a>\n    <\/div>\n\n    <div style=\"max-width: 72rem; margin: 0 auto;\">\n        <h1 class=\"cinzel\" style=\"font-size: clamp(2rem, 5vw, 3rem); text-align: center; margin-bottom: 2rem; color: #8D734A; letter-spacing: 0.1em;\">\n            Les ingr\u00e9dients de nos soins\n        <\/h1>\n        \n        <div style=\"margin-bottom: 3rem; text-align: center; max-width: 56rem; margin-left: auto; margin-right: auto;\">\n            <p style=\"font-size: 1.125rem; margin-bottom: 1.5rem; color: rgba(255, 255, 255, 0.8);\">\n                Chez NIGELUX, nous puisons dans un h\u00e9ritage pharaonique mill\u00e9naire pour cr\u00e9er des formules d'exception. Chaque ingr\u00e9dient est m\u00e9ticuleusement s\u00e9lectionn\u00e9 pour ses vertus authentiques, scientifiquement prouv\u00e9es, offrant une synergie unique qui r\u00e9v\u00e8le la force naturelle de vos cheveux.\n            <\/p>\n            <p class=\"cinzel\" style=\"font-style: italic; font-size: 1.25rem; margin-bottom: 2rem; color: #8D734A;\">\n                Des tr\u00e9sors naturels d'excellence, o\u00f9 tradition ancestrale et science moderne s'unissent pour une beaut\u00e9 capillaire incomparable\n            <\/p>\n        <\/div>\n\n        <div style=\"background: rgba(0, 0, 0, 0.4); border-radius: 0.5rem; padding: 1.5rem; margin-bottom: 3rem; border: 1px solid rgba(141, 115, 74, 0.3);\">\n            <h2 class=\"cinzel\" style=\"font-size: 1.5rem; margin-bottom: 1.5rem; text-align: center; color: #8D734A;\">\n                Propri\u00e9t\u00e9s de nos ingr\u00e9dients actifs\n            <\/h2>\n            \n            <div style=\"overflow-x: auto;\">\n                <table>\n                    <thead>\n                        <tr>\n                            <th style=\"text-align: left;\">Ingr\u00e9dient<\/th>\n                            <th style=\"text-align: center;\">Repousse<\/th>\n                            <th style=\"text-align: center;\">Anti-chute<\/th>\n                            <th style=\"text-align: center;\">Fortifiant<\/th>\n                            <th style=\"text-align: center;\">Anti-casse<\/th>\n                            <th style=\"text-align: center;\">\u00c9tudes<\/th>\n                            <th style=\"text-align: center;\">Info<\/th>\n                        <\/tr>\n                    <\/thead>\n                    <tbody>\n                        <tr>\n                            <td style=\"font-weight: 500;\">Huile de nigelle vierge bio<\/td>\n                            <td style=\"text-align: center;\">\u2713<\/td>\n                            <td style=\"text-align: center;\">\u2713<\/td>\n                            <td style=\"text-align: center;\">\u2713<\/td>\n                            <td style=\"text-align: center;\">\u2713<\/td>\n                            <td style=\"text-align: center;\">\n                                <a href=\"https:\/\/www.healthline.com\/health\/food-nutrition\/black-seed-oil-benefits\" target=\"_blank\" class=\"study-link\">Voir l'\u00e9tude 1<\/a>\n                                <a href=\"https:\/\/www.healthline.com\/health\/black-seed-oil-for-hair\" target=\"_blank\" class=\"study-link\">Voir l'\u00e9tude 2<\/a>\n                                <a href=\"https:\/\/www.scirp.org\/journal\/PaperInformation?PaperID=35882\" target=\"_blank\" class=\"study-link\">Voir l'\u00e9tude 3<\/a>\n                            <\/td>\n                            <td style=\"text-align: center;\">\n                                <button class=\"info-btn\" onclick=\"toggleIngredientDetail('blackseed')\">\u2139\ufe0f<\/button>\n                            <\/td>\n                        <\/tr>\n                        <tr>\n                            <td colspan=\"7\" style=\"padding: 0;\">\n                                <div id=\"blackseed\" class=\"ingredient-detail\">\n                                    <h3 class=\"cinzel\" style=\"font-size: 1.125rem; margin-bottom: 0.75rem; color: #8D734A;\">Huile de nigelle vierge bio<\/h3>\n                                    <p style=\"margin-bottom: 0.75rem; line-height: 1.75; text-align: justify;\">\n                                        Riche en acides gras essentiels et en thymoquinone, l'huile de nigelle (Nigella sativa) est reconnue depuis l'\u00c9gypte ancienne pour ses propri\u00e9t\u00e9s stimulantes du cuir chevelu et fortifiantes des follicules pileux. Surnomm\u00e9e \"l'or noir\", cette huile ancestrale \u00e9tait d\u00e9j\u00e0 utilis\u00e9e par Cl\u00e9op\u00e2tre pour maintenir la beaut\u00e9 de sa chevelure. Ses propri\u00e9t\u00e9s anti-inflammatoires et antioxydantes participent \u00e0 l'\u00e9quilibre du cuir chevelu, tandis que sa richesse en vitamines B, C, E et en min\u00e9raux comme le fer, le calcium et le zinc renforce la structure capillaire de l'int\u00e9rieur. Des \u00e9tudes r\u00e9centes ont confirm\u00e9 son efficacit\u00e9 pour am\u00e9liorer la densit\u00e9 capillaire et r\u00e9duire significativement la chute des cheveux apr\u00e8s 3 mois d'utilisation r\u00e9guli\u00e8re.\n                                    <\/p>\n                                <\/div>\n                            <\/td>\n                        <\/tr>\n                        \n                        <tr>\n                            <td style=\"font-weight: 500;\">Huile essentielle de romarin<\/td>\n                            <td style=\"text-align: center;\">\u2713<\/td>\n                            <td style=\"text-align: center;\">\u2713<\/td>\n                            <td style=\"text-align: center;\">\u2713<\/td>\n                            <td style=\"text-align: center;\">\u2713<\/td>\n                            <td style=\"text-align: center;\">\n                                <a href=\"https:\/\/pubmed.ncbi.nlm.nih.gov\/25842469\" target=\"_blank\" class=\"study-link\">Voir l'\u00e9tude<\/a>\n                            <\/td>\n                            <td style=\"text-align: center;\">\n                                <button class=\"info-btn\" onclick=\"toggleIngredientDetail('rosemary')\">\u2139\ufe0f<\/button>\n                            <\/td>\n                        <\/tr>\n                        <tr>\n                            <td colspan=\"7\" style=\"padding: 0;\">\n                                <div id=\"rosemary\" class=\"ingredient-detail\">\n                                    <h3 class=\"cinzel\" style=\"font-size: 1.125rem; margin-bottom: 0.75rem; color: #8D734A;\">Huile essentielle de romarin<\/h3>\n                                    <p style=\"margin-bottom: 0.75rem; line-height: 1.75; text-align: justify;\">\n                                        Connue depuis l'Antiquit\u00e9 pour stimuler la circulation sanguine du cuir chevelu, l'huile essentielle de romarin (Rosmarinus officinalis) favorise la croissance des cheveux, pr\u00e9vient leur chute pr\u00e9matur\u00e9e et renforce leur structure. Des recherches scientifiques r\u00e9centes ont d\u00e9montr\u00e9 que le romarin est aussi efficace que le minoxidil (m\u00e9dicament de r\u00e9f\u00e9rence contre la chute des cheveux) mais sans effets secondaires ind\u00e9sirables. Cette puissance provient de ses compos\u00e9s actifs comme l'acide rosmarinique, l'acide carnosique et le cin\u00e9ol qui poss\u00e8dent des propri\u00e9t\u00e9s antioxydantes et anti-inflammatoires exceptionnelles. Le romarin augmente la dilatation des vaisseaux sanguins du cuir chevelu, apportant davantage de nutriments et d'oxyg\u00e8ne aux follicules pileux. Cette stimulation microcirculatoire prolonge la phase de croissance (anag\u00e8ne) du cycle capillaire et retarde la phase de chute. Utilis\u00e9e dans les traditions m\u00e9diterran\u00e9ennes depuis des si\u00e8cles, cette huile essentielle est \u00e9galement reconnue pour ses propri\u00e9t\u00e9s antiseptiques qui assainissent le cuir chevelu, combattant efficacement les pellicules et d\u00e9mangeaisons.\n                                    <\/p>\n                                <\/div>\n                            <\/td>\n                        <\/tr>\n                        \n                        <!-- Continuez avec les autres ingr\u00e9dients... -->\n                        <!-- Pour gagner de la place, je vous montre la structure. Ajoutez tous les autres ingr\u00e9dients de la m\u00eame mani\u00e8re -->\n                        \n                    <\/tbody>\n                <\/table>\n            <\/div>\n            \n            <p style=\"font-size: 0.875rem; font-style: italic; margin-top: 1.5rem; text-align: center; color: rgba(255, 255, 255, 0.6);\">\n                Cliquez sur l'ic\u00f4ne d'information pour d\u00e9couvrir les bienfaits de chaque ingr\u00e9dient\n            <\/p>\n        <\/div>\n\n        <div style=\"text-align: center; margin-top: 3rem;\">\n            <p style=\"font-size: 0.875rem; color: rgba(255, 255, 255, 0.5);\">\n                Tous nos ingr\u00e9dients sont d'origine naturelle et issus de l'agriculture biologique quand c'est possible.\n            <\/p>\n        <\/div>\n    <\/div>\n<\/div>\n\n<script>\nfunction toggleIngredientDetail(id) {\n    const detail = document.getElementById(id);\n    const allDetails = document.querySelectorAll('.ingredient-detail');\n    \n    allDetails.forEach(d => {\n        if (d.id !== id) {\n            d.classList.remove('active');\n        }\n    });\n    \n    detail.classList.toggle('active');\n}\n<\/script>\n\t\t\t\t<\/div>\n\t\t\t\t<\/div>\n\t\t\t\t<\/div>","protected":false},"excerpt":{"rendered":"<p>FR | EN Les ingr\u00e9dients de nos soins Chez NIGELUX, nous puisons dans un h\u00e9ritage pharaonique mill\u00e9naire pour cr\u00e9er des formules d&rsquo;exception. Chaque ingr\u00e9dient est m\u00e9ticuleusement s\u00e9lectionn\u00e9 pour ses vertus authentiques, scientifiquement prouv\u00e9es, offrant une synergie unique qui r\u00e9v\u00e8le la force naturelle de vos cheveux. Des tr\u00e9sors naturels d&rsquo;excellence, o\u00f9 tradition ancestrale et science moderne [&hellip;]<\/p>\n","protected":false},"author":1,"featured_media":0,"parent":0,"menu_order":0,"comment_status":"closed","ping_status":"closed","template":"","meta":{"_glsr_average":0,"_glsr_ranking":0,"_glsr_reviews":0,"footnotes":""},"class_list":["post-1394","page","type-page","status-publish","hentry"],"_links":{"self":[{"href":"https:\/\/nigelux.com\/en\/wp-json\/wp\/v2\/pages\/1394","targetHints":{"allow":["GET"]}}],"collection":[{"href":"https:\/\/nigelux.com\/en\/wp-json\/wp\/v2\/pages"}],"about":[{"href":"https:\/\/nigelux.com\/en\/wp-json\/wp\/v2\/types\/page"}],"author":[{"embeddable":true,"href":"https:\/\/nigelux.com\/en\/wp-json\/wp\/v2\/users\/1"}],"replies":[{"embeddable":true,"href":"https:\/\/nigelux.com\/en\/wp-json\/wp\/v2\/comments?post=1394"}],"version-history":[{"count":8,"href":"https:\/\/nigelux.com\/en\/wp-json\/wp\/v2\/pages\/1394\/revisions"}],"predecessor-version":[{"id":1404,"href":"https:\/\/nigelux.com\/en\/wp-json\/wp\/v2\/pages\/1394\/revisions\/1404"}],"wp:attachment":[{"href":"https:\/\/nigelux.com\/en\/wp-json\/wp\/v2\/media?parent=1394"}],"curies":[{"name":"wp","href":"https:\/\/api.w.org\/{rel}","templated":true}]}}